{"id":12,"date":"2026-03-17T02:14:29","date_gmt":"2026-03-17T02:14:29","guid":{"rendered":"http:\/\/dubi.123websitedev.com\/?page_id=12"},"modified":"2026-04-16T07:50:28","modified_gmt":"2026-04-16T07:50:28","slug":"trang-chu","status":"publish","type":"page","link":"https:\/\/giochaducbinh.vn\/en\/","title":{"rendered":"Homepage"},"content":{"rendered":"","protected":false},"excerpt":{"rendered":"","protected":false},"author":1,"featured_media":0,"parent":0,"menu_order":0,"comment_status":"closed","ping_status":"closed","template":"page-templates\/template-homepage.php","meta":{"footnotes":""},"class_list":["post-12","page","type-page","status-publish","hentry"],"yoast_head":"<!-- This site is optimized with the Yoast SEO Premium plugin v20.9 (Yoast SEO v20.9) - https:\/\/yoast.com\/wordpress\/plugins\/seo\/ -->\n<title>Trang ch\u1ee7 - Gi\u00f2 Ch\u1ea3 \u0110\u1ee9c B\u00ecnh<\/title>\n<meta name=\"description\" content=\"Gi\u00f2 Ch\u1ea3 \u0110\u1ee9c B\u00ecnh l\u00e0 th\u01b0\u01a1ng hi\u1ec7u gi\u00f2 ch\u1ea3 truy\u1ec1n th\u1ed1ng \u0111\u01b0\u1ee3c x\u00e2y d\u1ef1ng t\u1eeb tay ngh\u1ec1 c\u1ee7a Nguy\u1ec5n \u0110\u1ee9c B\u00ecnh t\u1eeb n\u0103m 1982 \u2013 m\u1ed9t ngh\u1ec7 nh\u00e2n l\u00e2u n\u0103m c\u1ee7a l\u00e0ng ngh\u1ec1 \u01af\u1edbc L\u1ec5, n\u01a1i n\u1ed5i ti\u1ebfng v\u1edbi ngh\u1ec1 l\u00e0m gi\u00f2 ch\u1ea3 h\u00e0ng tr\u0103m n\u0103m nay.\" \/>\n<meta name=\"robots\" content=\"index, follow, max-snippet:-1, max-image-preview:large, max-video-preview:-1\" \/>\n<link rel=\"canonical\" href=\"https:\/\/giochaducbinh.vn\/en\/\" \/>\n<meta property=\"og:locale\" content=\"en_US\" \/>\n<meta property=\"og:type\" content=\"article\" \/>\n<meta property=\"og:title\" content=\"Gi\u00f2 Ch\u1ea3 \u0110\u1ee9c B\u00ecnh\" \/>\n<meta property=\"og:description\" content=\"Gi\u00f2 Ch\u1ea3 \u0110\u1ee9c B\u00ecnh l\u00e0 th\u01b0\u01a1ng hi\u1ec7u gi\u00f2 ch\u1ea3 truy\u1ec1n th\u1ed1ng \u0111\u01b0\u1ee3c x\u00e2y d\u1ef1ng t\u1eeb tay ngh\u1ec1 c\u1ee7a Nguy\u1ec5n \u0110\u1ee9c B\u00ecnh t\u1eeb n\u0103m 1982 \u2013 m\u1ed9t ngh\u1ec7 nh\u00e2n l\u00e2u n\u0103m c\u1ee7a l\u00e0ng ngh\u1ec1 \u01af\u1edbc L\u1ec5, n\u01a1i n\u1ed5i ti\u1ebfng v\u1edbi ngh\u1ec1 l\u00e0m gi\u00f2 ch\u1ea3 h\u00e0ng tr\u0103m n\u0103m nay.\" \/>\n<meta property=\"og:url\" content=\"https:\/\/giochaducbinh.vn\/en\/\" \/>\n<meta property=\"og:site_name\" content=\"Gi\u00f2 Ch\u1ea3 \u0110\u1ee9c B\u00ecnh\" \/>\n<meta property=\"article:modified_time\" content=\"2026-04-16T07:50:28+00:00\" \/>\n<meta property=\"og:image\" content=\"https:\/\/giochaducbinh.vn\/wp-content\/uploads\/2026\/03\/cropped-Logo-01-Gio-Cha-Duc-Binh-scaled-2.png\" \/>\n\t<meta property=\"og:image:width\" content=\"512\" \/>\n\t<meta property=\"og:image:height\" content=\"512\" \/>\n\t<meta property=\"og:image:type\" content=\"image\/png\" \/>\n<meta name=\"twitter:card\" content=\"summary_large_image\" \/>\n<meta name=\"twitter:title\" content=\"Gi\u00f2 Ch\u1ea3 \u0110\u1ee9c B\u00ecnh\" \/>\n<meta name=\"twitter:description\" content=\"Gi\u00f2 Ch\u1ea3 \u0110\u1ee9c B\u00ecnh l\u00e0 th\u01b0\u01a1ng hi\u1ec7u gi\u00f2 ch\u1ea3 truy\u1ec1n th\u1ed1ng \u0111\u01b0\u1ee3c x\u00e2y d\u1ef1ng t\u1eeb tay ngh\u1ec1 c\u1ee7a Nguy\u1ec5n \u0110\u1ee9c B\u00ecnh t\u1eeb n\u0103m 1982 \u2013 m\u1ed9t ngh\u1ec7 nh\u00e2n l\u00e2u n\u0103m c\u1ee7a l\u00e0ng ngh\u1ec1 \u01af\u1edbc L\u1ec5, n\u01a1i n\u1ed5i ti\u1ebfng v\u1edbi ngh\u1ec1 l\u00e0m gi\u00f2 ch\u1ea3 h\u00e0ng tr\u0103m n\u0103m nay.\" \/>\n<script type=\"application\/ld+json\" class=\"yoast-schema-graph\">{\"@context\":\"https:\/\/schema.org\",\"@graph\":[{\"@type\":\"WebPage\",\"@id\":\"https:\/\/giochaducbinh.vn\/\",\"url\":\"https:\/\/giochaducbinh.vn\/\",\"name\":\"Trang ch\u1ee7 - Gi\u00f2 Ch\u1ea3 \u0110\u1ee9c B\u00ecnh\",\"isPartOf\":{\"@id\":\"https:\/\/giochaducbinh.vn\/#website\"},\"datePublished\":\"2026-03-17T02:14:29+00:00\",\"dateModified\":\"2026-04-16T07:50:28+00:00\",\"description\":\"Gi\u00f2 Ch\u1ea3 \u0110\u1ee9c B\u00ecnh l\u00e0 th\u01b0\u01a1ng hi\u1ec7u gi\u00f2 ch\u1ea3 truy\u1ec1n th\u1ed1ng \u0111\u01b0\u1ee3c x\u00e2y d\u1ef1ng t\u1eeb tay ngh\u1ec1 c\u1ee7a Nguy\u1ec5n \u0110\u1ee9c B\u00ecnh t\u1eeb n\u0103m 1982 \u2013 m\u1ed9t ngh\u1ec7 nh\u00e2n l\u00e2u n\u0103m c\u1ee7a l\u00e0ng ngh\u1ec1 \u01af\u1edbc L\u1ec5, n\u01a1i n\u1ed5i ti\u1ebfng v\u1edbi ngh\u1ec1 l\u00e0m gi\u00f2 ch\u1ea3 h\u00e0ng tr\u0103m n\u0103m nay.\",\"breadcrumb\":{\"@id\":\"https:\/\/giochaducbinh.vn\/#breadcrumb\"},\"inLanguage\":\"en-US\",\"potentialAction\":[{\"@type\":\"ReadAction\",\"target\":[\"https:\/\/giochaducbinh.vn\/\"]}]},{\"@type\":\"BreadcrumbList\",\"@id\":\"https:\/\/giochaducbinh.vn\/#breadcrumb\",\"itemListElement\":[{\"@type\":\"ListItem\",\"position\":1,\"name\":\"Home\",\"item\":\"https:\/\/giochaducbinh.vn\/\"},{\"@type\":\"ListItem\",\"position\":2,\"name\":\"Trang ch\u1ee7\"}]},{\"@type\":\"WebSite\",\"@id\":\"https:\/\/giochaducbinh.vn\/#website\",\"url\":\"https:\/\/giochaducbinh.vn\/\",\"name\":\"Gi\u00f2 Ch\u1ea3 \u0110\u1ee9c B\u00ecnh\",\"description\":\"B\u00ed quy\u1ebft gia truy\u1ec1n, h\u01b0\u01a1ng v\u1ecb \u0111\u1ed9c nh\u1ea5t\",\"potentialAction\":[{\"@type\":\"SearchAction\",\"target\":{\"@type\":\"EntryPoint\",\"urlTemplate\":\"https:\/\/giochaducbinh.vn\/?s={search_term_string}\"},\"query-input\":\"required name=search_term_string\"}],\"inLanguage\":\"en-US\"}]}<\/script>\n<!-- \/ Yoast SEO Premium plugin. -->","yoast_head_json":{"title":"Trang ch\u1ee7 - Gi\u00f2 Ch\u1ea3 \u0110\u1ee9c B\u00ecnh","description":"Gi\u00f2 Ch\u1ea3 \u0110\u1ee9c B\u00ecnh l\u00e0 th\u01b0\u01a1ng hi\u1ec7u gi\u00f2 ch\u1ea3 truy\u1ec1n th\u1ed1ng \u0111\u01b0\u1ee3c x\u00e2y d\u1ef1ng t\u1eeb tay ngh\u1ec1 c\u1ee7a Nguy\u1ec5n \u0110\u1ee9c B\u00ecnh t\u1eeb n\u0103m 1982 \u2013 m\u1ed9t ngh\u1ec7 nh\u00e2n l\u00e2u n\u0103m c\u1ee7a l\u00e0ng ngh\u1ec1 \u01af\u1edbc L\u1ec5, n\u01a1i n\u1ed5i ti\u1ebfng v\u1edbi ngh\u1ec1 l\u00e0m gi\u00f2 ch\u1ea3 h\u00e0ng tr\u0103m n\u0103m nay.","robots":{"index":"index","follow":"follow","max-snippet":"max-snippet:-1","max-image-preview":"max-image-preview:large","max-video-preview":"max-video-preview:-1"},"canonical":"https:\/\/giochaducbinh.vn\/en\/","og_locale":"en_US","og_type":"article","og_title":"Gi\u00f2 Ch\u1ea3 \u0110\u1ee9c B\u00ecnh","og_description":"Gi\u00f2 Ch\u1ea3 \u0110\u1ee9c B\u00ecnh l\u00e0 th\u01b0\u01a1ng hi\u1ec7u gi\u00f2 ch\u1ea3 truy\u1ec1n th\u1ed1ng \u0111\u01b0\u1ee3c x\u00e2y d\u1ef1ng t\u1eeb tay ngh\u1ec1 c\u1ee7a Nguy\u1ec5n \u0110\u1ee9c B\u00ecnh t\u1eeb n\u0103m 1982 \u2013 m\u1ed9t ngh\u1ec7 nh\u00e2n l\u00e2u n\u0103m c\u1ee7a l\u00e0ng ngh\u1ec1 \u01af\u1edbc L\u1ec5, n\u01a1i n\u1ed5i ti\u1ebfng v\u1edbi ngh\u1ec1 l\u00e0m gi\u00f2 ch\u1ea3 h\u00e0ng tr\u0103m n\u0103m nay.","og_url":"https:\/\/giochaducbinh.vn\/en\/","og_site_name":"Gi\u00f2 Ch\u1ea3 \u0110\u1ee9c B\u00ecnh","article_modified_time":"2026-04-16T07:50:28+00:00","og_image":[{"width":512,"height":512,"url":"https:\/\/giochaducbinh.vn\/wp-content\/uploads\/2026\/03\/cropped-Logo-01-Gio-Cha-Duc-Binh-scaled-2.png","type":"image\/png"}],"twitter_card":"summary_large_image","twitter_title":"Gi\u00f2 Ch\u1ea3 \u0110\u1ee9c B\u00ecnh","twitter_description":"Gi\u00f2 Ch\u1ea3 \u0110\u1ee9c B\u00ecnh l\u00e0 th\u01b0\u01a1ng hi\u1ec7u gi\u00f2 ch\u1ea3 truy\u1ec1n th\u1ed1ng \u0111\u01b0\u1ee3c x\u00e2y d\u1ef1ng t\u1eeb tay ngh\u1ec1 c\u1ee7a Nguy\u1ec5n \u0110\u1ee9c B\u00ecnh t\u1eeb n\u0103m 1982 \u2013 m\u1ed9t ngh\u1ec7 nh\u00e2n l\u00e2u n\u0103m c\u1ee7a l\u00e0ng ngh\u1ec1 \u01af\u1edbc L\u1ec5, n\u01a1i n\u1ed5i ti\u1ebfng v\u1edbi ngh\u1ec1 l\u00e0m gi\u00f2 ch\u1ea3 h\u00e0ng tr\u0103m n\u0103m nay.","schema":{"@context":"https:\/\/schema.org","@graph":[{"@type":"WebPage","@id":"https:\/\/giochaducbinh.vn\/","url":"https:\/\/giochaducbinh.vn\/","name":"Trang ch\u1ee7 - Gi\u00f2 Ch\u1ea3 \u0110\u1ee9c B\u00ecnh","isPartOf":{"@id":"https:\/\/giochaducbinh.vn\/#website"},"datePublished":"2026-03-17T02:14:29+00:00","dateModified":"2026-04-16T07:50:28+00:00","description":"Gi\u00f2 Ch\u1ea3 \u0110\u1ee9c B\u00ecnh l\u00e0 th\u01b0\u01a1ng hi\u1ec7u gi\u00f2 ch\u1ea3 truy\u1ec1n th\u1ed1ng \u0111\u01b0\u1ee3c x\u00e2y d\u1ef1ng t\u1eeb tay ngh\u1ec1 c\u1ee7a Nguy\u1ec5n \u0110\u1ee9c B\u00ecnh t\u1eeb n\u0103m 1982 \u2013 m\u1ed9t ngh\u1ec7 nh\u00e2n l\u00e2u n\u0103m c\u1ee7a l\u00e0ng ngh\u1ec1 \u01af\u1edbc L\u1ec5, n\u01a1i n\u1ed5i ti\u1ebfng v\u1edbi ngh\u1ec1 l\u00e0m gi\u00f2 ch\u1ea3 h\u00e0ng tr\u0103m n\u0103m nay.","breadcrumb":{"@id":"https:\/\/giochaducbinh.vn\/#breadcrumb"},"inLanguage":"en-US","potentialAction":[{"@type":"ReadAction","target":["https:\/\/giochaducbinh.vn\/"]}]},{"@type":"BreadcrumbList","@id":"https:\/\/giochaducbinh.vn\/#breadcrumb","itemListElement":[{"@type":"ListItem","position":1,"name":"Home","item":"https:\/\/giochaducbinh.vn\/"},{"@type":"ListItem","position":2,"name":"Trang ch\u1ee7"}]},{"@type":"WebSite","@id":"https:\/\/giochaducbinh.vn\/#website","url":"https:\/\/giochaducbinh.vn\/","name":"Gi\u00f2 Ch\u1ea3 \u0110\u1ee9c B\u00ecnh","description":"B\u00ed quy\u1ebft gia truy\u1ec1n, h\u01b0\u01a1ng v\u1ecb \u0111\u1ed9c nh\u1ea5t","potentialAction":[{"@type":"SearchAction","target":{"@type":"EntryPoint","urlTemplate":"https:\/\/giochaducbinh.vn\/?s={search_term_string}"},"query-input":"required name=search_term_string"}],"inLanguage":"en-US"}]}},"_links":{"self":[{"href":"https:\/\/giochaducbinh.vn\/en\/wp-json\/wp\/v2\/pages\/12","targetHints":{"allow":["GET"]}}],"collection":[{"href":"https:\/\/giochaducbinh.vn\/en\/wp-json\/wp\/v2\/pages"}],"about":[{"href":"https:\/\/giochaducbinh.vn\/en\/wp-json\/wp\/v2\/types\/page"}],"author":[{"embeddable":true,"href":"https:\/\/giochaducbinh.vn\/en\/wp-json\/wp\/v2\/users\/1"}],"replies":[{"embeddable":true,"href":"https:\/\/giochaducbinh.vn\/en\/wp-json\/wp\/v2\/comments?post=12"}],"version-history":[{"count":1,"href":"https:\/\/giochaducbinh.vn\/en\/wp-json\/wp\/v2\/pages\/12\/revisions"}],"predecessor-version":[{"id":13,"href":"https:\/\/giochaducbinh.vn\/en\/wp-json\/wp\/v2\/pages\/12\/revisions\/13"}],"wp:attachment":[{"href":"https:\/\/giochaducbinh.vn\/en\/wp-json\/wp\/v2\/media?parent=12"}],"curies":[{"name":"wp","href":"https:\/\/api.w.org\/{rel}","templated":true}]}}