{"id":213,"date":"2026-04-01T08:43:02","date_gmt":"2026-04-01T08:43:02","guid":{"rendered":"https:\/\/dubi.123websitedev.com\/?page_id=213"},"modified":"2026-04-01T08:53:40","modified_gmt":"2026-04-01T08:53:40","slug":"chinh-sach-doi-tra","status":"publish","type":"page","link":"https:\/\/giochaducbinh.vn\/en\/chinh-sach-doi-tra\/","title":{"rendered":"Return and exchange policy"},"content":{"rendered":"<h1 id=\"user-content-ch\u00ednh-s\u00e1ch-\u0111\u1ed5i-tr\u1ea3--ho\u00e0n-ti\u1ec1n\">CH\u00cdNH S\u00c1CH \u0110\u1ed4I TR\u1ea2 &amp; HO\u00c0N TI\u1ec0N<\/h1>\n<p>T\u1ea1i\u00a0<strong>Gi\u00f2 Ch\u1ea3 \u0110\u1ee9c B\u00ecnh<\/strong>, ch\u00fang t\u00f4i tr\u00e2n tr\u1ecdng s\u1ef1 tin t\u01b0\u1edfng c\u1ee7a Qu\u00fd kh\u00e1ch khi l\u1ef1a ch\u1ecdn tinh hoa gi\u00f2 ch\u1ea3 l\u00e0ng ngh\u1ec1 \u01af\u1edbc L\u1ec5. V\u1edbi s\u1ee9 m\u1ec7nh g\u00ecn gi\u1eef h\u01b0\u01a1ng v\u1ecb truy\u1ec1n th\u1ed1ng v\u00e0 \u0111\u1eb7t uy t\u00edn l\u00ean h\u00e0ng \u0111\u1ea7u, ch\u00fang t\u00f4i cam k\u1ebft mang \u0111\u1ebfn nh\u1eefng s\u1ea3n ph\u1ea9m t\u01b0\u01a1i ngon, an to\u00e0n nh\u1ea5t.<\/p>\n<p>Nh\u1eb1m \u0111\u1ea3m b\u1ea3o quy\u1ec1n l\u1ee3i kh\u00e1ch h\u00e0ng, \u0110\u1ee9c B\u00ecnh \u00e1p d\u1ee5ng ch\u00ednh s\u00e1ch \u0111\u1ed5i tr\u1ea3 linh ho\u1ea1t cho c\u00e1c tr\u01b0\u1eddng h\u1ee3p sai s\u00f3t t\u1eeb ph\u00eda nh\u00e0 s\u1ea3n xu\u1ea5t ho\u1eb7c v\u1eadn chuy\u1ec3n.<\/p>\n<h2 id=\"user-content-1-\u0111i\u1ec1u-ki\u1ec7n-\u0111\u1ed5i-tr\u1ea3-s\u1ea3n-ph\u1ea9m\">1. \u0110i\u1ec1u ki\u1ec7n \u0111\u1ed5i tr\u1ea3 s\u1ea3n ph\u1ea9m<\/h2>\n<p>Do \u0111\u1eb7c th\u00f9 l\u00e0 h\u00e0ng th\u1ef1c ph\u1ea9m t\u01b0\u01a1i v\u00e0 ch\u1ebf bi\u1ebfn s\u1eb5n, Qu\u00fd kh\u00e1ch vui l\u00f2ng ki\u1ec3m tra k\u1ef9 s\u1ea3n ph\u1ea9m ngay khi nh\u1eadn h\u00e0ng. \u0110\u1ee9c B\u00ecnh ch\u1ea5p nh\u1eadn \u0111\u1ed5i tr\u1ea3 trong c\u00e1c tr\u01b0\u1eddng h\u1ee3p sau:<\/p>\n<ul>\n<li><strong>S\u1ea3n ph\u1ea9m kh\u00f4ng \u0111\u1ea3m b\u1ea3o ch\u1ea5t l\u01b0\u1ee3ng:<\/strong>\u00a0Gi\u00f2 ch\u1ea3 c\u00f3 hi\u1ec7n t\u01b0\u1ee3ng chua, h\u1ecfng, c\u00f3 m\u00f9i l\u1ea1 ho\u1eb7c bi\u1ebfn m\u00e0u d\u00f9 v\u1eabn trong th\u1eddi h\u1ea1n s\u1eed d\u1ee5ng v\u00e0 \u0111\u00e3 \u0111\u01b0\u1ee3c b\u1ea3o qu\u1ea3n \u0111\u00fang h\u01b0\u1edbng d\u1eabn.<\/li>\n<li><strong>Giao sai m\u1eabu m\u00e3, ch\u1ee7ng lo\u1ea1i:<\/strong>\u00a0S\u1ea3n ph\u1ea9m nh\u1eadn \u0111\u01b0\u1ee3c kh\u00f4ng \u0111\u00fang v\u1edbi \u0111\u01a1n h\u00e0ng \u0111\u00e3 \u0111\u1eb7t (v\u00ed d\u1ee5: \u0111\u1eb7t Ch\u1ea3 C\u1ed1m nh\u01b0ng giao Ch\u1ea3 Qu\u1ebf).<\/li>\n<li><strong>Thi\u1ebfu h\u1ee5t s\u1ed1 l\u01b0\u1ee3ng\/Tr\u1ecdng l\u01b0\u1ee3ng:<\/strong>\u00a0S\u1ea3n ph\u1ea9m b\u1ecb thi\u1ebfu s\u1ed1 l\u01b0\u1ee3ng ho\u1eb7c kh\u00f4ng \u0111\u00fang tr\u1ecdng l\u01b0\u1ee3ng cam k\u1ebft trong \u0111\u01a1n h\u00e0ng.<\/li>\n<li><strong>L\u1ed7i do v\u1eadn chuy\u1ec3n:<\/strong>\u00a0S\u1ea3n ph\u1ea9m b\u1ecb r\u00e1ch bao b\u00ec, m\u00f3p m\u00e9o nghi\u00eam tr\u1ecdng \u1ea3nh h\u01b0\u1edfng \u0111\u1ebfn ch\u1ea5t l\u01b0\u1ee3ng b\u00ean trong trong qu\u00e1 tr\u00ecnh v\u1eadn chuy\u1ec3n.<\/li>\n<\/ul>\n<h2 id=\"user-content-2-c\u00e1c-tr\u01b0\u1eddng-h\u1ee3p-kh\u00f4ng-\u00e1p-d\u1ee5ng-\u0111\u1ed5i-tr\u1ea3\">2. C\u00e1c tr\u01b0\u1eddng h\u1ee3p kh\u00f4ng \u00e1p d\u1ee5ng \u0111\u1ed5i tr\u1ea3<\/h2>\n<ul>\n<li>Kh\u00e1ch h\u00e0ng b\u1ea3o qu\u1ea3n s\u1ea3n ph\u1ea9m kh\u00f4ng \u0111\u00fang quy c\u00e1ch d\u1eabn \u0111\u1ebfn h\u01b0 h\u1ecfng (kh\u00f4ng \u0111\u1ec3 ng\u0103n m\u00e1t\/ng\u0103n \u0111\u00e1 theo h\u01b0\u1edbng d\u1eabn tr\u00ean bao b\u00ec).<\/li>\n<li>S\u1ea3n ph\u1ea9m \u0111\u00e3 qu\u00e1 h\u1ea1n s\u1eed d\u1ee5ng k\u1ec3 t\u1eeb ng\u00e0y nh\u1eadn h\u00e0ng.<\/li>\n<li>S\u1ea3n ph\u1ea9m \u0111\u00e3 \u0111\u01b0\u1ee3c m\u1edf bao b\u00ec v\u00e0 s\u1eed d\u1ee5ng m\u1ed9t ph\u1ea7n nh\u01b0ng kh\u00f4ng c\u00f3 l\u1ed7i v\u1ec1 ch\u1ea5t l\u01b0\u1ee3ng.<\/li>\n<li>Kh\u00e1ch h\u00e0ng thay \u0111\u1ed5i \u00fd \u0111\u1ecbnh mua h\u00e0ng sau khi s\u1ea3n ph\u1ea9m \u0111\u00e3 \u0111\u01b0\u1ee3c giao th\u00e0nh c\u00f4ng v\u00e0 kh\u00f4ng c\u00f3 l\u1ed7i t\u1eeb ph\u00eda nh\u00e0 s\u1ea3n xu\u1ea5t.<\/li>\n<\/ul>\n<h2 id=\"user-content-3-th\u1eddi-gian-v\u00e0-quy-tr\u00ecnh-th\u00f4ng-b\u00e1o-\u0111\u1ed5i-tr\u1ea3\">3. Th\u1eddi gian v\u00e0 Quy tr\u00ecnh th\u00f4ng b\u00e1o \u0111\u1ed5i tr\u1ea3<\/h2>\n<p>V\u00ec l\u00e0 th\u1ef1c ph\u1ea9m c\u00f3 th\u1eddi h\u1ea1n b\u1ea3o qu\u1ea3n ng\u1eafn, Qu\u00fd kh\u00e1ch vui l\u00f2ng ph\u1ea3n h\u1ed3i s\u1edbm nh\u1ea5t \u0111\u1ec3 \u0111\u01b0\u1ee3c h\u1ed7 tr\u1ee3 t\u1ed1t nh\u1ea5t:<\/p>\n<ul>\n<li><strong>Th\u1eddi gian ph\u1ea3n h\u1ed3i:<\/strong>\u00a0Trong v\u00f2ng\u00a0<strong>04 gi\u1edd<\/strong>\u00a0k\u1ec3 t\u1eeb khi nh\u1eadn h\u00e0ng \u0111\u1ed1i v\u1edbi h\u00e0ng t\u01b0\u01a1i\/ngu\u1ed9i v\u00e0 trong v\u00f2ng\u00a0<strong>24 gi\u1edd<\/strong>\u00a0\u0111\u1ed1i v\u1edbi h\u00e0ng \u0111\u00f4ng l\u1ea1nh.<\/li>\n<li><strong>Y\u00eau c\u1ea7u b\u1eb1ng ch\u1ee9ng:<\/strong>\u00a0Qu\u00fd kh\u00e1ch vui l\u00f2ng cung c\u1ea5p h\u00ecnh \u1ea3nh ho\u1eb7c video quay l\u1ea1i t\u00ecnh tr\u1ea1ng s\u1ea3n ph\u1ea9m ngay l\u00fac ph\u00e1t hi\u1ec7n l\u1ed7i.<\/li>\n<\/ul>\n<p><strong>C\u00e1c b\u01b0\u1edbc th\u1ef1c hi\u1ec7n:<\/strong><\/p>\n<ol>\n<li>Li\u00ean h\u1ec7 Hotline: 0971617988 ho\u1eb7c nh\u1eafn tin qua Fanpage Gi\u00f2 Ch\u1ea3 \u0110\u1ee9c B\u00ecnh.<\/li>\n<li>Cung c\u1ea5p m\u00e3 \u0111\u01a1n h\u00e0ng v\u00e0 h\u00ecnh \u1ea3nh s\u1ea3n ph\u1ea9m l\u1ed7i.<\/li>\n<li>B\u1ed9 ph\u1eadn ch\u0103m s\u00f3c kh\u00e1ch h\u00e0ng s\u1ebd x\u00e1c nh\u1eadn v\u00e0 ti\u1ebfn h\u00e0nh \u0111\u1ed5i m\u1edbi ho\u1eb7c ho\u00e0n ti\u1ec1n trong v\u00f2ng 24h l\u00e0m vi\u1ec7c.<\/li>\n<\/ol>\n<h2 id=\"user-content-4-ph\u01b0\u01a1ng-th\u1ee9c-ho\u00e0n-ti\u1ec1n\">4. Ph\u01b0\u01a1ng th\u1ee9c ho\u00e0n ti\u1ec1n<\/h2>\n<p>Trong tr\u01b0\u1eddng h\u1ee3p Qu\u00fd kh\u00e1ch kh\u00f4ng c\u00f3 nhu c\u1ea7u \u0111\u1ed5i s\u1ea3n ph\u1ea9m m\u1edbi, ch\u00fang t\u00f4i s\u1ebd ho\u00e0n tr\u1ea3 ti\u1ec1n qua c\u00e1c ph\u01b0\u01a1ng th\u1ee9c:<\/p>\n<ul>\n<li>Chuy\u1ec3n kho\u1ea3n ng\u00e2n h\u00e0ng.<\/li>\n<li>Ho\u00e0n ti\u1ec1n tr\u1ef1c ti\u1ebfp (n\u1ebfu mua t\u1ea1i c\u1eeda h\u00e0ng).<\/li>\n<\/ul>\n<hr \/>\n<blockquote><p><strong>Gi\u00f2 Ch\u1ea3 \u0110\u1ee9c B\u00ecnh &#8211; Gi\u1eef tr\u1ecdn h\u01b0\u01a1ng v\u1ecb, Tr\u1ecdn ni\u1ec1m tin.<\/strong>\u00a0M\u1ecdi th\u1eafc m\u1eafc v\u1ec1 ch\u00ednh s\u00e1ch, xin vui l\u00f2ng li\u00ean h\u1ec7 tr\u1ef1c ti\u1ebfp \u0111\u1ec3 \u0111\u01b0\u1ee3c ngh\u1ec7 nh\u00e2n v\u00e0 \u0111\u1ed9i ng\u0169 h\u1ed7 tr\u1ee3 nhanh nh\u1ea5t.<\/p><\/blockquote>","protected":false},"excerpt":{"rendered":"<p>CH\u00cdNH S\u00c1CH \u0110\u1ed4I TR\u1ea2 &amp; HO\u00c0N TI\u1ec0N T\u1ea1i\u00a0Gi\u00f2 Ch\u1ea3 \u0110\u1ee9c B\u00ecnh, ch\u00fang t\u00f4i tr\u00e2n tr\u1ecdng s\u1ef1 tin t\u01b0\u1edfng c\u1ee7a Qu\u00fd kh\u00e1ch khi l\u1ef1a ch\u1ecdn tinh hoa gi\u00f2 ch\u1ea3 l\u00e0ng ngh\u1ec1 \u01af\u1edbc L\u1ec5. V\u1edbi s\u1ee9 m\u1ec7nh g\u00ecn gi\u1eef h\u01b0\u01a1ng v\u1ecb truy\u1ec1n th\u1ed1ng v\u00e0 \u0111\u1eb7t uy t\u00edn l\u00ean h\u00e0ng \u0111\u1ea7u, ch\u00fang t\u00f4i cam k\u1ebft mang \u0111\u1ebfn nh\u1eefng [&hellip;]<\/p>","protected":false},"author":1,"featured_media":0,"parent":0,"menu_order":0,"comment_status":"closed","ping_status":"closed","template":"page-templates\/template-policy.php","meta":{"footnotes":""},"class_list":["post-213","page","type-page","status-publish","hentry"],"yoast_head":"<!-- This site is optimized with the Yoast SEO Premium plugin v20.9 (Yoast SEO v20.9) - https:\/\/yoast.com\/wordpress\/plugins\/seo\/ -->\n<title>Ch\u00ednh s\u00e1ch \u0111\u1ed5i tr\u1ea3 - Gi\u00f2 Ch\u1ea3 \u0110\u1ee9c B\u00ecnh<\/title>\n<meta name=\"robots\" content=\"index, follow, max-snippet:-1, max-image-preview:large, max-video-preview:-1\" \/>\n<link rel=\"canonical\" href=\"https:\/\/giochaducbinh.vn\/en\/chinh-sach-doi-tra\/\" \/>\n<meta property=\"og:locale\" content=\"en_US\" \/>\n<meta property=\"og:type\" content=\"article\" \/>\n<meta property=\"og:title\" content=\"Ch\u00ednh s\u00e1ch \u0111\u1ed5i tr\u1ea3\" \/>\n<meta property=\"og:description\" content=\"CH\u00cdNH S\u00c1CH \u0110\u1ed4I TR\u1ea2 &amp; HO\u00c0N TI\u1ec0N T\u1ea1i\u00a0Gi\u00f2 Ch\u1ea3 \u0110\u1ee9c B\u00ecnh, ch\u00fang t\u00f4i tr\u00e2n tr\u1ecdng s\u1ef1 tin t\u01b0\u1edfng c\u1ee7a Qu\u00fd kh\u00e1ch khi l\u1ef1a ch\u1ecdn tinh hoa gi\u00f2 ch\u1ea3 l\u00e0ng ngh\u1ec1 \u01af\u1edbc L\u1ec5. V\u1edbi s\u1ee9 m\u1ec7nh g\u00ecn gi\u1eef h\u01b0\u01a1ng v\u1ecb truy\u1ec1n th\u1ed1ng v\u00e0 \u0111\u1eb7t uy t\u00edn l\u00ean h\u00e0ng \u0111\u1ea7u, ch\u00fang t\u00f4i cam k\u1ebft mang \u0111\u1ebfn nh\u1eefng [&hellip;]\" \/>\n<meta property=\"og:url\" content=\"https:\/\/giochaducbinh.vn\/en\/chinh-sach-doi-tra\/\" \/>\n<meta property=\"og:site_name\" content=\"Gi\u00f2 Ch\u1ea3 \u0110\u1ee9c B\u00ecnh\" \/>\n<meta property=\"article:modified_time\" content=\"2026-04-01T08:53:40+00:00\" \/>\n<meta name=\"twitter:card\" content=\"summary_large_image\" \/>\n<meta name=\"twitter:label1\" content=\"Est. reading time\" \/>\n\t<meta name=\"twitter:data1\" content=\"3 minutes\" \/>\n<script type=\"application\/ld+json\" class=\"yoast-schema-graph\">{\"@context\":\"https:\/\/schema.org\",\"@graph\":[{\"@type\":\"WebPage\",\"@id\":\"https:\/\/giochaducbinh.vn\/chinh-sach-doi-tra\/\",\"url\":\"https:\/\/giochaducbinh.vn\/chinh-sach-doi-tra\/\",\"name\":\"Ch\u00ednh s\u00e1ch \u0111\u1ed5i tr\u1ea3 - Gi\u00f2 Ch\u1ea3 \u0110\u1ee9c B\u00ecnh\",\"isPartOf\":{\"@id\":\"https:\/\/giochaducbinh.vn\/#website\"},\"datePublished\":\"2026-04-01T08:43:02+00:00\",\"dateModified\":\"2026-04-01T08:53:40+00:00\",\"breadcrumb\":{\"@id\":\"https:\/\/giochaducbinh.vn\/chinh-sach-doi-tra\/#breadcrumb\"},\"inLanguage\":\"en-US\",\"potentialAction\":[{\"@type\":\"ReadAction\",\"target\":[\"https:\/\/giochaducbinh.vn\/chinh-sach-doi-tra\/\"]}]},{\"@type\":\"BreadcrumbList\",\"@id\":\"https:\/\/giochaducbinh.vn\/chinh-sach-doi-tra\/#breadcrumb\",\"itemListElement\":[{\"@type\":\"ListItem\",\"position\":1,\"name\":\"Home\",\"item\":\"https:\/\/giochaducbinh.vn\/\"},{\"@type\":\"ListItem\",\"position\":2,\"name\":\"Ch\u00ednh s\u00e1ch \u0111\u1ed5i tr\u1ea3\"}]},{\"@type\":\"WebSite\",\"@id\":\"https:\/\/giochaducbinh.vn\/#website\",\"url\":\"https:\/\/giochaducbinh.vn\/\",\"name\":\"Gi\u00f2 Ch\u1ea3 \u0110\u1ee9c B\u00ecnh\",\"description\":\"B\u00ed quy\u1ebft gia truy\u1ec1n, h\u01b0\u01a1ng v\u1ecb \u0111\u1ed9c nh\u1ea5t\",\"potentialAction\":[{\"@type\":\"SearchAction\",\"target\":{\"@type\":\"EntryPoint\",\"urlTemplate\":\"https:\/\/giochaducbinh.vn\/?s={search_term_string}\"},\"query-input\":\"required name=search_term_string\"}],\"inLanguage\":\"en-US\"}]}<\/script>\n<!-- \/ Yoast SEO Premium plugin. -->","yoast_head_json":{"title":"Ch\u00ednh s\u00e1ch \u0111\u1ed5i tr\u1ea3 - Gi\u00f2 Ch\u1ea3 \u0110\u1ee9c B\u00ecnh","robots":{"index":"index","follow":"follow","max-snippet":"max-snippet:-1","max-image-preview":"max-image-preview:large","max-video-preview":"max-video-preview:-1"},"canonical":"https:\/\/giochaducbinh.vn\/en\/chinh-sach-doi-tra\/","og_locale":"en_US","og_type":"article","og_title":"Ch\u00ednh s\u00e1ch \u0111\u1ed5i tr\u1ea3","og_description":"CH\u00cdNH S\u00c1CH \u0110\u1ed4I TR\u1ea2 &amp; HO\u00c0N TI\u1ec0N T\u1ea1i\u00a0Gi\u00f2 Ch\u1ea3 \u0110\u1ee9c B\u00ecnh, ch\u00fang t\u00f4i tr\u00e2n tr\u1ecdng s\u1ef1 tin t\u01b0\u1edfng c\u1ee7a Qu\u00fd kh\u00e1ch khi l\u1ef1a ch\u1ecdn tinh hoa gi\u00f2 ch\u1ea3 l\u00e0ng ngh\u1ec1 \u01af\u1edbc L\u1ec5. V\u1edbi s\u1ee9 m\u1ec7nh g\u00ecn gi\u1eef h\u01b0\u01a1ng v\u1ecb truy\u1ec1n th\u1ed1ng v\u00e0 \u0111\u1eb7t uy t\u00edn l\u00ean h\u00e0ng \u0111\u1ea7u, ch\u00fang t\u00f4i cam k\u1ebft mang \u0111\u1ebfn nh\u1eefng [&hellip;]","og_url":"https:\/\/giochaducbinh.vn\/en\/chinh-sach-doi-tra\/","og_site_name":"Gi\u00f2 Ch\u1ea3 \u0110\u1ee9c B\u00ecnh","article_modified_time":"2026-04-01T08:53:40+00:00","twitter_card":"summary_large_image","twitter_misc":{"Est. reading time":"3 minutes"},"schema":{"@context":"https:\/\/schema.org","@graph":[{"@type":"WebPage","@id":"https:\/\/giochaducbinh.vn\/chinh-sach-doi-tra\/","url":"https:\/\/giochaducbinh.vn\/chinh-sach-doi-tra\/","name":"Ch\u00ednh s\u00e1ch \u0111\u1ed5i tr\u1ea3 - Gi\u00f2 Ch\u1ea3 \u0110\u1ee9c B\u00ecnh","isPartOf":{"@id":"https:\/\/giochaducbinh.vn\/#website"},"datePublished":"2026-04-01T08:43:02+00:00","dateModified":"2026-04-01T08:53:40+00:00","breadcrumb":{"@id":"https:\/\/giochaducbinh.vn\/chinh-sach-doi-tra\/#breadcrumb"},"inLanguage":"en-US","potentialAction":[{"@type":"ReadAction","target":["https:\/\/giochaducbinh.vn\/chinh-sach-doi-tra\/"]}]},{"@type":"BreadcrumbList","@id":"https:\/\/giochaducbinh.vn\/chinh-sach-doi-tra\/#breadcrumb","itemListElement":[{"@type":"ListItem","position":1,"name":"Home","item":"https:\/\/giochaducbinh.vn\/"},{"@type":"ListItem","position":2,"name":"Ch\u00ednh s\u00e1ch \u0111\u1ed5i tr\u1ea3"}]},{"@type":"WebSite","@id":"https:\/\/giochaducbinh.vn\/#website","url":"https:\/\/giochaducbinh.vn\/","name":"Gi\u00f2 Ch\u1ea3 \u0110\u1ee9c B\u00ecnh","description":"B\u00ed quy\u1ebft gia truy\u1ec1n, h\u01b0\u01a1ng v\u1ecb \u0111\u1ed9c nh\u1ea5t","potentialAction":[{"@type":"SearchAction","target":{"@type":"EntryPoint","urlTemplate":"https:\/\/giochaducbinh.vn\/?s={search_term_string}"},"query-input":"required name=search_term_string"}],"inLanguage":"en-US"}]}},"_links":{"self":[{"href":"https:\/\/giochaducbinh.vn\/en\/wp-json\/wp\/v2\/pages\/213","targetHints":{"allow":["GET"]}}],"collection":[{"href":"https:\/\/giochaducbinh.vn\/en\/wp-json\/wp\/v2\/pages"}],"about":[{"href":"https:\/\/giochaducbinh.vn\/en\/wp-json\/wp\/v2\/types\/page"}],"author":[{"embeddable":true,"href":"https:\/\/giochaducbinh.vn\/en\/wp-json\/wp\/v2\/users\/1"}],"replies":[{"embeddable":true,"href":"https:\/\/giochaducbinh.vn\/en\/wp-json\/wp\/v2\/comments?post=213"}],"version-history":[{"count":3,"href":"https:\/\/giochaducbinh.vn\/en\/wp-json\/wp\/v2\/pages\/213\/revisions"}],"predecessor-version":[{"id":216,"href":"https:\/\/giochaducbinh.vn\/en\/wp-json\/wp\/v2\/pages\/213\/revisions\/216"}],"wp:attachment":[{"href":"https:\/\/giochaducbinh.vn\/en\/wp-json\/wp\/v2\/media?parent=213"}],"curies":[{"name":"wp","href":"https:\/\/api.w.org\/{rel}","templated":true}]}}