{"id":255,"date":"2026-04-04T03:07:47","date_gmt":"2026-04-04T03:07:47","guid":{"rendered":"https:\/\/dubi.123websitedev.com\/?post_type=product&#038;p=255"},"modified":"2026-04-04T03:21:47","modified_gmt":"2026-04-04T03:21:47","slug":"gio-lua","status":"publish","type":"product","link":"https:\/\/giochaducbinh.vn\/en\/product\/gio-lua\/","title":{"rendered":"Pork sausage"},"content":{"rendered":"<p><strong>B\u00ed quy\u1ebft gia truy\u1ec1n, chu\u1ea9n v\u1ecb m\u00e2m c\u1ed7 Vi\u1ec7t<\/strong>. Gi\u00f2 l\u1ee5a \u0110\u1ee9c B\u00ecnh \u0111\u01b0\u1ee3c l\u00e0m t\u1eeb t\u1ef7 l\u1ec7 chu\u1ea9n v\u1edbi 80% th\u1ecbt l\u1ee3n n\u1ea1c t\u01b0\u01a1i ngon, ph\u1ed1i tr\u1ed9n kh\u00e9o l\u00e9o c\u00f9ng m\u1ee1 ph\u1ea7n \u0111\u1ec3 khoanh gi\u00f2 lu\u00f4n gi\u1eef \u0111\u01b0\u1ee3c \u0111\u1ed9 \u1ea9m v\u00e0 d\u1ebbo d\u00ednh t\u1ef1 nhi\u00ean. Khi c\u1eaft ngang, b\u1ec1 m\u1eb7t gi\u00f2 l\u1ea5m t\u1ea5m l\u1ed7 r\u1ed7, nhai v\u00e0o m\u1ec1m m\u1ecbn, gi\u00f2n \u00eam \u00e1i. H\u01b0\u01a1ng v\u1ecb ng\u1ecdt th\u1ecbt h\u00f2a quy\u1ec7n c\u00f9ng n\u01b0\u1edbc m\u1eafm c\u1ed1t, h\u1ea1t n\u00eam \u0111\u01b0\u1ee3m \u0111\u00e0. S\u1ea3n ph\u1ea9m \u0111\u01b0\u1ee3c s\u1ea3n xu\u1ea5t theo quy tr\u00ecnh hi\u1ec7n \u0111\u1ea1i, \u0111\u1ea1t chu\u1ea9n v\u1ec7 sinh an to\u00e0n th\u1ef1c ph\u1ea9m, ho\u00e0n h\u1ea3o \u0111\u1ec3 b\u00e0y m\u00e2m c\u1ed7 c\u00fang gia ti\u00ean, th\u00e1i m\u1ecfng \u0103n k\u00e8m b\u00e1nh cu\u1ed1n hay k\u1eb9p b\u00e1nh m\u00ec cho b\u1eefa s\u00e1ng nhanh g\u1ecdn c\u1ee7a gia \u0111\u00ecnh.<\/p>","protected":false},"excerpt":{"rendered":"<p>Gi\u00f2 l\u1ee5a \u0110\u1ee9c B\u00ecnh \u0111\u01b0\u1ee3c l\u00e0m t\u1eeb t\u1ef7 l\u1ec7 chu\u1ea9n v\u1edbi 80% th\u1ecbt l\u1ee3n n\u1ea1c t\u01b0\u01a1i ngon, ph\u1ed1i tr\u1ed9n kh\u00e9o l\u00e9o c\u00f9ng m\u1ee1 ph\u1ea7n \u0111\u1ec3 khoanh gi\u00f2 lu\u00f4n gi\u1eef \u0111\u01b0\u1ee3c \u0111\u1ed9 \u1ea9m v\u00e0 d\u1ebbo d\u00ednh t\u1ef1 nhi\u00ean<\/p>","protected":false},"featured_media":256,"template":"","meta":[],"product_brand":[],"product_cat":[18],"product_tag":[],"class_list":{"0":"post-255","1":"product","2":"type-product","3":"status-publish","4":"has-post-thumbnail","6":"product_cat-cha","8":"first","9":"instock","10":"featured","11":"shipping-taxable","12":"purchasable","13":"product-type-simple"},"yoast_head":"<!-- This site is optimized with the Yoast SEO Premium plugin v20.9 (Yoast SEO v20.9) - https:\/\/yoast.com\/wordpress\/plugins\/seo\/ -->\n<title>Gi\u00f2 l\u1ee5a truy\u1ec1n th\u1ed1ng H\u00e0 N\u1ed9i - Th\u01a1m ngon, chu\u1ea9n v\u1ecb \u01af\u1edbc L\u1ec5<\/title>\n<meta name=\"description\" content=\"Gi\u00f2 l\u1ee5a truy\u1ec1n th\u1ed1ng H\u00e0 N\u1ed9i \u0111\u01b0\u1ee3c l\u00e0m t\u1eeb th\u1ecbt l\u1ee3n t\u01b0\u01a1i, g\u00f3i l\u00e1 chu\u1ed1i th\u01a1m l\u1eebng, \u0111\u1ed9 dai t\u1ef1 nhi\u00ean. \u0110\u1eb7t mua ngay gi\u00f2 ch\u1ea3 \u0110\u1ee9c B\u00ecnh s\u1ea1ch, ngon, kh\u00f4ng h\u00e0n th\u1ea1ch!\" \/>\n<meta name=\"robots\" content=\"index, follow, max-snippet:-1, max-image-preview:large, max-video-preview:-1\" \/>\n<link rel=\"canonical\" href=\"https:\/\/giochaducbinh.vn\/en\/product\/gio-lua\/\" \/>\n<meta property=\"og:locale\" content=\"en_US\" \/>\n<meta property=\"og:type\" content=\"article\" \/>\n<meta property=\"og:title\" content=\"Gi\u00f2 l\u1ee5a truy\u1ec1n th\u1ed1ng H\u00e0 N\u1ed9i - Th\u01a1m ngon, chu\u1ea9n v\u1ecb \u01af\u1edbc L\u1ec5\" \/>\n<meta property=\"og:description\" content=\"Gi\u00f2 l\u1ee5a truy\u1ec1n th\u1ed1ng H\u00e0 N\u1ed9i \u0111\u01b0\u1ee3c l\u00e0m t\u1eeb th\u1ecbt l\u1ee3n t\u01b0\u01a1i, g\u00f3i l\u00e1 chu\u1ed1i th\u01a1m l\u1eebng, \u0111\u1ed9 dai t\u1ef1 nhi\u00ean. \u0110\u1eb7t mua ngay gi\u00f2 ch\u1ea3 \u0110\u1ee9c B\u00ecnh s\u1ea1ch, ngon, kh\u00f4ng h\u00e0n th\u1ea1ch!\" \/>\n<meta property=\"og:url\" content=\"https:\/\/giochaducbinh.vn\/en\/product\/gio-lua\/\" \/>\n<meta property=\"og:site_name\" content=\"Gi\u00f2 Ch\u1ea3 \u0110\u1ee9c B\u00ecnh\" \/>\n<meta property=\"article:modified_time\" content=\"2026-04-04T03:21:47+00:00\" \/>\n<meta property=\"og:image\" content=\"https:\/\/giochaducbinh.vn\/wp-content\/uploads\/2026\/04\/Gio-cha-uoc-le27130.jpg\" \/>\n\t<meta property=\"og:image:width\" content=\"1536\" \/>\n\t<meta property=\"og:image:height\" content=\"1920\" \/>\n\t<meta property=\"og:image:type\" content=\"image\/jpeg\" \/>\n<meta name=\"twitter:card\" content=\"summary_large_image\" \/>\n<meta name=\"twitter:title\" content=\"Gi\u00f2 l\u1ee5a truy\u1ec1n th\u1ed1ng H\u00e0 N\u1ed9i - Th\u01a1m ngon, chu\u1ea9n v\u1ecb \u01af\u1edbc L\u1ec5\" \/>\n<meta name=\"twitter:description\" content=\"Gi\u00f2 l\u1ee5a truy\u1ec1n th\u1ed1ng H\u00e0 N\u1ed9i \u0111\u01b0\u1ee3c l\u00e0m t\u1eeb th\u1ecbt l\u1ee3n t\u01b0\u01a1i, g\u00f3i l\u00e1 chu\u1ed1i th\u01a1m l\u1eebng, \u0111\u1ed9 dai t\u1ef1 nhi\u00ean. \u0110\u1eb7t mua ngay gi\u00f2 ch\u1ea3 \u0110\u1ee9c B\u00ecnh s\u1ea1ch, ngon, kh\u00f4ng h\u00e0n th\u1ea1ch!\" \/>\n<meta name=\"twitter:label1\" content=\"Est. reading time\" \/>\n\t<meta name=\"twitter:data1\" content=\"1 minute\" \/>\n<script type=\"application\/ld+json\" class=\"yoast-schema-graph\">{\"@context\":\"https:\/\/schema.org\",\"@graph\":[{\"@type\":\"WebPage\",\"@id\":\"https:\/\/giochaducbinh.vn\/san-pham\/gio-lua\/\",\"url\":\"https:\/\/giochaducbinh.vn\/san-pham\/gio-lua\/\",\"name\":\"Gi\u00f2 l\u1ee5a truy\u1ec1n th\u1ed1ng H\u00e0 N\u1ed9i - Th\u01a1m ngon, chu\u1ea9n v\u1ecb \u01af\u1edbc L\u1ec5\",\"isPartOf\":{\"@id\":\"https:\/\/giochaducbinh.vn\/#website\"},\"datePublished\":\"2026-04-04T03:07:47+00:00\",\"dateModified\":\"2026-04-04T03:21:47+00:00\",\"description\":\"Gi\u00f2 l\u1ee5a truy\u1ec1n th\u1ed1ng H\u00e0 N\u1ed9i \u0111\u01b0\u1ee3c l\u00e0m t\u1eeb th\u1ecbt l\u1ee3n t\u01b0\u01a1i, g\u00f3i l\u00e1 chu\u1ed1i th\u01a1m l\u1eebng, \u0111\u1ed9 dai t\u1ef1 nhi\u00ean. \u0110\u1eb7t mua ngay gi\u00f2 ch\u1ea3 \u0110\u1ee9c B\u00ecnh s\u1ea1ch, ngon, kh\u00f4ng h\u00e0n th\u1ea1ch!\",\"breadcrumb\":{\"@id\":\"https:\/\/giochaducbinh.vn\/san-pham\/gio-lua\/#breadcrumb\"},\"inLanguage\":\"en-US\",\"potentialAction\":[{\"@type\":\"ReadAction\",\"target\":[\"https:\/\/giochaducbinh.vn\/san-pham\/gio-lua\/\"]}]},{\"@type\":\"BreadcrumbList\",\"@id\":\"https:\/\/giochaducbinh.vn\/san-pham\/gio-lua\/#breadcrumb\",\"itemListElement\":[{\"@type\":\"ListItem\",\"position\":1,\"name\":\"Home\",\"item\":\"https:\/\/giochaducbinh.vn\/\"},{\"@type\":\"ListItem\",\"position\":2,\"name\":\"S\u1ea3n ph\u1ea9m\",\"item\":\"https:\/\/giochaducbinh.vn\/san-pham\/\"},{\"@type\":\"ListItem\",\"position\":3,\"name\":\"Gi\u00f2 L\u1ee5a\"}]},{\"@type\":\"WebSite\",\"@id\":\"https:\/\/giochaducbinh.vn\/#website\",\"url\":\"https:\/\/giochaducbinh.vn\/\",\"name\":\"Gi\u00f2 Ch\u1ea3 \u0110\u1ee9c B\u00ecnh\",\"description\":\"B\u00ed quy\u1ebft gia truy\u1ec1n, h\u01b0\u01a1ng v\u1ecb \u0111\u1ed9c nh\u1ea5t\",\"potentialAction\":[{\"@type\":\"SearchAction\",\"target\":{\"@type\":\"EntryPoint\",\"urlTemplate\":\"https:\/\/giochaducbinh.vn\/?s={search_term_string}\"},\"query-input\":\"required name=search_term_string\"}],\"inLanguage\":\"en-US\"}]}<\/script>\n<!-- \/ Yoast SEO Premium plugin. -->","yoast_head_json":{"title":"Gi\u00f2 l\u1ee5a truy\u1ec1n th\u1ed1ng H\u00e0 N\u1ed9i - Th\u01a1m ngon, chu\u1ea9n v\u1ecb \u01af\u1edbc L\u1ec5","description":"Gi\u00f2 l\u1ee5a truy\u1ec1n th\u1ed1ng H\u00e0 N\u1ed9i \u0111\u01b0\u1ee3c l\u00e0m t\u1eeb th\u1ecbt l\u1ee3n t\u01b0\u01a1i, g\u00f3i l\u00e1 chu\u1ed1i th\u01a1m l\u1eebng, \u0111\u1ed9 dai t\u1ef1 nhi\u00ean. \u0110\u1eb7t mua ngay gi\u00f2 ch\u1ea3 \u0110\u1ee9c B\u00ecnh s\u1ea1ch, ngon, kh\u00f4ng h\u00e0n th\u1ea1ch!","robots":{"index":"index","follow":"follow","max-snippet":"max-snippet:-1","max-image-preview":"max-image-preview:large","max-video-preview":"max-video-preview:-1"},"canonical":"https:\/\/giochaducbinh.vn\/en\/product\/gio-lua\/","og_locale":"en_US","og_type":"article","og_title":"Gi\u00f2 l\u1ee5a truy\u1ec1n th\u1ed1ng H\u00e0 N\u1ed9i - Th\u01a1m ngon, chu\u1ea9n v\u1ecb \u01af\u1edbc L\u1ec5","og_description":"Gi\u00f2 l\u1ee5a truy\u1ec1n th\u1ed1ng H\u00e0 N\u1ed9i \u0111\u01b0\u1ee3c l\u00e0m t\u1eeb th\u1ecbt l\u1ee3n t\u01b0\u01a1i, g\u00f3i l\u00e1 chu\u1ed1i th\u01a1m l\u1eebng, \u0111\u1ed9 dai t\u1ef1 nhi\u00ean. \u0110\u1eb7t mua ngay gi\u00f2 ch\u1ea3 \u0110\u1ee9c B\u00ecnh s\u1ea1ch, ngon, kh\u00f4ng h\u00e0n th\u1ea1ch!","og_url":"https:\/\/giochaducbinh.vn\/en\/product\/gio-lua\/","og_site_name":"Gi\u00f2 Ch\u1ea3 \u0110\u1ee9c B\u00ecnh","article_modified_time":"2026-04-04T03:21:47+00:00","og_image":[{"width":1536,"height":1920,"url":"https:\/\/giochaducbinh.vn\/wp-content\/uploads\/2026\/04\/Gio-cha-uoc-le27130.jpg","type":"image\/jpeg"}],"twitter_card":"summary_large_image","twitter_title":"Gi\u00f2 l\u1ee5a truy\u1ec1n th\u1ed1ng H\u00e0 N\u1ed9i - Th\u01a1m ngon, chu\u1ea9n v\u1ecb \u01af\u1edbc L\u1ec5","twitter_description":"Gi\u00f2 l\u1ee5a truy\u1ec1n th\u1ed1ng H\u00e0 N\u1ed9i \u0111\u01b0\u1ee3c l\u00e0m t\u1eeb th\u1ecbt l\u1ee3n t\u01b0\u01a1i, g\u00f3i l\u00e1 chu\u1ed1i th\u01a1m l\u1eebng, \u0111\u1ed9 dai t\u1ef1 nhi\u00ean. \u0110\u1eb7t mua ngay gi\u00f2 ch\u1ea3 \u0110\u1ee9c B\u00ecnh s\u1ea1ch, ngon, kh\u00f4ng h\u00e0n th\u1ea1ch!","twitter_misc":{"Est. reading time":"1 minute"},"schema":{"@context":"https:\/\/schema.org","@graph":[{"@type":"WebPage","@id":"https:\/\/giochaducbinh.vn\/san-pham\/gio-lua\/","url":"https:\/\/giochaducbinh.vn\/san-pham\/gio-lua\/","name":"Gi\u00f2 l\u1ee5a truy\u1ec1n th\u1ed1ng H\u00e0 N\u1ed9i - Th\u01a1m ngon, chu\u1ea9n v\u1ecb \u01af\u1edbc L\u1ec5","isPartOf":{"@id":"https:\/\/giochaducbinh.vn\/#website"},"datePublished":"2026-04-04T03:07:47+00:00","dateModified":"2026-04-04T03:21:47+00:00","description":"Gi\u00f2 l\u1ee5a truy\u1ec1n th\u1ed1ng H\u00e0 N\u1ed9i \u0111\u01b0\u1ee3c l\u00e0m t\u1eeb th\u1ecbt l\u1ee3n t\u01b0\u01a1i, g\u00f3i l\u00e1 chu\u1ed1i th\u01a1m l\u1eebng, \u0111\u1ed9 dai t\u1ef1 nhi\u00ean. \u0110\u1eb7t mua ngay gi\u00f2 ch\u1ea3 \u0110\u1ee9c B\u00ecnh s\u1ea1ch, ngon, kh\u00f4ng h\u00e0n th\u1ea1ch!","breadcrumb":{"@id":"https:\/\/giochaducbinh.vn\/san-pham\/gio-lua\/#breadcrumb"},"inLanguage":"en-US","potentialAction":[{"@type":"ReadAction","target":["https:\/\/giochaducbinh.vn\/san-pham\/gio-lua\/"]}]},{"@type":"BreadcrumbList","@id":"https:\/\/giochaducbinh.vn\/san-pham\/gio-lua\/#breadcrumb","itemListElement":[{"@type":"ListItem","position":1,"name":"Home","item":"https:\/\/giochaducbinh.vn\/"},{"@type":"ListItem","position":2,"name":"S\u1ea3n ph\u1ea9m","item":"https:\/\/giochaducbinh.vn\/san-pham\/"},{"@type":"ListItem","position":3,"name":"Gi\u00f2 L\u1ee5a"}]},{"@type":"WebSite","@id":"https:\/\/giochaducbinh.vn\/#website","url":"https:\/\/giochaducbinh.vn\/","name":"Gi\u00f2 Ch\u1ea3 \u0110\u1ee9c B\u00ecnh","description":"B\u00ed quy\u1ebft gia truy\u1ec1n, h\u01b0\u01a1ng v\u1ecb \u0111\u1ed9c nh\u1ea5t","potentialAction":[{"@type":"SearchAction","target":{"@type":"EntryPoint","urlTemplate":"https:\/\/giochaducbinh.vn\/?s={search_term_string}"},"query-input":"required name=search_term_string"}],"inLanguage":"en-US"}]}},"_links":{"self":[{"href":"https:\/\/giochaducbinh.vn\/en\/wp-json\/wp\/v2\/product\/255","targetHints":{"allow":["GET"]}}],"collection":[{"href":"https:\/\/giochaducbinh.vn\/en\/wp-json\/wp\/v2\/product"}],"about":[{"href":"https:\/\/giochaducbinh.vn\/en\/wp-json\/wp\/v2\/types\/product"}],"wp:featuredmedia":[{"embeddable":true,"href":"https:\/\/giochaducbinh.vn\/en\/wp-json\/wp\/v2\/media\/256"}],"wp:attachment":[{"href":"https:\/\/giochaducbinh.vn\/en\/wp-json\/wp\/v2\/media?parent=255"}],"wp:term":[{"taxonomy":"product_brand","embeddable":true,"href":"https:\/\/giochaducbinh.vn\/en\/wp-json\/wp\/v2\/product_brand?post=255"},{"taxonomy":"product_cat","embeddable":true,"href":"https:\/\/giochaducbinh.vn\/en\/wp-json\/wp\/v2\/product_cat?post=255"},{"taxonomy":"product_tag","embeddable":true,"href":"https:\/\/giochaducbinh.vn\/en\/wp-json\/wp\/v2\/product_tag?post=255"}],"curies":[{"name":"wp","href":"https:\/\/api.w.org\/{rel}","templated":true}]}}