{"id":257,"date":"2026-04-04T03:22:33","date_gmt":"2026-04-04T03:22:33","guid":{"rendered":"https:\/\/dubi.123websitedev.com\/?post_type=product&#038;p=257"},"modified":"2026-04-04T03:26:23","modified_gmt":"2026-04-04T03:26:23","slug":"gio-bo","status":"publish","type":"product","link":"https:\/\/giochaducbinh.vn\/en\/product\/gio-bo\/","title":{"rendered":"Beef sausage"},"content":{"rendered":"<p><strong>H\u01b0\u01a1ng v\u1ecb \u0111\u1eadm \u0111\u00e0, th\u01a1m n\u1ed3ng ti\u00eau \u0111en<\/strong>. \u0110i\u1ec3m quy\u1ebft \u0111\u1ecbnh \u0111\u1ed9 ngon c\u1ee7a gi\u00f2 b\u00f2 \u0110\u1ee9c B\u00ecnh n\u1eb1m \u1edf b\u00ed quy\u1ebft ph\u1ed1i tr\u1ed9n tinh t\u1ebf gi\u1eefa ph\u1ea7n th\u1ecbt b\u00f2 t\u01b0\u01a1i \u0111\u1eadm v\u1ecb c\u00f9ng th\u1ecbt l\u1ee3n n\u1ea1c d\u1ebbo m\u1ecbn v\u00e0 ch\u00fat m\u1ee1 ph\u1ea7n t\u01b0\u01a1m b\u00e9o. S\u1ef1 \u0111an xen nguy\u00ean li\u1ec7u kh\u00e9o l\u00e9o n\u00e0y ch\u00ednh l\u00e0 ch\u00eca kh\u00f3a gi\u00fap khoanh gi\u00f2 kh\u1eafc ph\u1ee5c ho\u00e0n to\u00e0n t\u00ecnh tr\u1ea1ng kh\u00f4 x\u00e1c c\u1ee7a th\u1ecbt b\u00f2 thu\u1ea7n t\u00fay, mang l\u1ea1i k\u1ebft c\u1ea5u dai d\u1ebbo, ch\u1eafc th\u1ecbt nh\u01b0ng v\u1eabn v\u00f4 c\u00f9ng m\u1ec1m m\u1ecdng. H\u01b0\u01a1ng v\u1ecb \u0111\u01b0\u1ee3c n\u00e2ng t\u1ea7m tr\u1ecdn v\u1eb9n nh\u1edd s\u1ef1 h\u00f2a quy\u1ec7n c\u1ee7a n\u01b0\u1edbc m\u1eafm c\u1ed1t v\u00e0 gia v\u1ecb n\u00eam n\u1ebfm \u0111\u1eadm \u0111\u00e0. C\u1eaft khoanh gi\u00f2 h\u1ed3ng nh\u1eb9 ra \u0111\u0129a, thoang tho\u1ea3ng m\u00f9i ti\u00eau cay n\u1ed3ng, nh\u00e2m nhi c\u00f9ng ch\u00fat t\u01b0\u01a1ng \u1edbt qu\u1ea3 l\u00e0 m\u00f3n m\u1ed3i b\u00e9n tuy\u1ec7t h\u1ea3o tr\u00ean m\u1ecdi b\u00e0n ti\u1ec7c.<\/p>","protected":false},"excerpt":{"rendered":"<p>\u0110i\u1ec3m quy\u1ebft \u0111\u1ecbnh \u0111\u1ed9 ngon c\u1ee7a gi\u00f2 b\u00f2 \u0110\u1ee9c B\u00ecnh n\u1eb1m \u1edf b\u00ed quy\u1ebft ph\u1ed1i tr\u1ed9n tinh t\u1ebf gi\u1eefa ph\u1ea7n th\u1ecbt b\u00f2 t\u01b0\u01a1i \u0111\u1eadm v\u1ecb c\u00f9ng th\u1ecbt l\u1ee3n n\u1ea1c d\u1ebbo m\u1ecbn v\u00e0 ch\u00fat m\u1ee1 ph\u1ea7n t\u01b0\u01a1m b\u00e9o.<\/p>","protected":false},"featured_media":135,"template":"","meta":[],"product_brand":[],"product_cat":[18],"product_tag":[],"class_list":{"0":"post-257","1":"product","2":"type-product","3":"status-publish","4":"has-post-thumbnail","6":"product_cat-cha","8":"first","9":"instock","10":"featured","11":"shipping-taxable","12":"purchasable","13":"product-type-simple"},"yoast_head":"<!-- This site is optimized with the Yoast SEO Premium plugin v20.9 (Yoast SEO v20.9) - https:\/\/yoast.com\/wordpress\/plugins\/seo\/ -->\n<title>Gi\u00f2 B\u00f2 - Gi\u00f2 Ch\u1ea3 \u0110\u1ee9c B\u00ecnh<\/title>\n<meta name=\"robots\" content=\"index, follow, max-snippet:-1, max-image-preview:large, max-video-preview:-1\" \/>\n<link rel=\"canonical\" href=\"https:\/\/giochaducbinh.vn\/en\/product\/gio-bo\/\" \/>\n<meta property=\"og:locale\" content=\"en_US\" \/>\n<meta property=\"og:type\" content=\"article\" \/>\n<meta property=\"og:title\" content=\"Gi\u00f2 B\u00f2\" \/>\n<meta property=\"og:description\" content=\"\u0110i\u1ec3m quy\u1ebft \u0111\u1ecbnh \u0111\u1ed9 ngon c\u1ee7a gi\u00f2 b\u00f2 \u0110\u1ee9c B\u00ecnh n\u1eb1m \u1edf b\u00ed quy\u1ebft ph\u1ed1i tr\u1ed9n tinh t\u1ebf gi\u1eefa ph\u1ea7n th\u1ecbt b\u00f2 t\u01b0\u01a1i \u0111\u1eadm v\u1ecb c\u00f9ng th\u1ecbt l\u1ee3n n\u1ea1c d\u1ebbo m\u1ecbn v\u00e0 ch\u00fat m\u1ee1 ph\u1ea7n t\u01b0\u01a1m b\u00e9o.\" \/>\n<meta property=\"og:url\" content=\"https:\/\/giochaducbinh.vn\/en\/product\/gio-bo\/\" \/>\n<meta property=\"og:site_name\" content=\"Gi\u00f2 Ch\u1ea3 \u0110\u1ee9c B\u00ecnh\" \/>\n<meta property=\"article:modified_time\" content=\"2026-04-04T03:26:23+00:00\" \/>\n<meta property=\"og:image\" content=\"https:\/\/giochaducbinh.vn\/wp-content\/uploads\/2026\/03\/gio-cha-uoc-le26711_optimized.jpg\" \/>\n\t<meta property=\"og:image:width\" content=\"1536\" \/>\n\t<meta property=\"og:image:height\" content=\"1920\" \/>\n\t<meta property=\"og:image:type\" content=\"image\/jpeg\" \/>\n<meta name=\"twitter:card\" content=\"summary_large_image\" \/>\n<meta name=\"twitter:label1\" content=\"Est. reading time\" \/>\n\t<meta name=\"twitter:data1\" content=\"1 minute\" \/>\n<script type=\"application\/ld+json\" class=\"yoast-schema-graph\">{\"@context\":\"https:\/\/schema.org\",\"@graph\":[{\"@type\":\"WebPage\",\"@id\":\"https:\/\/giochaducbinh.vn\/san-pham\/gio-bo\/\",\"url\":\"https:\/\/giochaducbinh.vn\/san-pham\/gio-bo\/\",\"name\":\"Gi\u00f2 B\u00f2 - Gi\u00f2 Ch\u1ea3 \u0110\u1ee9c B\u00ecnh\",\"isPartOf\":{\"@id\":\"https:\/\/giochaducbinh.vn\/#website\"},\"datePublished\":\"2026-04-04T03:22:33+00:00\",\"dateModified\":\"2026-04-04T03:26:23+00:00\",\"breadcrumb\":{\"@id\":\"https:\/\/giochaducbinh.vn\/san-pham\/gio-bo\/#breadcrumb\"},\"inLanguage\":\"en-US\",\"potentialAction\":[{\"@type\":\"ReadAction\",\"target\":[\"https:\/\/giochaducbinh.vn\/san-pham\/gio-bo\/\"]}]},{\"@type\":\"BreadcrumbList\",\"@id\":\"https:\/\/giochaducbinh.vn\/san-pham\/gio-bo\/#breadcrumb\",\"itemListElement\":[{\"@type\":\"ListItem\",\"position\":1,\"name\":\"Home\",\"item\":\"https:\/\/giochaducbinh.vn\/\"},{\"@type\":\"ListItem\",\"position\":2,\"name\":\"S\u1ea3n ph\u1ea9m\",\"item\":\"https:\/\/giochaducbinh.vn\/san-pham\/\"},{\"@type\":\"ListItem\",\"position\":3,\"name\":\"Gi\u00f2 B\u00f2\"}]},{\"@type\":\"WebSite\",\"@id\":\"https:\/\/giochaducbinh.vn\/#website\",\"url\":\"https:\/\/giochaducbinh.vn\/\",\"name\":\"Gi\u00f2 Ch\u1ea3 \u0110\u1ee9c B\u00ecnh\",\"description\":\"B\u00ed quy\u1ebft gia truy\u1ec1n, h\u01b0\u01a1ng v\u1ecb \u0111\u1ed9c nh\u1ea5t\",\"potentialAction\":[{\"@type\":\"SearchAction\",\"target\":{\"@type\":\"EntryPoint\",\"urlTemplate\":\"https:\/\/giochaducbinh.vn\/?s={search_term_string}\"},\"query-input\":\"required name=search_term_string\"}],\"inLanguage\":\"en-US\"}]}<\/script>\n<!-- \/ Yoast SEO Premium plugin. -->","yoast_head_json":{"title":"Gi\u00f2 B\u00f2 - Gi\u00f2 Ch\u1ea3 \u0110\u1ee9c B\u00ecnh","robots":{"index":"index","follow":"follow","max-snippet":"max-snippet:-1","max-image-preview":"max-image-preview:large","max-video-preview":"max-video-preview:-1"},"canonical":"https:\/\/giochaducbinh.vn\/en\/product\/gio-bo\/","og_locale":"en_US","og_type":"article","og_title":"Gi\u00f2 B\u00f2","og_description":"\u0110i\u1ec3m quy\u1ebft \u0111\u1ecbnh \u0111\u1ed9 ngon c\u1ee7a gi\u00f2 b\u00f2 \u0110\u1ee9c B\u00ecnh n\u1eb1m \u1edf b\u00ed quy\u1ebft ph\u1ed1i tr\u1ed9n tinh t\u1ebf gi\u1eefa ph\u1ea7n th\u1ecbt b\u00f2 t\u01b0\u01a1i \u0111\u1eadm v\u1ecb c\u00f9ng th\u1ecbt l\u1ee3n n\u1ea1c d\u1ebbo m\u1ecbn v\u00e0 ch\u00fat m\u1ee1 ph\u1ea7n t\u01b0\u01a1m b\u00e9o.","og_url":"https:\/\/giochaducbinh.vn\/en\/product\/gio-bo\/","og_site_name":"Gi\u00f2 Ch\u1ea3 \u0110\u1ee9c B\u00ecnh","article_modified_time":"2026-04-04T03:26:23+00:00","og_image":[{"width":1536,"height":1920,"url":"https:\/\/giochaducbinh.vn\/wp-content\/uploads\/2026\/03\/gio-cha-uoc-le26711_optimized.jpg","type":"image\/jpeg"}],"twitter_card":"summary_large_image","twitter_misc":{"Est. reading time":"1 minute"},"schema":{"@context":"https:\/\/schema.org","@graph":[{"@type":"WebPage","@id":"https:\/\/giochaducbinh.vn\/san-pham\/gio-bo\/","url":"https:\/\/giochaducbinh.vn\/san-pham\/gio-bo\/","name":"Gi\u00f2 B\u00f2 - Gi\u00f2 Ch\u1ea3 \u0110\u1ee9c B\u00ecnh","isPartOf":{"@id":"https:\/\/giochaducbinh.vn\/#website"},"datePublished":"2026-04-04T03:22:33+00:00","dateModified":"2026-04-04T03:26:23+00:00","breadcrumb":{"@id":"https:\/\/giochaducbinh.vn\/san-pham\/gio-bo\/#breadcrumb"},"inLanguage":"en-US","potentialAction":[{"@type":"ReadAction","target":["https:\/\/giochaducbinh.vn\/san-pham\/gio-bo\/"]}]},{"@type":"BreadcrumbList","@id":"https:\/\/giochaducbinh.vn\/san-pham\/gio-bo\/#breadcrumb","itemListElement":[{"@type":"ListItem","position":1,"name":"Home","item":"https:\/\/giochaducbinh.vn\/"},{"@type":"ListItem","position":2,"name":"S\u1ea3n ph\u1ea9m","item":"https:\/\/giochaducbinh.vn\/san-pham\/"},{"@type":"ListItem","position":3,"name":"Gi\u00f2 B\u00f2"}]},{"@type":"WebSite","@id":"https:\/\/giochaducbinh.vn\/#website","url":"https:\/\/giochaducbinh.vn\/","name":"Gi\u00f2 Ch\u1ea3 \u0110\u1ee9c B\u00ecnh","description":"B\u00ed quy\u1ebft gia truy\u1ec1n, h\u01b0\u01a1ng v\u1ecb \u0111\u1ed9c nh\u1ea5t","potentialAction":[{"@type":"SearchAction","target":{"@type":"EntryPoint","urlTemplate":"https:\/\/giochaducbinh.vn\/?s={search_term_string}"},"query-input":"required name=search_term_string"}],"inLanguage":"en-US"}]}},"_links":{"self":[{"href":"https:\/\/giochaducbinh.vn\/en\/wp-json\/wp\/v2\/product\/257","targetHints":{"allow":["GET"]}}],"collection":[{"href":"https:\/\/giochaducbinh.vn\/en\/wp-json\/wp\/v2\/product"}],"about":[{"href":"https:\/\/giochaducbinh.vn\/en\/wp-json\/wp\/v2\/types\/product"}],"wp:featuredmedia":[{"embeddable":true,"href":"https:\/\/giochaducbinh.vn\/en\/wp-json\/wp\/v2\/media\/135"}],"wp:attachment":[{"href":"https:\/\/giochaducbinh.vn\/en\/wp-json\/wp\/v2\/media?parent=257"}],"wp:term":[{"taxonomy":"product_brand","embeddable":true,"href":"https:\/\/giochaducbinh.vn\/en\/wp-json\/wp\/v2\/product_brand?post=257"},{"taxonomy":"product_cat","embeddable":true,"href":"https:\/\/giochaducbinh.vn\/en\/wp-json\/wp\/v2\/product_cat?post=257"},{"taxonomy":"product_tag","embeddable":true,"href":"https:\/\/giochaducbinh.vn\/en\/wp-json\/wp\/v2\/product_tag?post=257"}],"curies":[{"name":"wp","href":"https:\/\/api.w.org\/{rel}","templated":true}]}}