{"id":259,"date":"2026-04-04T03:26:34","date_gmt":"2026-04-04T03:26:34","guid":{"rendered":"https:\/\/dubi.123websitedev.com\/?post_type=product&#038;p=259"},"modified":"2026-04-04T03:29:55","modified_gmt":"2026-04-04T03:29:55","slug":"gio-tai","status":"publish","type":"product","link":"https:\/\/giochaducbinh.vn\/en\/product\/gio-tai\/","title":{"rendered":"Pork Ear"},"content":{"rendered":"<p><em><strong>H\u00f2a quy\u1ec7n tinh t\u1ebf, nhai gi\u00f2n s\u1ea7n s\u1eadt c\u1ef1c vui mi\u1ec7ng<\/strong><\/em>. Kh\u1eafc ph\u1ee5c ho\u00e0n to\u00e0n c\u1ea3m gi\u00e1c nhanh ng\u00e1n, gi\u00f2 tai \u0110\u1ee9c B\u00ecnh l\u00e0 b\u1ea3n giao h\u01b0\u1edfng tuy\u1ec7t v\u1eddi v\u1ec1 m\u1eb7t k\u1ebft c\u1ea5u. B\u00ed quy\u1ebft n\u1eb1m \u1edf t\u1ef7 l\u1ec7 ph\u1ed1i tr\u1ed9n kh\u00e9o l\u00e9o, n\u01a1i l\u1edbp th\u1ecbt l\u1ee3n n\u1ea1c xay nhuy\u1ec5n v\u1eeba \u0111\u1ed9 d\u1ebbo m\u1ecbn bao b\u1ecdc, \u00f4m tr\u1ecdn l\u1ea5y nh\u1eefng l\u00e1t tai l\u1ee3n th\u00e1i m\u1ecfng, \u0111i\u1ec3m xuy\u1ebft th\u00eam ch\u00fat n\u1ea5m h\u01b0\u01a1ng th\u01a1m l\u1eebng. Khi th\u01b0\u1edfng th\u1ee9c, b\u1ea1n s\u1ebd \u0111i t\u1eeb c\u1ea3m gi\u00e1c m\u1ec1m m\u1ea1i c\u1ee7a m\u1ed9c th\u1ecbt \u0111\u1ebfn \u0111\u1ed9 gi\u00f2n s\u1ea7n s\u1eadt vui tai c\u1ee7a ph\u1ea7n s\u1ee5n tai, xen l\u1eabn gia v\u1ecb n\u00eam n\u1ebfm \u0111\u1eadm \u0111\u00e0 c\u00f9ng n\u01b0\u1edbc m\u1eafm c\u1ed1t v\u00e0 h\u1ea1t ti\u00eau \u0111\u01b0\u1ee3m v\u1ecb. \u0110\u00e2y l\u00e0 m\u00f3n \u0103n ch\u1ed1ng ng\u00e1n tuy\u1ec7t h\u1ea3o cho m\u1ecdi m\u00e2m c\u1ed7 ng\u00e0y L\u1ec5 T\u1ebft hay nh\u1eefng b\u1eefa c\u01a1m gia \u0111\u00ecnh \u0111\u1ed5i v\u1ecb<\/p>","protected":false},"excerpt":{"rendered":"<p>B\u00ed quy\u1ebft n\u1eb1m \u1edf t\u1ef7 l\u1ec7 ph\u1ed1i tr\u1ed9n kh\u00e9o l\u00e9o, n\u01a1i l\u1edbp th\u1ecbt l\u1ee3n n\u1ea1c xay nhuy\u1ec5n v\u1eeba \u0111\u1ed9 d\u1ebbo m\u1ecbn bao b\u1ecdc, \u00f4m tr\u1ecdn l\u1ea5y nh\u1eefng l\u00e1t tai l\u1ee3n th\u00e1i m\u1ecfng, \u0111i\u1ec3m xuy\u1ebft th\u00eam ch\u00fat n\u1ea5m h\u01b0\u01a1ng th\u01a1m l\u1eebng.<\/p>","protected":false},"featured_media":137,"template":"","meta":[],"product_brand":[],"product_cat":[18],"product_tag":[],"class_list":{"0":"post-259","1":"product","2":"type-product","3":"status-publish","4":"has-post-thumbnail","6":"product_cat-cha","8":"first","9":"instock","10":"featured","11":"shipping-taxable","12":"purchasable","13":"product-type-simple"},"yoast_head":"<!-- This site is optimized with the Yoast SEO Premium plugin v20.9 (Yoast SEO v20.9) - https:\/\/yoast.com\/wordpress\/plugins\/seo\/ -->\n<title>Gi\u00f2 Tai - Gi\u00f2 Ch\u1ea3 \u0110\u1ee9c B\u00ecnh<\/title>\n<meta name=\"robots\" content=\"index, follow, max-snippet:-1, max-image-preview:large, max-video-preview:-1\" \/>\n<link rel=\"canonical\" href=\"https:\/\/giochaducbinh.vn\/en\/product\/gio-tai\/\" \/>\n<meta property=\"og:locale\" content=\"en_US\" \/>\n<meta property=\"og:type\" content=\"article\" \/>\n<meta property=\"og:title\" content=\"Gi\u00f2 Tai\" \/>\n<meta property=\"og:description\" content=\"B\u00ed quy\u1ebft n\u1eb1m \u1edf t\u1ef7 l\u1ec7 ph\u1ed1i tr\u1ed9n kh\u00e9o l\u00e9o, n\u01a1i l\u1edbp th\u1ecbt l\u1ee3n n\u1ea1c xay nhuy\u1ec5n v\u1eeba \u0111\u1ed9 d\u1ebbo m\u1ecbn bao b\u1ecdc, \u00f4m tr\u1ecdn l\u1ea5y nh\u1eefng l\u00e1t tai l\u1ee3n th\u00e1i m\u1ecfng, \u0111i\u1ec3m xuy\u1ebft th\u00eam ch\u00fat n\u1ea5m h\u01b0\u01a1ng th\u01a1m l\u1eebng.\" \/>\n<meta property=\"og:url\" content=\"https:\/\/giochaducbinh.vn\/en\/product\/gio-tai\/\" \/>\n<meta property=\"og:site_name\" content=\"Gi\u00f2 Ch\u1ea3 \u0110\u1ee9c B\u00ecnh\" \/>\n<meta property=\"article:modified_time\" content=\"2026-04-04T03:29:55+00:00\" \/>\n<meta property=\"og:image\" content=\"https:\/\/giochaducbinh.vn\/wp-content\/uploads\/2026\/03\/gio-cha-uoc-le26735_optimized.jpg\" \/>\n\t<meta property=\"og:image:width\" content=\"1536\" \/>\n\t<meta property=\"og:image:height\" content=\"1920\" \/>\n\t<meta property=\"og:image:type\" content=\"image\/jpeg\" \/>\n<meta name=\"twitter:card\" content=\"summary_large_image\" \/>\n<meta name=\"twitter:label1\" content=\"Est. reading time\" \/>\n\t<meta name=\"twitter:data1\" content=\"1 minute\" \/>\n<script type=\"application\/ld+json\" class=\"yoast-schema-graph\">{\"@context\":\"https:\/\/schema.org\",\"@graph\":[{\"@type\":\"WebPage\",\"@id\":\"https:\/\/giochaducbinh.vn\/san-pham\/gio-tai\/\",\"url\":\"https:\/\/giochaducbinh.vn\/san-pham\/gio-tai\/\",\"name\":\"Gi\u00f2 Tai - Gi\u00f2 Ch\u1ea3 \u0110\u1ee9c B\u00ecnh\",\"isPartOf\":{\"@id\":\"https:\/\/giochaducbinh.vn\/#website\"},\"datePublished\":\"2026-04-04T03:26:34+00:00\",\"dateModified\":\"2026-04-04T03:29:55+00:00\",\"breadcrumb\":{\"@id\":\"https:\/\/giochaducbinh.vn\/san-pham\/gio-tai\/#breadcrumb\"},\"inLanguage\":\"en-US\",\"potentialAction\":[{\"@type\":\"ReadAction\",\"target\":[\"https:\/\/giochaducbinh.vn\/san-pham\/gio-tai\/\"]}]},{\"@type\":\"BreadcrumbList\",\"@id\":\"https:\/\/giochaducbinh.vn\/san-pham\/gio-tai\/#breadcrumb\",\"itemListElement\":[{\"@type\":\"ListItem\",\"position\":1,\"name\":\"Home\",\"item\":\"https:\/\/giochaducbinh.vn\/\"},{\"@type\":\"ListItem\",\"position\":2,\"name\":\"S\u1ea3n ph\u1ea9m\",\"item\":\"https:\/\/giochaducbinh.vn\/san-pham\/\"},{\"@type\":\"ListItem\",\"position\":3,\"name\":\"Gi\u00f2 Tai\"}]},{\"@type\":\"WebSite\",\"@id\":\"https:\/\/giochaducbinh.vn\/#website\",\"url\":\"https:\/\/giochaducbinh.vn\/\",\"name\":\"Gi\u00f2 Ch\u1ea3 \u0110\u1ee9c B\u00ecnh\",\"description\":\"B\u00ed quy\u1ebft gia truy\u1ec1n, h\u01b0\u01a1ng v\u1ecb \u0111\u1ed9c nh\u1ea5t\",\"potentialAction\":[{\"@type\":\"SearchAction\",\"target\":{\"@type\":\"EntryPoint\",\"urlTemplate\":\"https:\/\/giochaducbinh.vn\/?s={search_term_string}\"},\"query-input\":\"required name=search_term_string\"}],\"inLanguage\":\"en-US\"}]}<\/script>\n<!-- \/ Yoast SEO Premium plugin. -->","yoast_head_json":{"title":"Gi\u00f2 Tai - Gi\u00f2 Ch\u1ea3 \u0110\u1ee9c B\u00ecnh","robots":{"index":"index","follow":"follow","max-snippet":"max-snippet:-1","max-image-preview":"max-image-preview:large","max-video-preview":"max-video-preview:-1"},"canonical":"https:\/\/giochaducbinh.vn\/en\/product\/gio-tai\/","og_locale":"en_US","og_type":"article","og_title":"Gi\u00f2 Tai","og_description":"B\u00ed quy\u1ebft n\u1eb1m \u1edf t\u1ef7 l\u1ec7 ph\u1ed1i tr\u1ed9n kh\u00e9o l\u00e9o, n\u01a1i l\u1edbp th\u1ecbt l\u1ee3n n\u1ea1c xay nhuy\u1ec5n v\u1eeba \u0111\u1ed9 d\u1ebbo m\u1ecbn bao b\u1ecdc, \u00f4m tr\u1ecdn l\u1ea5y nh\u1eefng l\u00e1t tai l\u1ee3n th\u00e1i m\u1ecfng, \u0111i\u1ec3m xuy\u1ebft th\u00eam ch\u00fat n\u1ea5m h\u01b0\u01a1ng th\u01a1m l\u1eebng.","og_url":"https:\/\/giochaducbinh.vn\/en\/product\/gio-tai\/","og_site_name":"Gi\u00f2 Ch\u1ea3 \u0110\u1ee9c B\u00ecnh","article_modified_time":"2026-04-04T03:29:55+00:00","og_image":[{"width":1536,"height":1920,"url":"https:\/\/giochaducbinh.vn\/wp-content\/uploads\/2026\/03\/gio-cha-uoc-le26735_optimized.jpg","type":"image\/jpeg"}],"twitter_card":"summary_large_image","twitter_misc":{"Est. reading time":"1 minute"},"schema":{"@context":"https:\/\/schema.org","@graph":[{"@type":"WebPage","@id":"https:\/\/giochaducbinh.vn\/san-pham\/gio-tai\/","url":"https:\/\/giochaducbinh.vn\/san-pham\/gio-tai\/","name":"Gi\u00f2 Tai - Gi\u00f2 Ch\u1ea3 \u0110\u1ee9c B\u00ecnh","isPartOf":{"@id":"https:\/\/giochaducbinh.vn\/#website"},"datePublished":"2026-04-04T03:26:34+00:00","dateModified":"2026-04-04T03:29:55+00:00","breadcrumb":{"@id":"https:\/\/giochaducbinh.vn\/san-pham\/gio-tai\/#breadcrumb"},"inLanguage":"en-US","potentialAction":[{"@type":"ReadAction","target":["https:\/\/giochaducbinh.vn\/san-pham\/gio-tai\/"]}]},{"@type":"BreadcrumbList","@id":"https:\/\/giochaducbinh.vn\/san-pham\/gio-tai\/#breadcrumb","itemListElement":[{"@type":"ListItem","position":1,"name":"Home","item":"https:\/\/giochaducbinh.vn\/"},{"@type":"ListItem","position":2,"name":"S\u1ea3n ph\u1ea9m","item":"https:\/\/giochaducbinh.vn\/san-pham\/"},{"@type":"ListItem","position":3,"name":"Gi\u00f2 Tai"}]},{"@type":"WebSite","@id":"https:\/\/giochaducbinh.vn\/#website","url":"https:\/\/giochaducbinh.vn\/","name":"Gi\u00f2 Ch\u1ea3 \u0110\u1ee9c B\u00ecnh","description":"B\u00ed quy\u1ebft gia truy\u1ec1n, h\u01b0\u01a1ng v\u1ecb \u0111\u1ed9c nh\u1ea5t","potentialAction":[{"@type":"SearchAction","target":{"@type":"EntryPoint","urlTemplate":"https:\/\/giochaducbinh.vn\/?s={search_term_string}"},"query-input":"required name=search_term_string"}],"inLanguage":"en-US"}]}},"_links":{"self":[{"href":"https:\/\/giochaducbinh.vn\/en\/wp-json\/wp\/v2\/product\/259","targetHints":{"allow":["GET"]}}],"collection":[{"href":"https:\/\/giochaducbinh.vn\/en\/wp-json\/wp\/v2\/product"}],"about":[{"href":"https:\/\/giochaducbinh.vn\/en\/wp-json\/wp\/v2\/types\/product"}],"wp:featuredmedia":[{"embeddable":true,"href":"https:\/\/giochaducbinh.vn\/en\/wp-json\/wp\/v2\/media\/137"}],"wp:attachment":[{"href":"https:\/\/giochaducbinh.vn\/en\/wp-json\/wp\/v2\/media?parent=259"}],"wp:term":[{"taxonomy":"product_brand","embeddable":true,"href":"https:\/\/giochaducbinh.vn\/en\/wp-json\/wp\/v2\/product_brand?post=259"},{"taxonomy":"product_cat","embeddable":true,"href":"https:\/\/giochaducbinh.vn\/en\/wp-json\/wp\/v2\/product_cat?post=259"},{"taxonomy":"product_tag","embeddable":true,"href":"https:\/\/giochaducbinh.vn\/en\/wp-json\/wp\/v2\/product_tag?post=259"}],"curies":[{"name":"wp","href":"https:\/\/api.w.org\/{rel}","templated":true}]}}