{"id":260,"date":"2026-04-04T03:30:02","date_gmt":"2026-04-04T03:30:02","guid":{"rendered":"https:\/\/dubi.123websitedev.com\/?post_type=product&#038;p=260"},"modified":"2026-04-04T03:31:57","modified_gmt":"2026-04-04T03:31:57","slug":"cha-com-tu-le-2","status":"publish","type":"product","link":"https:\/\/giochaducbinh.vn\/en\/product\/cha-com-tu-le-2\/","title":{"rendered":"Tu Le Rice Flake Sausage"},"content":{"rendered":"<p><em><strong>S\u1ef1 giao thoa ho\u00e0n h\u1ea3o c\u1ee7a \u1ea9m th\u1ef1c H\u00e0 Th\u00e0nh<\/strong><\/em>. \u0110\u1eb7c s\u1ea3n ch\u1ea3 c\u1ed1m \u0110\u1ee9c B\u00ecnh n\u00e2ng t\u1ea7m m\u00f3n \u0103n d\u00e2n d\u00e3 b\u1eb1ng s\u1ef1 ph\u1ed1i tr\u1ed9n kh\u00e9o l\u00e9o gi\u1eefa nh\u1eefng h\u1ea1t c\u1ed1m non T\u00fa L\u1ec7 nguy\u00ean h\u1ea1t d\u1ebbo th\u01a1m n\u1ee9c ti\u1ebfng, quy\u1ec7n ch\u1eb7t v\u00e0o ph\u1ea7n m\u1ed9c l\u1ee3n t\u01b0\u01a1i xay nhuy\u1ec5n v\u00e0 ch\u00fat m\u1ee1 ph\u1ea7n b\u00e9o ng\u1eady. S\u1ef1 k\u1ebft h\u1ee3p tinh t\u1ebf n\u00e0y gi\u00fap mi\u1ebfng ch\u1ea3 \u0111\u1ea1t \u0111\u1ed9 c\u00e2n b\u1eb1ng tuy\u1ec7t \u0111\u1ed1i. Khi chi\u00ean ng\u1eadp d\u1ea7u, ch\u1ea3 ph\u1ed3ng l\u00ean v\u1edbi l\u1edbp v\u1ecf ngo\u00e0i v\u00e0ng ru\u1ed9m. C\u1eaft \u0111\u00f4i mi\u1ebfng ch\u1ea3, h\u1ea1t c\u1ed1m n\u1edf d\u1ebbo qu\u00e1nh, l\u1edbp th\u1ecbt b\u00ean trong v\u1eabn gi\u1eef nguy\u00ean \u0111\u1ed9 \u1ea9m m\u1ec1m m\u1ecdng, t\u1ecfa ra m\u00f9i th\u01a1m l\u1eebng \u0111\u1eb7c tr\u01b0ng kh\u00f4ng l\u1eabn v\u00e0o \u0111\u00e2u \u0111\u01b0\u1ee3c. \u0110\u00e2y ch\u00ednh l\u00e0 tinh hoa kh\u00f4ng th\u1ec3 thi\u1ebfu \u0111\u1ec3 t\u1ea1o n\u00ean m\u1ed9t m\u1eb9t b\u00fan \u0111\u1eadu m\u1eafm t\u00f4m chu\u1ea9n v\u1ecb.<\/p>","protected":false},"excerpt":{"rendered":"<p>\u0110\u1eb7c s\u1ea3n ch\u1ea3 c\u1ed1m \u0110\u1ee9c B\u00ecnh n\u00e2ng t\u1ea7m m\u00f3n \u0103n d\u00e2n d\u00e3 b\u1eb1ng s\u1ef1 ph\u1ed1i tr\u1ed9n kh\u00e9o l\u00e9o gi\u1eefa nh\u1eefng h\u1ea1t c\u1ed1m non T\u00fa L\u1ec7 nguy\u00ean h\u1ea1t d\u1ebbo th\u01a1m n\u1ee9c ti\u1ebfng, quy\u1ec7n ch\u1eb7t v\u00e0o ph\u1ea7n m\u1ed9c l\u1ee3n t\u01b0\u01a1i xay nhuy\u1ec5n v\u00e0 ch\u00fat m\u1ee1 ph\u1ea7n b\u00e9o ng\u1eady.<\/p>","protected":false},"featured_media":161,"template":"","meta":[],"product_brand":[],"product_cat":[18],"product_tag":[],"class_list":{"0":"post-260","1":"product","2":"type-product","3":"status-publish","4":"has-post-thumbnail","6":"product_cat-cha","8":"first","9":"instock","10":"featured","11":"shipping-taxable","12":"purchasable","13":"product-type-simple"},"yoast_head":"<!-- This site is optimized with the Yoast SEO Premium plugin v20.9 (Yoast SEO v20.9) - https:\/\/yoast.com\/wordpress\/plugins\/seo\/ -->\n<title>Ch\u1ea3 C\u1ed1m T\u00fa L\u1ec7 - Gi\u00f2 Ch\u1ea3 \u0110\u1ee9c B\u00ecnh<\/title>\n<meta name=\"robots\" content=\"index, follow, max-snippet:-1, max-image-preview:large, max-video-preview:-1\" \/>\n<link rel=\"canonical\" href=\"https:\/\/giochaducbinh.vn\/en\/product\/cha-com-tu-le-2\/\" \/>\n<meta property=\"og:locale\" content=\"en_US\" \/>\n<meta property=\"og:type\" content=\"article\" \/>\n<meta property=\"og:title\" content=\"Ch\u1ea3 C\u1ed1m T\u00fa L\u1ec7\" \/>\n<meta property=\"og:description\" content=\"\u0110\u1eb7c s\u1ea3n ch\u1ea3 c\u1ed1m \u0110\u1ee9c B\u00ecnh n\u00e2ng t\u1ea7m m\u00f3n \u0103n d\u00e2n d\u00e3 b\u1eb1ng s\u1ef1 ph\u1ed1i tr\u1ed9n kh\u00e9o l\u00e9o gi\u1eefa nh\u1eefng h\u1ea1t c\u1ed1m non T\u00fa L\u1ec7 nguy\u00ean h\u1ea1t d\u1ebbo th\u01a1m n\u1ee9c ti\u1ebfng, quy\u1ec7n ch\u1eb7t v\u00e0o ph\u1ea7n m\u1ed9c l\u1ee3n t\u01b0\u01a1i xay nhuy\u1ec5n v\u00e0 ch\u00fat m\u1ee1 ph\u1ea7n b\u00e9o ng\u1eady.\" \/>\n<meta property=\"og:url\" content=\"https:\/\/giochaducbinh.vn\/en\/product\/cha-com-tu-le-2\/\" \/>\n<meta property=\"og:site_name\" content=\"Gi\u00f2 Ch\u1ea3 \u0110\u1ee9c B\u00ecnh\" \/>\n<meta property=\"article:modified_time\" content=\"2026-04-04T03:31:57+00:00\" \/>\n<meta property=\"og:image\" content=\"https:\/\/giochaducbinh.vn\/wp-content\/uploads\/2026\/03\/gio-cha-uoc-le26955_optimized.jpg\" \/>\n\t<meta property=\"og:image:width\" content=\"1536\" \/>\n\t<meta property=\"og:image:height\" content=\"1920\" \/>\n\t<meta property=\"og:image:type\" content=\"image\/jpeg\" \/>\n<meta name=\"twitter:card\" content=\"summary_large_image\" \/>\n<meta name=\"twitter:label1\" content=\"Est. reading time\" \/>\n\t<meta name=\"twitter:data1\" content=\"1 minute\" \/>\n<script type=\"application\/ld+json\" class=\"yoast-schema-graph\">{\"@context\":\"https:\/\/schema.org\",\"@graph\":[{\"@type\":\"WebPage\",\"@id\":\"https:\/\/giochaducbinh.vn\/san-pham\/cha-com-tu-le-2\/\",\"url\":\"https:\/\/giochaducbinh.vn\/san-pham\/cha-com-tu-le-2\/\",\"name\":\"Ch\u1ea3 C\u1ed1m T\u00fa L\u1ec7 - Gi\u00f2 Ch\u1ea3 \u0110\u1ee9c B\u00ecnh\",\"isPartOf\":{\"@id\":\"https:\/\/giochaducbinh.vn\/#website\"},\"datePublished\":\"2026-04-04T03:30:02+00:00\",\"dateModified\":\"2026-04-04T03:31:57+00:00\",\"breadcrumb\":{\"@id\":\"https:\/\/giochaducbinh.vn\/san-pham\/cha-com-tu-le-2\/#breadcrumb\"},\"inLanguage\":\"en-US\",\"potentialAction\":[{\"@type\":\"ReadAction\",\"target\":[\"https:\/\/giochaducbinh.vn\/san-pham\/cha-com-tu-le-2\/\"]}]},{\"@type\":\"BreadcrumbList\",\"@id\":\"https:\/\/giochaducbinh.vn\/san-pham\/cha-com-tu-le-2\/#breadcrumb\",\"itemListElement\":[{\"@type\":\"ListItem\",\"position\":1,\"name\":\"Home\",\"item\":\"https:\/\/giochaducbinh.vn\/\"},{\"@type\":\"ListItem\",\"position\":2,\"name\":\"S\u1ea3n ph\u1ea9m\",\"item\":\"https:\/\/giochaducbinh.vn\/san-pham\/\"},{\"@type\":\"ListItem\",\"position\":3,\"name\":\"Ch\u1ea3 C\u1ed1m T\u00fa L\u1ec7\"}]},{\"@type\":\"WebSite\",\"@id\":\"https:\/\/giochaducbinh.vn\/#website\",\"url\":\"https:\/\/giochaducbinh.vn\/\",\"name\":\"Gi\u00f2 Ch\u1ea3 \u0110\u1ee9c B\u00ecnh\",\"description\":\"B\u00ed quy\u1ebft gia truy\u1ec1n, h\u01b0\u01a1ng v\u1ecb \u0111\u1ed9c nh\u1ea5t\",\"potentialAction\":[{\"@type\":\"SearchAction\",\"target\":{\"@type\":\"EntryPoint\",\"urlTemplate\":\"https:\/\/giochaducbinh.vn\/?s={search_term_string}\"},\"query-input\":\"required name=search_term_string\"}],\"inLanguage\":\"en-US\"}]}<\/script>\n<!-- \/ Yoast SEO Premium plugin. -->","yoast_head_json":{"title":"Ch\u1ea3 C\u1ed1m T\u00fa L\u1ec7 - Gi\u00f2 Ch\u1ea3 \u0110\u1ee9c B\u00ecnh","robots":{"index":"index","follow":"follow","max-snippet":"max-snippet:-1","max-image-preview":"max-image-preview:large","max-video-preview":"max-video-preview:-1"},"canonical":"https:\/\/giochaducbinh.vn\/en\/product\/cha-com-tu-le-2\/","og_locale":"en_US","og_type":"article","og_title":"Ch\u1ea3 C\u1ed1m T\u00fa L\u1ec7","og_description":"\u0110\u1eb7c s\u1ea3n ch\u1ea3 c\u1ed1m \u0110\u1ee9c B\u00ecnh n\u00e2ng t\u1ea7m m\u00f3n \u0103n d\u00e2n d\u00e3 b\u1eb1ng s\u1ef1 ph\u1ed1i tr\u1ed9n kh\u00e9o l\u00e9o gi\u1eefa nh\u1eefng h\u1ea1t c\u1ed1m non T\u00fa L\u1ec7 nguy\u00ean h\u1ea1t d\u1ebbo th\u01a1m n\u1ee9c ti\u1ebfng, quy\u1ec7n ch\u1eb7t v\u00e0o ph\u1ea7n m\u1ed9c l\u1ee3n t\u01b0\u01a1i xay nhuy\u1ec5n v\u00e0 ch\u00fat m\u1ee1 ph\u1ea7n b\u00e9o ng\u1eady.","og_url":"https:\/\/giochaducbinh.vn\/en\/product\/cha-com-tu-le-2\/","og_site_name":"Gi\u00f2 Ch\u1ea3 \u0110\u1ee9c B\u00ecnh","article_modified_time":"2026-04-04T03:31:57+00:00","og_image":[{"width":1536,"height":1920,"url":"https:\/\/giochaducbinh.vn\/wp-content\/uploads\/2026\/03\/gio-cha-uoc-le26955_optimized.jpg","type":"image\/jpeg"}],"twitter_card":"summary_large_image","twitter_misc":{"Est. reading time":"1 minute"},"schema":{"@context":"https:\/\/schema.org","@graph":[{"@type":"WebPage","@id":"https:\/\/giochaducbinh.vn\/san-pham\/cha-com-tu-le-2\/","url":"https:\/\/giochaducbinh.vn\/san-pham\/cha-com-tu-le-2\/","name":"Ch\u1ea3 C\u1ed1m T\u00fa L\u1ec7 - Gi\u00f2 Ch\u1ea3 \u0110\u1ee9c B\u00ecnh","isPartOf":{"@id":"https:\/\/giochaducbinh.vn\/#website"},"datePublished":"2026-04-04T03:30:02+00:00","dateModified":"2026-04-04T03:31:57+00:00","breadcrumb":{"@id":"https:\/\/giochaducbinh.vn\/san-pham\/cha-com-tu-le-2\/#breadcrumb"},"inLanguage":"en-US","potentialAction":[{"@type":"ReadAction","target":["https:\/\/giochaducbinh.vn\/san-pham\/cha-com-tu-le-2\/"]}]},{"@type":"BreadcrumbList","@id":"https:\/\/giochaducbinh.vn\/san-pham\/cha-com-tu-le-2\/#breadcrumb","itemListElement":[{"@type":"ListItem","position":1,"name":"Home","item":"https:\/\/giochaducbinh.vn\/"},{"@type":"ListItem","position":2,"name":"S\u1ea3n ph\u1ea9m","item":"https:\/\/giochaducbinh.vn\/san-pham\/"},{"@type":"ListItem","position":3,"name":"Ch\u1ea3 C\u1ed1m T\u00fa L\u1ec7"}]},{"@type":"WebSite","@id":"https:\/\/giochaducbinh.vn\/#website","url":"https:\/\/giochaducbinh.vn\/","name":"Gi\u00f2 Ch\u1ea3 \u0110\u1ee9c B\u00ecnh","description":"B\u00ed quy\u1ebft gia truy\u1ec1n, h\u01b0\u01a1ng v\u1ecb \u0111\u1ed9c nh\u1ea5t","potentialAction":[{"@type":"SearchAction","target":{"@type":"EntryPoint","urlTemplate":"https:\/\/giochaducbinh.vn\/?s={search_term_string}"},"query-input":"required name=search_term_string"}],"inLanguage":"en-US"}]}},"_links":{"self":[{"href":"https:\/\/giochaducbinh.vn\/en\/wp-json\/wp\/v2\/product\/260","targetHints":{"allow":["GET"]}}],"collection":[{"href":"https:\/\/giochaducbinh.vn\/en\/wp-json\/wp\/v2\/product"}],"about":[{"href":"https:\/\/giochaducbinh.vn\/en\/wp-json\/wp\/v2\/types\/product"}],"wp:featuredmedia":[{"embeddable":true,"href":"https:\/\/giochaducbinh.vn\/en\/wp-json\/wp\/v2\/media\/161"}],"wp:attachment":[{"href":"https:\/\/giochaducbinh.vn\/en\/wp-json\/wp\/v2\/media?parent=260"}],"wp:term":[{"taxonomy":"product_brand","embeddable":true,"href":"https:\/\/giochaducbinh.vn\/en\/wp-json\/wp\/v2\/product_brand?post=260"},{"taxonomy":"product_cat","embeddable":true,"href":"https:\/\/giochaducbinh.vn\/en\/wp-json\/wp\/v2\/product_cat?post=260"},{"taxonomy":"product_tag","embeddable":true,"href":"https:\/\/giochaducbinh.vn\/en\/wp-json\/wp\/v2\/product_tag?post=260"}],"curies":[{"name":"wp","href":"https:\/\/api.w.org\/{rel}","templated":true}]}}