{"id":261,"date":"2026-04-04T03:33:06","date_gmt":"2026-04-04T03:33:06","guid":{"rendered":"https:\/\/dubi.123websitedev.com\/?post_type=product&#038;p=261"},"modified":"2026-04-06T02:20:50","modified_gmt":"2026-04-06T02:20:50","slug":"cha-que","status":"publish","type":"product","link":"https:\/\/giochaducbinh.vn\/en\/product\/cha-que\/","title":{"rendered":"Cinnamon Pork Sausage"},"content":{"rendered":"<p><em><strong>Th\u01a1m l\u1eebng v\u1ecb qu\u1ebf, n\u01b0\u1edbng x\u00e9m v\u00e0ng \u01b0\u01a1m<\/strong><\/em>. Mang s\u1ee9c h\u1ea5p d\u1eabn r\u1ea5t ri\u00eang, ch\u1ea3 qu\u1ebf \u0110\u1ee9c B\u00ecnh l\u00e0 s\u1ef1 h\u00f2a quy\u1ec7n tuy\u1ec7t v\u1eddi gi\u1eefa ph\u1ea7n th\u1ecbt l\u1ee3n t\u01b0\u01a1i tuy\u1ec3n ch\u1ecdn xay nhuy\u1ec5n c\u00f9ng ch\u00fat m\u1ee1 ph\u1ea7n d\u1ebbo b\u00e9o, n\u00eam n\u1ebfm \u0111\u01b0\u1ee3m m\u00f9i b\u1ed9t qu\u1ebf nguy\u00ean ch\u1ea5t. Ph\u1ea7n th\u1ecbt d\u1ebbo m\u1ecbn n\u00e0y sau \u0111\u00f3 \u0111\u01b0\u1ee3c t\u1ea1o h\u00ecnh kh\u00e9o l\u00e9o v\u00e0 l\u00e0m ch\u00edn t\u1edbi khi l\u1edbp v\u1ecf ngo\u00e0i chuy\u1ec3n m\u00e0u v\u00e0ng cam \u00f3ng \u1ea3, t\u01b0\u01a1m m\u1ee1. Ch\u1ea3 qu\u1ebf th\u00e0nh ph\u1ea9m t\u1ecfa h\u01b0\u01a1ng qu\u1ebf n\u1ed3ng n\u00e0n, mi\u1ebfng ch\u1ea3 dai m\u1ec1m, ng\u1ecdt th\u1ecbt quy\u1ec7n c\u00f9ng h\u01b0\u01a1ng th\u01a1m cay the nh\u1eb9 t\u1ef1 nhi\u00ean. R\u1ea5t th\u00edch h\u1ee3p \u0111\u1ec3 th\u00e1i l\u00e1t m\u1ecfng k\u1eb9p b\u00e1nh m\u00ec hay \u0103n c\u00f9ng b\u00e1nh cu\u1ed1n h\u00e0nh m\u1ed7i bu\u1ed5i s\u00e1ng.<\/p>","protected":false},"excerpt":{"rendered":"<p>Mang s\u1ee9c h\u1ea5p d\u1eabn r\u1ea5t ri\u00eang, ch\u1ea3 qu\u1ebf \u0110\u1ee9c B\u00ecnh l\u00e0 s\u1ef1 h\u00f2a quy\u1ec7n tuy\u1ec7t v\u1eddi gi\u1eefa ph\u1ea7n th\u1ecbt l\u1ee3n t\u01b0\u01a1i tuy\u1ec3n ch\u1ecdn xay nhuy\u1ec5n c\u00f9ng ch\u00fat m\u1ee1 ph\u1ea7n d\u1ebbo b\u00e9o, n\u00eam n\u1ebfm \u0111\u01b0\u1ee3m m\u00f9i b\u1ed9t qu\u1ebf nguy\u00ean ch\u1ea5t.<\/p>","protected":false},"featured_media":263,"template":"","meta":[],"product_brand":[],"product_cat":[18],"product_tag":[],"class_list":{"0":"post-261","1":"product","2":"type-product","3":"status-publish","4":"has-post-thumbnail","6":"product_cat-cha","8":"first","9":"instock","10":"featured","11":"shipping-taxable","12":"purchasable","13":"product-type-simple"},"yoast_head":"<!-- This site is optimized with the Yoast SEO Premium plugin v20.9 (Yoast SEO v20.9) - https:\/\/yoast.com\/wordpress\/plugins\/seo\/ -->\n<title>Ch\u1ea3 Qu\u1ebf - Gi\u00f2 Ch\u1ea3 \u0110\u1ee9c B\u00ecnh<\/title>\n<meta name=\"robots\" content=\"index, follow, max-snippet:-1, max-image-preview:large, max-video-preview:-1\" \/>\n<link rel=\"canonical\" href=\"https:\/\/giochaducbinh.vn\/en\/product\/cha-que\/\" \/>\n<meta property=\"og:locale\" content=\"en_US\" \/>\n<meta property=\"og:type\" content=\"article\" \/>\n<meta property=\"og:title\" content=\"Ch\u1ea3 Qu\u1ebf\" \/>\n<meta property=\"og:description\" content=\"Mang s\u1ee9c h\u1ea5p d\u1eabn r\u1ea5t ri\u00eang, ch\u1ea3 qu\u1ebf \u0110\u1ee9c B\u00ecnh l\u00e0 s\u1ef1 h\u00f2a quy\u1ec7n tuy\u1ec7t v\u1eddi gi\u1eefa ph\u1ea7n th\u1ecbt l\u1ee3n t\u01b0\u01a1i tuy\u1ec3n ch\u1ecdn xay nhuy\u1ec5n c\u00f9ng ch\u00fat m\u1ee1 ph\u1ea7n d\u1ebbo b\u00e9o, n\u00eam n\u1ebfm \u0111\u01b0\u1ee3m m\u00f9i b\u1ed9t qu\u1ebf nguy\u00ean ch\u1ea5t.\" \/>\n<meta property=\"og:url\" content=\"https:\/\/giochaducbinh.vn\/en\/product\/cha-que\/\" \/>\n<meta property=\"og:site_name\" content=\"Gi\u00f2 Ch\u1ea3 \u0110\u1ee9c B\u00ecnh\" \/>\n<meta property=\"article:modified_time\" content=\"2026-04-06T02:20:50+00:00\" \/>\n<meta property=\"og:image\" content=\"https:\/\/giochaducbinh.vn\/wp-content\/uploads\/2026\/04\/Gio-cha-uoc-le27103.jpg\" \/>\n\t<meta property=\"og:image:width\" content=\"1536\" \/>\n\t<meta property=\"og:image:height\" content=\"1920\" \/>\n\t<meta property=\"og:image:type\" content=\"image\/jpeg\" \/>\n<meta name=\"twitter:card\" content=\"summary_large_image\" \/>\n<meta name=\"twitter:label1\" content=\"Est. reading time\" \/>\n\t<meta name=\"twitter:data1\" content=\"1 minute\" \/>\n<script type=\"application\/ld+json\" class=\"yoast-schema-graph\">{\"@context\":\"https:\/\/schema.org\",\"@graph\":[{\"@type\":\"WebPage\",\"@id\":\"https:\/\/giochaducbinh.vn\/san-pham\/cha-que\/\",\"url\":\"https:\/\/giochaducbinh.vn\/san-pham\/cha-que\/\",\"name\":\"Ch\u1ea3 Qu\u1ebf - Gi\u00f2 Ch\u1ea3 \u0110\u1ee9c B\u00ecnh\",\"isPartOf\":{\"@id\":\"https:\/\/giochaducbinh.vn\/#website\"},\"datePublished\":\"2026-04-04T03:33:06+00:00\",\"dateModified\":\"2026-04-06T02:20:50+00:00\",\"breadcrumb\":{\"@id\":\"https:\/\/giochaducbinh.vn\/san-pham\/cha-que\/#breadcrumb\"},\"inLanguage\":\"en-US\",\"potentialAction\":[{\"@type\":\"ReadAction\",\"target\":[\"https:\/\/giochaducbinh.vn\/san-pham\/cha-que\/\"]}]},{\"@type\":\"BreadcrumbList\",\"@id\":\"https:\/\/giochaducbinh.vn\/san-pham\/cha-que\/#breadcrumb\",\"itemListElement\":[{\"@type\":\"ListItem\",\"position\":1,\"name\":\"Home\",\"item\":\"https:\/\/giochaducbinh.vn\/\"},{\"@type\":\"ListItem\",\"position\":2,\"name\":\"S\u1ea3n ph\u1ea9m\",\"item\":\"https:\/\/giochaducbinh.vn\/san-pham\/\"},{\"@type\":\"ListItem\",\"position\":3,\"name\":\"Ch\u1ea3 Qu\u1ebf\"}]},{\"@type\":\"WebSite\",\"@id\":\"https:\/\/giochaducbinh.vn\/#website\",\"url\":\"https:\/\/giochaducbinh.vn\/\",\"name\":\"Gi\u00f2 Ch\u1ea3 \u0110\u1ee9c B\u00ecnh\",\"description\":\"B\u00ed quy\u1ebft gia truy\u1ec1n, h\u01b0\u01a1ng v\u1ecb \u0111\u1ed9c nh\u1ea5t\",\"potentialAction\":[{\"@type\":\"SearchAction\",\"target\":{\"@type\":\"EntryPoint\",\"urlTemplate\":\"https:\/\/giochaducbinh.vn\/?s={search_term_string}\"},\"query-input\":\"required name=search_term_string\"}],\"inLanguage\":\"en-US\"}]}<\/script>\n<!-- \/ Yoast SEO Premium plugin. -->","yoast_head_json":{"title":"Ch\u1ea3 Qu\u1ebf - Gi\u00f2 Ch\u1ea3 \u0110\u1ee9c B\u00ecnh","robots":{"index":"index","follow":"follow","max-snippet":"max-snippet:-1","max-image-preview":"max-image-preview:large","max-video-preview":"max-video-preview:-1"},"canonical":"https:\/\/giochaducbinh.vn\/en\/product\/cha-que\/","og_locale":"en_US","og_type":"article","og_title":"Ch\u1ea3 Qu\u1ebf","og_description":"Mang s\u1ee9c h\u1ea5p d\u1eabn r\u1ea5t ri\u00eang, ch\u1ea3 qu\u1ebf \u0110\u1ee9c B\u00ecnh l\u00e0 s\u1ef1 h\u00f2a quy\u1ec7n tuy\u1ec7t v\u1eddi gi\u1eefa ph\u1ea7n th\u1ecbt l\u1ee3n t\u01b0\u01a1i tuy\u1ec3n ch\u1ecdn xay nhuy\u1ec5n c\u00f9ng ch\u00fat m\u1ee1 ph\u1ea7n d\u1ebbo b\u00e9o, n\u00eam n\u1ebfm \u0111\u01b0\u1ee3m m\u00f9i b\u1ed9t qu\u1ebf nguy\u00ean ch\u1ea5t.","og_url":"https:\/\/giochaducbinh.vn\/en\/product\/cha-que\/","og_site_name":"Gi\u00f2 Ch\u1ea3 \u0110\u1ee9c B\u00ecnh","article_modified_time":"2026-04-06T02:20:50+00:00","og_image":[{"width":1536,"height":1920,"url":"https:\/\/giochaducbinh.vn\/wp-content\/uploads\/2026\/04\/Gio-cha-uoc-le27103.jpg","type":"image\/jpeg"}],"twitter_card":"summary_large_image","twitter_misc":{"Est. reading time":"1 minute"},"schema":{"@context":"https:\/\/schema.org","@graph":[{"@type":"WebPage","@id":"https:\/\/giochaducbinh.vn\/san-pham\/cha-que\/","url":"https:\/\/giochaducbinh.vn\/san-pham\/cha-que\/","name":"Ch\u1ea3 Qu\u1ebf - Gi\u00f2 Ch\u1ea3 \u0110\u1ee9c B\u00ecnh","isPartOf":{"@id":"https:\/\/giochaducbinh.vn\/#website"},"datePublished":"2026-04-04T03:33:06+00:00","dateModified":"2026-04-06T02:20:50+00:00","breadcrumb":{"@id":"https:\/\/giochaducbinh.vn\/san-pham\/cha-que\/#breadcrumb"},"inLanguage":"en-US","potentialAction":[{"@type":"ReadAction","target":["https:\/\/giochaducbinh.vn\/san-pham\/cha-que\/"]}]},{"@type":"BreadcrumbList","@id":"https:\/\/giochaducbinh.vn\/san-pham\/cha-que\/#breadcrumb","itemListElement":[{"@type":"ListItem","position":1,"name":"Home","item":"https:\/\/giochaducbinh.vn\/"},{"@type":"ListItem","position":2,"name":"S\u1ea3n ph\u1ea9m","item":"https:\/\/giochaducbinh.vn\/san-pham\/"},{"@type":"ListItem","position":3,"name":"Ch\u1ea3 Qu\u1ebf"}]},{"@type":"WebSite","@id":"https:\/\/giochaducbinh.vn\/#website","url":"https:\/\/giochaducbinh.vn\/","name":"Gi\u00f2 Ch\u1ea3 \u0110\u1ee9c B\u00ecnh","description":"B\u00ed quy\u1ebft gia truy\u1ec1n, h\u01b0\u01a1ng v\u1ecb \u0111\u1ed9c nh\u1ea5t","potentialAction":[{"@type":"SearchAction","target":{"@type":"EntryPoint","urlTemplate":"https:\/\/giochaducbinh.vn\/?s={search_term_string}"},"query-input":"required name=search_term_string"}],"inLanguage":"en-US"}]}},"_links":{"self":[{"href":"https:\/\/giochaducbinh.vn\/en\/wp-json\/wp\/v2\/product\/261","targetHints":{"allow":["GET"]}}],"collection":[{"href":"https:\/\/giochaducbinh.vn\/en\/wp-json\/wp\/v2\/product"}],"about":[{"href":"https:\/\/giochaducbinh.vn\/en\/wp-json\/wp\/v2\/types\/product"}],"wp:featuredmedia":[{"embeddable":true,"href":"https:\/\/giochaducbinh.vn\/en\/wp-json\/wp\/v2\/media\/263"}],"wp:attachment":[{"href":"https:\/\/giochaducbinh.vn\/en\/wp-json\/wp\/v2\/media?parent=261"}],"wp:term":[{"taxonomy":"product_brand","embeddable":true,"href":"https:\/\/giochaducbinh.vn\/en\/wp-json\/wp\/v2\/product_brand?post=261"},{"taxonomy":"product_cat","embeddable":true,"href":"https:\/\/giochaducbinh.vn\/en\/wp-json\/wp\/v2\/product_cat?post=261"},{"taxonomy":"product_tag","embeddable":true,"href":"https:\/\/giochaducbinh.vn\/en\/wp-json\/wp\/v2\/product_tag?post=261"}],"curies":[{"name":"wp","href":"https:\/\/api.w.org\/{rel}","templated":true}]}}