{"id":264,"date":"2026-04-06T02:21:10","date_gmt":"2026-04-06T02:21:10","guid":{"rendered":"https:\/\/dubi.123websitedev.com\/?post_type=product&#038;p=264"},"modified":"2026-04-06T02:24:41","modified_gmt":"2026-04-06T02:24:41","slug":"cha-ca-2","status":"publish","type":"product","link":"https:\/\/giochaducbinh.vn\/en\/product\/cha-ca-2\/","title":{"rendered":"Fish Cake"},"content":{"rendered":"<p><em><strong>M\u00f3n \u0103n v\u1eb7t quen thu\u1ed9c c\u1ee7a gi\u1edbi tr\u1ebb Th\u1ee7 \u0110\u00f4.<\/strong><\/em> Th\u1ea5u hi\u1ec3u mong mu\u1ed1n th\u01b0\u1edfng th\u1ee9c m\u00f3n \u0103n v\u1eb7t \u0111\u01b0\u1eddng ph\u1ed1 m\u1ed9t c\u00e1ch an t\u00e2m nh\u1ea5t, nem chua r\u00e1n \u0110\u1ee9c B\u00ecnh \u0111\u01b0\u1ee3c ch\u1ebf bi\u1ebfn kh\u00e9o l\u00e9o t\u1eeb ph\u1ea7n th\u1ecbt l\u1ee3n n\u1ea1c t\u01b0\u01a1i ngon c\u00f9ng b\u00ec l\u1ee3n th\u00e1i s\u1ee3i l\u00e0m s\u1ea1ch k\u1ef9 l\u01b0\u1ee1ng. H\u1ed7n h\u1ee3p \u0111\u01b0\u1ee3c t\u1ea9m \u01b0\u1edbp gia v\u1ecb \u0111\u1eadm \u0111\u00e0, tr\u1ed9n d\u1ebbo d\u00ednh v\u00e0 \u00e1o nh\u1eb9 qua m\u1ed9t l\u1edbp b\u1ed9t chi\u00ean x\u00f9 m\u1ecfng. Khi chi\u00ean ng\u1eadp d\u1ea7u, t\u1eebng chi\u1ebfc nem kho\u00e1c l\u00ean m\u00ecnh l\u1edbp v\u1ecf v\u00e0ng r\u1ed9m, gi\u00f2n tan r\u00f4m r\u1ed1p, trong khi ph\u1ea7n nh\u00e2n b\u00ean trong v\u1eabn gi\u1eef tr\u1ecdn \u0111\u1ed9 dai m\u1ec1m, d\u1ebbo b\u00f9i \u0111\u1eb7c tr\u01b0ng. Ch\u1ec9 c\u1ea7n v\u00e0i ph\u00fat ch\u1ebf bi\u1ebfn nhanh ch\u00f3ng, b\u1ea1n \u0111\u00e3 c\u00f3 ngay m\u1ed9t \u0111\u0129a nem n\u00f3ng h\u1ed5i, ch\u1ea5m c\u00f9ng t\u01b0\u01a1ng \u1edbt cay ng\u1ecdt \u0111\u1ec3 nh\u00e2m nhi c\u00f9ng gia \u0111\u00ecnh v\u00e0 b\u1ea1n b\u00e8.<\/p>","protected":false},"excerpt":{"rendered":"<p>Th\u1ea5u hi\u1ec3u mong mu\u1ed1n th\u01b0\u1edfng th\u1ee9c m\u00f3n \u0103n v\u1eb7t \u0111\u01b0\u1eddng ph\u1ed1 m\u1ed9t c\u00e1ch an t\u00e2m nh\u1ea5t, nem chua r\u00e1n \u0110\u1ee9c B\u00ecnh \u0111\u01b0\u1ee3c ch\u1ebf bi\u1ebfn kh\u00e9o l\u00e9o t\u1eeb ph\u1ea7n th\u1ecbt l\u1ee3n n\u1ea1c t\u01b0\u01a1i ngon c\u00f9ng b\u00ec l\u1ee3n th\u00e1i s\u1ee3i l\u00e0m s\u1ea1ch k\u1ef9 l\u01b0\u1ee1ng.<\/p>","protected":false},"featured_media":265,"template":"","meta":[],"product_brand":[],"product_cat":[18],"product_tag":[],"class_list":{"0":"post-264","1":"product","2":"type-product","3":"status-publish","4":"has-post-thumbnail","6":"product_cat-cha","8":"first","9":"instock","10":"featured","11":"shipping-taxable","12":"purchasable","13":"product-type-simple"},"yoast_head":"<!-- This site is optimized with the Yoast SEO Premium plugin v20.9 (Yoast SEO v20.9) - https:\/\/yoast.com\/wordpress\/plugins\/seo\/ -->\n<title>Ch\u1ea3 C\u00e1 - Gi\u00f2 Ch\u1ea3 \u0110\u1ee9c B\u00ecnh<\/title>\n<meta name=\"robots\" content=\"index, follow, max-snippet:-1, max-image-preview:large, max-video-preview:-1\" \/>\n<link rel=\"canonical\" href=\"https:\/\/giochaducbinh.vn\/en\/product\/cha-ca-2\/\" \/>\n<meta property=\"og:locale\" content=\"en_US\" \/>\n<meta property=\"og:type\" content=\"article\" \/>\n<meta property=\"og:title\" content=\"Ch\u1ea3 C\u00e1\" \/>\n<meta property=\"og:description\" content=\"Th\u1ea5u hi\u1ec3u mong mu\u1ed1n th\u01b0\u1edfng th\u1ee9c m\u00f3n \u0103n v\u1eb7t \u0111\u01b0\u1eddng ph\u1ed1 m\u1ed9t c\u00e1ch an t\u00e2m nh\u1ea5t, nem chua r\u00e1n \u0110\u1ee9c B\u00ecnh \u0111\u01b0\u1ee3c ch\u1ebf bi\u1ebfn kh\u00e9o l\u00e9o t\u1eeb ph\u1ea7n th\u1ecbt l\u1ee3n n\u1ea1c t\u01b0\u01a1i ngon c\u00f9ng b\u00ec l\u1ee3n th\u00e1i s\u1ee3i l\u00e0m s\u1ea1ch k\u1ef9 l\u01b0\u1ee1ng.\" \/>\n<meta property=\"og:url\" content=\"https:\/\/giochaducbinh.vn\/en\/product\/cha-ca-2\/\" \/>\n<meta property=\"og:site_name\" content=\"Gi\u00f2 Ch\u1ea3 \u0110\u1ee9c B\u00ecnh\" \/>\n<meta property=\"article:modified_time\" content=\"2026-04-06T02:24:41+00:00\" \/>\n<meta property=\"og:image\" content=\"https:\/\/giochaducbinh.vn\/wp-content\/uploads\/2026\/04\/Gio-cha-uoc-le27026.jpg\" \/>\n\t<meta property=\"og:image:width\" content=\"1536\" \/>\n\t<meta property=\"og:image:height\" content=\"1920\" \/>\n\t<meta property=\"og:image:type\" content=\"image\/jpeg\" \/>\n<meta name=\"twitter:card\" content=\"summary_large_image\" \/>\n<meta name=\"twitter:label1\" content=\"Est. reading time\" \/>\n\t<meta name=\"twitter:data1\" content=\"1 minute\" \/>\n<script type=\"application\/ld+json\" class=\"yoast-schema-graph\">{\"@context\":\"https:\/\/schema.org\",\"@graph\":[{\"@type\":\"WebPage\",\"@id\":\"https:\/\/giochaducbinh.vn\/san-pham\/cha-ca-2\/\",\"url\":\"https:\/\/giochaducbinh.vn\/san-pham\/cha-ca-2\/\",\"name\":\"Ch\u1ea3 C\u00e1 - Gi\u00f2 Ch\u1ea3 \u0110\u1ee9c B\u00ecnh\",\"isPartOf\":{\"@id\":\"https:\/\/giochaducbinh.vn\/#website\"},\"datePublished\":\"2026-04-06T02:21:10+00:00\",\"dateModified\":\"2026-04-06T02:24:41+00:00\",\"breadcrumb\":{\"@id\":\"https:\/\/giochaducbinh.vn\/san-pham\/cha-ca-2\/#breadcrumb\"},\"inLanguage\":\"en-US\",\"potentialAction\":[{\"@type\":\"ReadAction\",\"target\":[\"https:\/\/giochaducbinh.vn\/san-pham\/cha-ca-2\/\"]}]},{\"@type\":\"BreadcrumbList\",\"@id\":\"https:\/\/giochaducbinh.vn\/san-pham\/cha-ca-2\/#breadcrumb\",\"itemListElement\":[{\"@type\":\"ListItem\",\"position\":1,\"name\":\"Home\",\"item\":\"https:\/\/giochaducbinh.vn\/\"},{\"@type\":\"ListItem\",\"position\":2,\"name\":\"S\u1ea3n ph\u1ea9m\",\"item\":\"https:\/\/giochaducbinh.vn\/san-pham\/\"},{\"@type\":\"ListItem\",\"position\":3,\"name\":\"Ch\u1ea3 C\u00e1\"}]},{\"@type\":\"WebSite\",\"@id\":\"https:\/\/giochaducbinh.vn\/#website\",\"url\":\"https:\/\/giochaducbinh.vn\/\",\"name\":\"Gi\u00f2 Ch\u1ea3 \u0110\u1ee9c B\u00ecnh\",\"description\":\"B\u00ed quy\u1ebft gia truy\u1ec1n, h\u01b0\u01a1ng v\u1ecb \u0111\u1ed9c nh\u1ea5t\",\"potentialAction\":[{\"@type\":\"SearchAction\",\"target\":{\"@type\":\"EntryPoint\",\"urlTemplate\":\"https:\/\/giochaducbinh.vn\/?s={search_term_string}\"},\"query-input\":\"required name=search_term_string\"}],\"inLanguage\":\"en-US\"}]}<\/script>\n<!-- \/ Yoast SEO Premium plugin. -->","yoast_head_json":{"title":"Ch\u1ea3 C\u00e1 - Gi\u00f2 Ch\u1ea3 \u0110\u1ee9c B\u00ecnh","robots":{"index":"index","follow":"follow","max-snippet":"max-snippet:-1","max-image-preview":"max-image-preview:large","max-video-preview":"max-video-preview:-1"},"canonical":"https:\/\/giochaducbinh.vn\/en\/product\/cha-ca-2\/","og_locale":"en_US","og_type":"article","og_title":"Ch\u1ea3 C\u00e1","og_description":"Th\u1ea5u hi\u1ec3u mong mu\u1ed1n th\u01b0\u1edfng th\u1ee9c m\u00f3n \u0103n v\u1eb7t \u0111\u01b0\u1eddng ph\u1ed1 m\u1ed9t c\u00e1ch an t\u00e2m nh\u1ea5t, nem chua r\u00e1n \u0110\u1ee9c B\u00ecnh \u0111\u01b0\u1ee3c ch\u1ebf bi\u1ebfn kh\u00e9o l\u00e9o t\u1eeb ph\u1ea7n th\u1ecbt l\u1ee3n n\u1ea1c t\u01b0\u01a1i ngon c\u00f9ng b\u00ec l\u1ee3n th\u00e1i s\u1ee3i l\u00e0m s\u1ea1ch k\u1ef9 l\u01b0\u1ee1ng.","og_url":"https:\/\/giochaducbinh.vn\/en\/product\/cha-ca-2\/","og_site_name":"Gi\u00f2 Ch\u1ea3 \u0110\u1ee9c B\u00ecnh","article_modified_time":"2026-04-06T02:24:41+00:00","og_image":[{"width":1536,"height":1920,"url":"https:\/\/giochaducbinh.vn\/wp-content\/uploads\/2026\/04\/Gio-cha-uoc-le27026.jpg","type":"image\/jpeg"}],"twitter_card":"summary_large_image","twitter_misc":{"Est. reading time":"1 minute"},"schema":{"@context":"https:\/\/schema.org","@graph":[{"@type":"WebPage","@id":"https:\/\/giochaducbinh.vn\/san-pham\/cha-ca-2\/","url":"https:\/\/giochaducbinh.vn\/san-pham\/cha-ca-2\/","name":"Ch\u1ea3 C\u00e1 - Gi\u00f2 Ch\u1ea3 \u0110\u1ee9c B\u00ecnh","isPartOf":{"@id":"https:\/\/giochaducbinh.vn\/#website"},"datePublished":"2026-04-06T02:21:10+00:00","dateModified":"2026-04-06T02:24:41+00:00","breadcrumb":{"@id":"https:\/\/giochaducbinh.vn\/san-pham\/cha-ca-2\/#breadcrumb"},"inLanguage":"en-US","potentialAction":[{"@type":"ReadAction","target":["https:\/\/giochaducbinh.vn\/san-pham\/cha-ca-2\/"]}]},{"@type":"BreadcrumbList","@id":"https:\/\/giochaducbinh.vn\/san-pham\/cha-ca-2\/#breadcrumb","itemListElement":[{"@type":"ListItem","position":1,"name":"Home","item":"https:\/\/giochaducbinh.vn\/"},{"@type":"ListItem","position":2,"name":"S\u1ea3n ph\u1ea9m","item":"https:\/\/giochaducbinh.vn\/san-pham\/"},{"@type":"ListItem","position":3,"name":"Ch\u1ea3 C\u00e1"}]},{"@type":"WebSite","@id":"https:\/\/giochaducbinh.vn\/#website","url":"https:\/\/giochaducbinh.vn\/","name":"Gi\u00f2 Ch\u1ea3 \u0110\u1ee9c B\u00ecnh","description":"B\u00ed quy\u1ebft gia truy\u1ec1n, h\u01b0\u01a1ng v\u1ecb \u0111\u1ed9c nh\u1ea5t","potentialAction":[{"@type":"SearchAction","target":{"@type":"EntryPoint","urlTemplate":"https:\/\/giochaducbinh.vn\/?s={search_term_string}"},"query-input":"required name=search_term_string"}],"inLanguage":"en-US"}]}},"_links":{"self":[{"href":"https:\/\/giochaducbinh.vn\/en\/wp-json\/wp\/v2\/product\/264","targetHints":{"allow":["GET"]}}],"collection":[{"href":"https:\/\/giochaducbinh.vn\/en\/wp-json\/wp\/v2\/product"}],"about":[{"href":"https:\/\/giochaducbinh.vn\/en\/wp-json\/wp\/v2\/types\/product"}],"wp:featuredmedia":[{"embeddable":true,"href":"https:\/\/giochaducbinh.vn\/en\/wp-json\/wp\/v2\/media\/265"}],"wp:attachment":[{"href":"https:\/\/giochaducbinh.vn\/en\/wp-json\/wp\/v2\/media?parent=264"}],"wp:term":[{"taxonomy":"product_brand","embeddable":true,"href":"https:\/\/giochaducbinh.vn\/en\/wp-json\/wp\/v2\/product_brand?post=264"},{"taxonomy":"product_cat","embeddable":true,"href":"https:\/\/giochaducbinh.vn\/en\/wp-json\/wp\/v2\/product_cat?post=264"},{"taxonomy":"product_tag","embeddable":true,"href":"https:\/\/giochaducbinh.vn\/en\/wp-json\/wp\/v2\/product_tag?post=264"}],"curies":[{"name":"wp","href":"https:\/\/api.w.org\/{rel}","templated":true}]}}