{"id":266,"date":"2026-04-06T02:24:53","date_gmt":"2026-04-06T02:24:53","guid":{"rendered":"https:\/\/dubi.123websitedev.com\/?post_type=product&#038;p=266"},"modified":"2026-04-06T02:27:37","modified_gmt":"2026-04-06T02:27:37","slug":"cha-sun-2","status":"publish","type":"product","link":"https:\/\/giochaducbinh.vn\/en\/product\/cha-sun-2\/","title":{"rendered":"Pork Cartilage Sausage"},"content":{"rendered":"<p><em><strong>Nh\u1ea5n nh\u00e1 s\u1ee5n g\u00e0, gi\u00f2n s\u1eadt \u0111\u01b0a mi\u1ec7ng, tr\u1ebb nh\u1ecf \u0111\u1ec1u m\u00ea. <\/strong><\/em>S\u1ef1 bi\u1ebfn t\u1ea5u \u0111\u1ea7y th\u00fa v\u1ecb t\u1eeb ch\u1ea3 l\u1ee3n truy\u1ec1n th\u1ed1ng. Ph\u1ea7n th\u1ecbt l\u1ee3n n\u1ea1c xay nhuy\u1ec5n d\u1ebbo m\u1ecbn kh\u00e9o l\u00e9o \u00f4m tr\u1ecdn l\u1ea5y nh\u1eefng h\u1ea1t s\u1ee5n non s\u1ea7n s\u1eadt v\u00e0 ch\u00fat m\u1ee1 ph\u1ea7n t\u01b0\u01a1m b\u00e9o. Khi \u0111em chi\u00ean, mi\u1ebfng ch\u1ea3 chuy\u1ec3n m\u00e0u v\u00e0ng \u01b0\u01a1m b\u1eaft m\u1eaft. \u0110i\u1ec3m th\u00fa v\u1ecb nh\u1ea5t l\u00e0 khi nhai, b\u1ea1n kh\u00f4ng ch\u1ec9 c\u1ea3m nh\u1eadn \u0111\u01b0\u1ee3c v\u1ecb ng\u1ecdt b\u00e9o c\u1ee7a th\u1ecbt m\u00e0 c\u00f2n li\u00ean t\u1ee5c b\u1eaft g\u1eb7p nh\u1eefng h\u1ea1t s\u1ee5n gi\u00f2n tan, t\u1ea1o \u00e2m thanh l\u00e1ch c\u00e1ch c\u1ef1c k\u1ef3 vui tai trong v\u00f2m mi\u1ec7ng. Kh\u00f4ng h\u1ec1 b\u1ecb kh\u00f4 hay ng\u00e1n, n\u00eam n\u1ebfm gia v\u1ecb v\u1eeba v\u1eb7n, ch\u1ea3 s\u1ee5n ch\u1eafc ch\u1eafn l\u00e0 m\u00f3n kho\u00e1i kh\u1ea9u gi\u00fap c\u1ea3 gia \u0111\u00ecnh \u0111\u00e1nh bay n\u1ed3i c\u01a1m.<\/p>","protected":false},"excerpt":{"rendered":"<p>S\u1ef1 bi\u1ebfn t\u1ea5u \u0111\u1ea7y th\u00fa v\u1ecb t\u1eeb ch\u1ea3 l\u1ee3n truy\u1ec1n th\u1ed1ng. Ph\u1ea7n th\u1ecbt l\u1ee3n n\u1ea1c xay nhuy\u1ec5n d\u1ebbo m\u1ecbn kh\u00e9o l\u00e9o \u00f4m tr\u1ecdn l\u1ea5y nh\u1eefng h\u1ea1t s\u1ee5n non s\u1ea7n s\u1eadt v\u00e0 ch\u00fat m\u1ee1 ph\u1ea7n t\u01b0\u01a1m b\u00e9o.<\/p>","protected":false},"featured_media":267,"template":"","meta":[],"product_brand":[],"product_cat":[18],"product_tag":[],"class_list":{"0":"post-266","1":"product","2":"type-product","3":"status-publish","4":"has-post-thumbnail","6":"product_cat-cha","8":"first","9":"instock","10":"featured","11":"shipping-taxable","12":"purchasable","13":"product-type-simple"},"yoast_head":"<!-- This site is optimized with the Yoast SEO Premium plugin v20.9 (Yoast SEO v20.9) - https:\/\/yoast.com\/wordpress\/plugins\/seo\/ -->\n<title>Ch\u1ea3 S\u1ee5n - Gi\u00f2 Ch\u1ea3 \u0110\u1ee9c B\u00ecnh<\/title>\n<meta name=\"robots\" content=\"index, follow, max-snippet:-1, max-image-preview:large, max-video-preview:-1\" \/>\n<link rel=\"canonical\" href=\"https:\/\/giochaducbinh.vn\/en\/product\/cha-sun-2\/\" \/>\n<meta property=\"og:locale\" content=\"en_US\" \/>\n<meta property=\"og:type\" content=\"article\" \/>\n<meta property=\"og:title\" content=\"Ch\u1ea3 S\u1ee5n\" \/>\n<meta property=\"og:description\" content=\"S\u1ef1 bi\u1ebfn t\u1ea5u \u0111\u1ea7y th\u00fa v\u1ecb t\u1eeb ch\u1ea3 l\u1ee3n truy\u1ec1n th\u1ed1ng. Ph\u1ea7n th\u1ecbt l\u1ee3n n\u1ea1c xay nhuy\u1ec5n d\u1ebbo m\u1ecbn kh\u00e9o l\u00e9o \u00f4m tr\u1ecdn l\u1ea5y nh\u1eefng h\u1ea1t s\u1ee5n non s\u1ea7n s\u1eadt v\u00e0 ch\u00fat m\u1ee1 ph\u1ea7n t\u01b0\u01a1m b\u00e9o.\" \/>\n<meta property=\"og:url\" content=\"https:\/\/giochaducbinh.vn\/en\/product\/cha-sun-2\/\" \/>\n<meta property=\"og:site_name\" content=\"Gi\u00f2 Ch\u1ea3 \u0110\u1ee9c B\u00ecnh\" \/>\n<meta property=\"article:modified_time\" content=\"2026-04-06T02:27:37+00:00\" \/>\n<meta property=\"og:image\" content=\"https:\/\/giochaducbinh.vn\/wp-content\/uploads\/2026\/04\/Gio-cha-uoc-le27077.jpg\" \/>\n\t<meta property=\"og:image:width\" content=\"1536\" \/>\n\t<meta property=\"og:image:height\" content=\"1920\" \/>\n\t<meta property=\"og:image:type\" content=\"image\/jpeg\" \/>\n<meta name=\"twitter:card\" content=\"summary_large_image\" \/>\n<meta name=\"twitter:label1\" content=\"Est. reading time\" \/>\n\t<meta name=\"twitter:data1\" content=\"1 minute\" \/>\n<script type=\"application\/ld+json\" class=\"yoast-schema-graph\">{\"@context\":\"https:\/\/schema.org\",\"@graph\":[{\"@type\":\"WebPage\",\"@id\":\"https:\/\/giochaducbinh.vn\/san-pham\/cha-sun-2\/\",\"url\":\"https:\/\/giochaducbinh.vn\/san-pham\/cha-sun-2\/\",\"name\":\"Ch\u1ea3 S\u1ee5n - Gi\u00f2 Ch\u1ea3 \u0110\u1ee9c B\u00ecnh\",\"isPartOf\":{\"@id\":\"https:\/\/giochaducbinh.vn\/#website\"},\"datePublished\":\"2026-04-06T02:24:53+00:00\",\"dateModified\":\"2026-04-06T02:27:37+00:00\",\"breadcrumb\":{\"@id\":\"https:\/\/giochaducbinh.vn\/san-pham\/cha-sun-2\/#breadcrumb\"},\"inLanguage\":\"en-US\",\"potentialAction\":[{\"@type\":\"ReadAction\",\"target\":[\"https:\/\/giochaducbinh.vn\/san-pham\/cha-sun-2\/\"]}]},{\"@type\":\"BreadcrumbList\",\"@id\":\"https:\/\/giochaducbinh.vn\/san-pham\/cha-sun-2\/#breadcrumb\",\"itemListElement\":[{\"@type\":\"ListItem\",\"position\":1,\"name\":\"Home\",\"item\":\"https:\/\/giochaducbinh.vn\/\"},{\"@type\":\"ListItem\",\"position\":2,\"name\":\"S\u1ea3n ph\u1ea9m\",\"item\":\"https:\/\/giochaducbinh.vn\/san-pham\/\"},{\"@type\":\"ListItem\",\"position\":3,\"name\":\"Ch\u1ea3 S\u1ee5n\"}]},{\"@type\":\"WebSite\",\"@id\":\"https:\/\/giochaducbinh.vn\/#website\",\"url\":\"https:\/\/giochaducbinh.vn\/\",\"name\":\"Gi\u00f2 Ch\u1ea3 \u0110\u1ee9c B\u00ecnh\",\"description\":\"B\u00ed quy\u1ebft gia truy\u1ec1n, h\u01b0\u01a1ng v\u1ecb \u0111\u1ed9c nh\u1ea5t\",\"potentialAction\":[{\"@type\":\"SearchAction\",\"target\":{\"@type\":\"EntryPoint\",\"urlTemplate\":\"https:\/\/giochaducbinh.vn\/?s={search_term_string}\"},\"query-input\":\"required name=search_term_string\"}],\"inLanguage\":\"en-US\"}]}<\/script>\n<!-- \/ Yoast SEO Premium plugin. -->","yoast_head_json":{"title":"Ch\u1ea3 S\u1ee5n - Gi\u00f2 Ch\u1ea3 \u0110\u1ee9c B\u00ecnh","robots":{"index":"index","follow":"follow","max-snippet":"max-snippet:-1","max-image-preview":"max-image-preview:large","max-video-preview":"max-video-preview:-1"},"canonical":"https:\/\/giochaducbinh.vn\/en\/product\/cha-sun-2\/","og_locale":"en_US","og_type":"article","og_title":"Ch\u1ea3 S\u1ee5n","og_description":"S\u1ef1 bi\u1ebfn t\u1ea5u \u0111\u1ea7y th\u00fa v\u1ecb t\u1eeb ch\u1ea3 l\u1ee3n truy\u1ec1n th\u1ed1ng. Ph\u1ea7n th\u1ecbt l\u1ee3n n\u1ea1c xay nhuy\u1ec5n d\u1ebbo m\u1ecbn kh\u00e9o l\u00e9o \u00f4m tr\u1ecdn l\u1ea5y nh\u1eefng h\u1ea1t s\u1ee5n non s\u1ea7n s\u1eadt v\u00e0 ch\u00fat m\u1ee1 ph\u1ea7n t\u01b0\u01a1m b\u00e9o.","og_url":"https:\/\/giochaducbinh.vn\/en\/product\/cha-sun-2\/","og_site_name":"Gi\u00f2 Ch\u1ea3 \u0110\u1ee9c B\u00ecnh","article_modified_time":"2026-04-06T02:27:37+00:00","og_image":[{"width":1536,"height":1920,"url":"https:\/\/giochaducbinh.vn\/wp-content\/uploads\/2026\/04\/Gio-cha-uoc-le27077.jpg","type":"image\/jpeg"}],"twitter_card":"summary_large_image","twitter_misc":{"Est. reading time":"1 minute"},"schema":{"@context":"https:\/\/schema.org","@graph":[{"@type":"WebPage","@id":"https:\/\/giochaducbinh.vn\/san-pham\/cha-sun-2\/","url":"https:\/\/giochaducbinh.vn\/san-pham\/cha-sun-2\/","name":"Ch\u1ea3 S\u1ee5n - Gi\u00f2 Ch\u1ea3 \u0110\u1ee9c B\u00ecnh","isPartOf":{"@id":"https:\/\/giochaducbinh.vn\/#website"},"datePublished":"2026-04-06T02:24:53+00:00","dateModified":"2026-04-06T02:27:37+00:00","breadcrumb":{"@id":"https:\/\/giochaducbinh.vn\/san-pham\/cha-sun-2\/#breadcrumb"},"inLanguage":"en-US","potentialAction":[{"@type":"ReadAction","target":["https:\/\/giochaducbinh.vn\/san-pham\/cha-sun-2\/"]}]},{"@type":"BreadcrumbList","@id":"https:\/\/giochaducbinh.vn\/san-pham\/cha-sun-2\/#breadcrumb","itemListElement":[{"@type":"ListItem","position":1,"name":"Home","item":"https:\/\/giochaducbinh.vn\/"},{"@type":"ListItem","position":2,"name":"S\u1ea3n ph\u1ea9m","item":"https:\/\/giochaducbinh.vn\/san-pham\/"},{"@type":"ListItem","position":3,"name":"Ch\u1ea3 S\u1ee5n"}]},{"@type":"WebSite","@id":"https:\/\/giochaducbinh.vn\/#website","url":"https:\/\/giochaducbinh.vn\/","name":"Gi\u00f2 Ch\u1ea3 \u0110\u1ee9c B\u00ecnh","description":"B\u00ed quy\u1ebft gia truy\u1ec1n, h\u01b0\u01a1ng v\u1ecb \u0111\u1ed9c nh\u1ea5t","potentialAction":[{"@type":"SearchAction","target":{"@type":"EntryPoint","urlTemplate":"https:\/\/giochaducbinh.vn\/?s={search_term_string}"},"query-input":"required name=search_term_string"}],"inLanguage":"en-US"}]}},"_links":{"self":[{"href":"https:\/\/giochaducbinh.vn\/en\/wp-json\/wp\/v2\/product\/266","targetHints":{"allow":["GET"]}}],"collection":[{"href":"https:\/\/giochaducbinh.vn\/en\/wp-json\/wp\/v2\/product"}],"about":[{"href":"https:\/\/giochaducbinh.vn\/en\/wp-json\/wp\/v2\/types\/product"}],"wp:featuredmedia":[{"embeddable":true,"href":"https:\/\/giochaducbinh.vn\/en\/wp-json\/wp\/v2\/media\/267"}],"wp:attachment":[{"href":"https:\/\/giochaducbinh.vn\/en\/wp-json\/wp\/v2\/media?parent=266"}],"wp:term":[{"taxonomy":"product_brand","embeddable":true,"href":"https:\/\/giochaducbinh.vn\/en\/wp-json\/wp\/v2\/product_brand?post=266"},{"taxonomy":"product_cat","embeddable":true,"href":"https:\/\/giochaducbinh.vn\/en\/wp-json\/wp\/v2\/product_cat?post=266"},{"taxonomy":"product_tag","embeddable":true,"href":"https:\/\/giochaducbinh.vn\/en\/wp-json\/wp\/v2\/product_tag?post=266"}],"curies":[{"name":"wp","href":"https:\/\/api.w.org\/{rel}","templated":true}]}}