{"id":268,"date":"2026-04-06T02:27:59","date_gmt":"2026-04-06T02:27:59","guid":{"rendered":"https:\/\/dubi.123websitedev.com\/?post_type=product&#038;p=268"},"modified":"2026-04-06T02:30:14","modified_gmt":"2026-04-06T02:30:14","slug":"cha-mo-2","status":"publish","type":"product","link":"https:\/\/giochaducbinh.vn\/en\/product\/cha-mo-2\/","title":{"rendered":"Pork Fat Sausage"},"content":{"rendered":"<p><em><strong>B\u00e9o ng\u1eady, m\u1ec1m m\u1ecdng, th\u01a1m l\u1eebng g\u00f3c b\u1ebfp.<\/strong><\/em> Mang v\u1ebb ngo\u00e0i m\u1ed9c m\u1ea1c v\u00e0 gi\u1ea3n d\u1ecb, ch\u1ea3 m\u1ee1 \u0110\u1ee9c B\u00ecnh t\u1eeb l\u00e2u \u0111\u00e3 tr\u1edf th\u00e0nh m\u00f3n ngon quen thu\u1ed9c, l\u00e0m n\u1ee9c l\u00f2ng th\u1ef1c kh\u00e1ch m\u1ecdi l\u1ee9a tu\u1ed5i. \u0110i\u1ec3m quy\u1ebft \u0111\u1ecbnh \u0111\u1ed9 ngon n\u1eb1m \u1edf s\u1ef1 ph\u1ed1i tr\u1ed9n kh\u00e9o l\u00e9o gi\u1eefa ph\u1ea7n th\u1ecbt l\u1ee3n n\u1ea1c d\u1ebbo m\u1ecbn c\u00f9ng t\u1ef7 l\u1ec7 m\u1ee1 ph\u1ea7n b\u00e9o ng\u1eady chu\u1ea9n x\u00e1c. S\u1ef1 \u0111an xen n\u00e0y gi\u00fap mi\u1ebfng ch\u1ea3 khi chi\u00ean l\u00ean kh\u00f4ng bao gi\u1edd b\u1ecb kh\u00f4 x\u00e1c m\u00e0 lu\u00f4n t\u01b0\u01a1m m\u1ee1 \u00f3ng \u1ea3, gi\u1eef tr\u1ecdn \u0111\u1ed9 m\u1ec1m m\u1ecdng t\u1ef1 nhi\u00ean. C\u1eafn m\u1ed9t mi\u1ebfng, v\u1ecb ng\u1ecdt b\u00e9o \u0111\u1eb7c tr\u01b0ng lan t\u1ecfa h\u00f2a c\u00f9ng ch\u00fat \u0111\u1eadm \u0111\u00e0 c\u1ee7a n\u01b0\u1edbc m\u1eafm c\u1ed1t, th\u01b0\u1edfng th\u1ee9c c\u00f9ng b\u00fan r\u1ed1i hay b\u00e1t c\u01a1m tr\u1eafng n\u00f3ng h\u1ed5i \u0111\u1ec1u mang l\u1ea1i m\u1ed9t b\u1eefa \u0103n tr\u00f2n v\u1ecb.<\/p>","protected":false},"excerpt":{"rendered":"<p>Mang v\u1ebb ngo\u00e0i m\u1ed9c m\u1ea1c v\u00e0 gi\u1ea3n d\u1ecb, ch\u1ea3 m\u1ee1 \u0110\u1ee9c B\u00ecnh t\u1eeb l\u00e2u \u0111\u00e3 tr\u1edf th\u00e0nh m\u00f3n ngon quen thu\u1ed9c, l\u00e0m n\u1ee9c l\u00f2ng th\u1ef1c kh\u00e1ch m\u1ecdi l\u1ee9a tu\u1ed5i.<\/p>","protected":false},"featured_media":269,"template":"","meta":[],"product_brand":[],"product_cat":[18],"product_tag":[],"class_list":{"0":"post-268","1":"product","2":"type-product","3":"status-publish","4":"has-post-thumbnail","6":"product_cat-cha","8":"first","9":"instock","10":"featured","11":"shipping-taxable","12":"purchasable","13":"product-type-simple"},"yoast_head":"<!-- This site is optimized with the Yoast SEO Premium plugin v20.9 (Yoast SEO v20.9) - https:\/\/yoast.com\/wordpress\/plugins\/seo\/ -->\n<title>Ch\u1ea3 M\u1ee1 - Gi\u00f2 Ch\u1ea3 \u0110\u1ee9c B\u00ecnh<\/title>\n<meta name=\"robots\" content=\"index, follow, max-snippet:-1, max-image-preview:large, max-video-preview:-1\" \/>\n<link rel=\"canonical\" href=\"https:\/\/giochaducbinh.vn\/en\/product\/cha-mo-2\/\" \/>\n<meta property=\"og:locale\" content=\"en_US\" \/>\n<meta property=\"og:type\" content=\"article\" \/>\n<meta property=\"og:title\" content=\"Ch\u1ea3 M\u1ee1\" \/>\n<meta property=\"og:description\" content=\"Mang v\u1ebb ngo\u00e0i m\u1ed9c m\u1ea1c v\u00e0 gi\u1ea3n d\u1ecb, ch\u1ea3 m\u1ee1 \u0110\u1ee9c B\u00ecnh t\u1eeb l\u00e2u \u0111\u00e3 tr\u1edf th\u00e0nh m\u00f3n ngon quen thu\u1ed9c, l\u00e0m n\u1ee9c l\u00f2ng th\u1ef1c kh\u00e1ch m\u1ecdi l\u1ee9a tu\u1ed5i.\" \/>\n<meta property=\"og:url\" content=\"https:\/\/giochaducbinh.vn\/en\/product\/cha-mo-2\/\" \/>\n<meta property=\"og:site_name\" content=\"Gi\u00f2 Ch\u1ea3 \u0110\u1ee9c B\u00ecnh\" \/>\n<meta property=\"article:modified_time\" content=\"2026-04-06T02:30:14+00:00\" \/>\n<meta property=\"og:image\" content=\"https:\/\/giochaducbinh.vn\/wp-content\/uploads\/2026\/04\/Gio-cha-uoc-le27089.jpg\" \/>\n\t<meta property=\"og:image:width\" content=\"1536\" \/>\n\t<meta property=\"og:image:height\" content=\"1920\" \/>\n\t<meta property=\"og:image:type\" content=\"image\/jpeg\" \/>\n<meta name=\"twitter:card\" content=\"summary_large_image\" \/>\n<meta name=\"twitter:label1\" content=\"Est. reading time\" \/>\n\t<meta name=\"twitter:data1\" content=\"1 minute\" \/>\n<script type=\"application\/ld+json\" class=\"yoast-schema-graph\">{\"@context\":\"https:\/\/schema.org\",\"@graph\":[{\"@type\":\"WebPage\",\"@id\":\"https:\/\/giochaducbinh.vn\/san-pham\/cha-mo-2\/\",\"url\":\"https:\/\/giochaducbinh.vn\/san-pham\/cha-mo-2\/\",\"name\":\"Ch\u1ea3 M\u1ee1 - Gi\u00f2 Ch\u1ea3 \u0110\u1ee9c B\u00ecnh\",\"isPartOf\":{\"@id\":\"https:\/\/giochaducbinh.vn\/#website\"},\"datePublished\":\"2026-04-06T02:27:59+00:00\",\"dateModified\":\"2026-04-06T02:30:14+00:00\",\"breadcrumb\":{\"@id\":\"https:\/\/giochaducbinh.vn\/san-pham\/cha-mo-2\/#breadcrumb\"},\"inLanguage\":\"en-US\",\"potentialAction\":[{\"@type\":\"ReadAction\",\"target\":[\"https:\/\/giochaducbinh.vn\/san-pham\/cha-mo-2\/\"]}]},{\"@type\":\"BreadcrumbList\",\"@id\":\"https:\/\/giochaducbinh.vn\/san-pham\/cha-mo-2\/#breadcrumb\",\"itemListElement\":[{\"@type\":\"ListItem\",\"position\":1,\"name\":\"Home\",\"item\":\"https:\/\/giochaducbinh.vn\/\"},{\"@type\":\"ListItem\",\"position\":2,\"name\":\"S\u1ea3n ph\u1ea9m\",\"item\":\"https:\/\/giochaducbinh.vn\/san-pham\/\"},{\"@type\":\"ListItem\",\"position\":3,\"name\":\"Ch\u1ea3 M\u1ee1\"}]},{\"@type\":\"WebSite\",\"@id\":\"https:\/\/giochaducbinh.vn\/#website\",\"url\":\"https:\/\/giochaducbinh.vn\/\",\"name\":\"Gi\u00f2 Ch\u1ea3 \u0110\u1ee9c B\u00ecnh\",\"description\":\"B\u00ed quy\u1ebft gia truy\u1ec1n, h\u01b0\u01a1ng v\u1ecb \u0111\u1ed9c nh\u1ea5t\",\"potentialAction\":[{\"@type\":\"SearchAction\",\"target\":{\"@type\":\"EntryPoint\",\"urlTemplate\":\"https:\/\/giochaducbinh.vn\/?s={search_term_string}\"},\"query-input\":\"required name=search_term_string\"}],\"inLanguage\":\"en-US\"}]}<\/script>\n<!-- \/ Yoast SEO Premium plugin. -->","yoast_head_json":{"title":"Ch\u1ea3 M\u1ee1 - Gi\u00f2 Ch\u1ea3 \u0110\u1ee9c B\u00ecnh","robots":{"index":"index","follow":"follow","max-snippet":"max-snippet:-1","max-image-preview":"max-image-preview:large","max-video-preview":"max-video-preview:-1"},"canonical":"https:\/\/giochaducbinh.vn\/en\/product\/cha-mo-2\/","og_locale":"en_US","og_type":"article","og_title":"Ch\u1ea3 M\u1ee1","og_description":"Mang v\u1ebb ngo\u00e0i m\u1ed9c m\u1ea1c v\u00e0 gi\u1ea3n d\u1ecb, ch\u1ea3 m\u1ee1 \u0110\u1ee9c B\u00ecnh t\u1eeb l\u00e2u \u0111\u00e3 tr\u1edf th\u00e0nh m\u00f3n ngon quen thu\u1ed9c, l\u00e0m n\u1ee9c l\u00f2ng th\u1ef1c kh\u00e1ch m\u1ecdi l\u1ee9a tu\u1ed5i.","og_url":"https:\/\/giochaducbinh.vn\/en\/product\/cha-mo-2\/","og_site_name":"Gi\u00f2 Ch\u1ea3 \u0110\u1ee9c B\u00ecnh","article_modified_time":"2026-04-06T02:30:14+00:00","og_image":[{"width":1536,"height":1920,"url":"https:\/\/giochaducbinh.vn\/wp-content\/uploads\/2026\/04\/Gio-cha-uoc-le27089.jpg","type":"image\/jpeg"}],"twitter_card":"summary_large_image","twitter_misc":{"Est. reading time":"1 minute"},"schema":{"@context":"https:\/\/schema.org","@graph":[{"@type":"WebPage","@id":"https:\/\/giochaducbinh.vn\/san-pham\/cha-mo-2\/","url":"https:\/\/giochaducbinh.vn\/san-pham\/cha-mo-2\/","name":"Ch\u1ea3 M\u1ee1 - Gi\u00f2 Ch\u1ea3 \u0110\u1ee9c B\u00ecnh","isPartOf":{"@id":"https:\/\/giochaducbinh.vn\/#website"},"datePublished":"2026-04-06T02:27:59+00:00","dateModified":"2026-04-06T02:30:14+00:00","breadcrumb":{"@id":"https:\/\/giochaducbinh.vn\/san-pham\/cha-mo-2\/#breadcrumb"},"inLanguage":"en-US","potentialAction":[{"@type":"ReadAction","target":["https:\/\/giochaducbinh.vn\/san-pham\/cha-mo-2\/"]}]},{"@type":"BreadcrumbList","@id":"https:\/\/giochaducbinh.vn\/san-pham\/cha-mo-2\/#breadcrumb","itemListElement":[{"@type":"ListItem","position":1,"name":"Home","item":"https:\/\/giochaducbinh.vn\/"},{"@type":"ListItem","position":2,"name":"S\u1ea3n ph\u1ea9m","item":"https:\/\/giochaducbinh.vn\/san-pham\/"},{"@type":"ListItem","position":3,"name":"Ch\u1ea3 M\u1ee1"}]},{"@type":"WebSite","@id":"https:\/\/giochaducbinh.vn\/#website","url":"https:\/\/giochaducbinh.vn\/","name":"Gi\u00f2 Ch\u1ea3 \u0110\u1ee9c B\u00ecnh","description":"B\u00ed quy\u1ebft gia truy\u1ec1n, h\u01b0\u01a1ng v\u1ecb \u0111\u1ed9c nh\u1ea5t","potentialAction":[{"@type":"SearchAction","target":{"@type":"EntryPoint","urlTemplate":"https:\/\/giochaducbinh.vn\/?s={search_term_string}"},"query-input":"required name=search_term_string"}],"inLanguage":"en-US"}]}},"_links":{"self":[{"href":"https:\/\/giochaducbinh.vn\/en\/wp-json\/wp\/v2\/product\/268","targetHints":{"allow":["GET"]}}],"collection":[{"href":"https:\/\/giochaducbinh.vn\/en\/wp-json\/wp\/v2\/product"}],"about":[{"href":"https:\/\/giochaducbinh.vn\/en\/wp-json\/wp\/v2\/types\/product"}],"wp:featuredmedia":[{"embeddable":true,"href":"https:\/\/giochaducbinh.vn\/en\/wp-json\/wp\/v2\/media\/269"}],"wp:attachment":[{"href":"https:\/\/giochaducbinh.vn\/en\/wp-json\/wp\/v2\/media?parent=268"}],"wp:term":[{"taxonomy":"product_brand","embeddable":true,"href":"https:\/\/giochaducbinh.vn\/en\/wp-json\/wp\/v2\/product_brand?post=268"},{"taxonomy":"product_cat","embeddable":true,"href":"https:\/\/giochaducbinh.vn\/en\/wp-json\/wp\/v2\/product_cat?post=268"},{"taxonomy":"product_tag","embeddable":true,"href":"https:\/\/giochaducbinh.vn\/en\/wp-json\/wp\/v2\/product_tag?post=268"}],"curies":[{"name":"wp","href":"https:\/\/api.w.org\/{rel}","templated":true}]}}