{"id":272,"date":"2026-04-06T02:33:36","date_gmt":"2026-04-06T02:33:36","guid":{"rendered":"https:\/\/dubi.123websitedev.com\/?post_type=product&#038;p=272"},"modified":"2026-04-15T09:52:20","modified_gmt":"2026-04-15T09:52:20","slug":"nem-chua-coi","status":"publish","type":"product","link":"https:\/\/giochaducbinh.vn\/en\/product\/nem-chua-coi\/","title":{"rendered":"Fermented pork sausage (Nem chua c\u1ed1i)"},"content":{"rendered":"<p><em><strong>M\u1ed3i b\u00e9n lai rai, chua thanh \u0111\u01b0\u1ee3m v\u1ecb.<\/strong><\/em> Nem chua c\u1ed1i \u0110\u1ee9c B\u00ecnh mang \u0111\u1eadm b\u1ea3n s\u1eafc \u1ea9m th\u1ef1c truy\u1ec1n th\u1ed1ng v\u1edbi s\u1ef1 k\u1ebft h\u1ee3p h\u00e0i h\u00f2a gi\u1eefa th\u1ecbt l\u1ee3n n\u1ea1c qu\u1ebft nhuy\u1ec5n d\u1ebbo m\u1ecbn v\u00e0 b\u00ec l\u1ee3n th\u00e1i ch\u1ec9 dai gi\u00f2n. \u0110i\u1ec3m \u0111\u1eb7c bi\u1ec7t l\u00e0m n\u00ean h\u01b0\u01a1ng v\u1ecb c\u1ee7a s\u1ea3n ph\u1ea9m ch\u00ednh l\u00e0 qu\u00e1 tr\u00ecnh l\u00ean men chua ho\u00e0n to\u00e0n t\u1ef1 nhi\u00ean, \u0111\u01b0\u1ee3c \u1ee7 k\u1ef9 c\u00e0ng trong nh\u1eefng l\u1edbp l\u00e1 chu\u1ed1i d\u00e0y d\u1eb7n. Nh\u1edd \u0111\u00f3, th\u1ecbt ch\u00edn d\u1ea7n, l\u00ean m\u00e0u h\u1ed3ng t\u01b0\u01a1i t\u1eafn, mang v\u1ecb chua thanh d\u1ecbu nh\u1eb9 quy\u1ec7n c\u00f9ng ch\u00fat ch\u00e1t c\u1ee7a l\u00e1 \u1ed5i, ch\u00fat cay n\u1ed3ng c\u1ee7a t\u1ecfi v\u00e0 \u1edbt t\u01b0\u01a1i x\u1eaft l\u00e1t. Th\u00e1i nem th\u00e0nh t\u1eebng c\u00e2y nh\u1ecf, ch\u1ea5m c\u00f9ng t\u01b0\u01a1ng \u1edbt, \u0111\u00e2y ch\u1eafc ch\u1eafn l\u00e0 m\u00f3n khai v\u1ecb tuy\u1ec7t v\u1eddi v\u00e0 tr\u1ecdn v\u1eb9n tr\u00ean m\u1ecdi b\u00e0n ti\u1ec7c.<\/p>","protected":false},"excerpt":{"rendered":"<p>Nem chua c\u1ed1i \u0110\u1ee9c B\u00ecnh mang \u0111\u1eadm b\u1ea3n s\u1eafc \u1ea9m th\u1ef1c truy\u1ec1n th\u1ed1ng v\u1edbi s\u1ef1 k\u1ebft h\u1ee3p h\u00e0i h\u00f2a gi\u1eefa th\u1ecbt l\u1ee3n n\u1ea1c qu\u1ebft nhuy\u1ec5n d\u1ebbo m\u1ecbn v\u00e0 b\u00ec l\u1ee3n th\u00e1i ch\u1ec9 dai gi\u00f2n.<\/p>","protected":false},"featured_media":273,"template":"","meta":[],"product_brand":[],"product_cat":[18],"product_tag":[],"class_list":{"0":"post-272","1":"product","2":"type-product","3":"status-publish","4":"has-post-thumbnail","6":"product_cat-cha","8":"first","9":"instock","10":"featured","11":"shipping-taxable","12":"purchasable","13":"product-type-simple"},"yoast_head":"<!-- This site is optimized with the Yoast SEO Premium plugin v20.9 (Yoast SEO v20.9) - https:\/\/yoast.com\/wordpress\/plugins\/seo\/ -->\n<title>Nem chua c\u1ed1i - Gi\u00f2 Ch\u1ea3 \u0110\u1ee9c B\u00ecnh<\/title>\n<meta name=\"robots\" content=\"index, follow, max-snippet:-1, max-image-preview:large, max-video-preview:-1\" \/>\n<link rel=\"canonical\" href=\"https:\/\/giochaducbinh.vn\/en\/product\/nem-chua-coi\/\" \/>\n<meta property=\"og:locale\" content=\"en_US\" \/>\n<meta property=\"og:type\" content=\"article\" \/>\n<meta property=\"og:title\" content=\"Nem chua c\u1ed1i\" \/>\n<meta property=\"og:description\" content=\"Nem chua c\u1ed1i \u0110\u1ee9c B\u00ecnh mang \u0111\u1eadm b\u1ea3n s\u1eafc \u1ea9m th\u1ef1c truy\u1ec1n th\u1ed1ng v\u1edbi s\u1ef1 k\u1ebft h\u1ee3p h\u00e0i h\u00f2a gi\u1eefa th\u1ecbt l\u1ee3n n\u1ea1c qu\u1ebft nhuy\u1ec5n d\u1ebbo m\u1ecbn v\u00e0 b\u00ec l\u1ee3n th\u00e1i ch\u1ec9 dai gi\u00f2n.\" \/>\n<meta property=\"og:url\" content=\"https:\/\/giochaducbinh.vn\/en\/product\/nem-chua-coi\/\" \/>\n<meta property=\"og:site_name\" content=\"Gi\u00f2 Ch\u1ea3 \u0110\u1ee9c B\u00ecnh\" \/>\n<meta property=\"article:modified_time\" content=\"2026-04-15T09:52:20+00:00\" \/>\n<meta property=\"og:image\" content=\"https:\/\/giochaducbinh.vn\/wp-content\/uploads\/2026\/04\/Gio-cha-uoc-le27111.jpg\" \/>\n\t<meta property=\"og:image:width\" content=\"1536\" \/>\n\t<meta property=\"og:image:height\" content=\"1920\" \/>\n\t<meta property=\"og:image:type\" content=\"image\/jpeg\" \/>\n<meta name=\"twitter:card\" content=\"summary_large_image\" \/>\n<meta name=\"twitter:label1\" content=\"Est. reading time\" \/>\n\t<meta name=\"twitter:data1\" content=\"1 minute\" \/>\n<script type=\"application\/ld+json\" class=\"yoast-schema-graph\">{\"@context\":\"https:\/\/schema.org\",\"@graph\":[{\"@type\":\"WebPage\",\"@id\":\"https:\/\/giochaducbinh.vn\/san-pham\/nem-chua-coi\/\",\"url\":\"https:\/\/giochaducbinh.vn\/san-pham\/nem-chua-coi\/\",\"name\":\"Nem chua c\u1ed1i - Gi\u00f2 Ch\u1ea3 \u0110\u1ee9c B\u00ecnh\",\"isPartOf\":{\"@id\":\"https:\/\/giochaducbinh.vn\/#website\"},\"datePublished\":\"2026-04-06T02:33:36+00:00\",\"dateModified\":\"2026-04-15T09:52:20+00:00\",\"breadcrumb\":{\"@id\":\"https:\/\/giochaducbinh.vn\/san-pham\/nem-chua-coi\/#breadcrumb\"},\"inLanguage\":\"en-US\",\"potentialAction\":[{\"@type\":\"ReadAction\",\"target\":[\"https:\/\/giochaducbinh.vn\/san-pham\/nem-chua-coi\/\"]}]},{\"@type\":\"BreadcrumbList\",\"@id\":\"https:\/\/giochaducbinh.vn\/san-pham\/nem-chua-coi\/#breadcrumb\",\"itemListElement\":[{\"@type\":\"ListItem\",\"position\":1,\"name\":\"Home\",\"item\":\"https:\/\/giochaducbinh.vn\/\"},{\"@type\":\"ListItem\",\"position\":2,\"name\":\"S\u1ea3n ph\u1ea9m\",\"item\":\"https:\/\/giochaducbinh.vn\/san-pham\/\"},{\"@type\":\"ListItem\",\"position\":3,\"name\":\"Nem chua c\u1ed1i\"}]},{\"@type\":\"WebSite\",\"@id\":\"https:\/\/giochaducbinh.vn\/#website\",\"url\":\"https:\/\/giochaducbinh.vn\/\",\"name\":\"Gi\u00f2 Ch\u1ea3 \u0110\u1ee9c B\u00ecnh\",\"description\":\"B\u00ed quy\u1ebft gia truy\u1ec1n, h\u01b0\u01a1ng v\u1ecb \u0111\u1ed9c nh\u1ea5t\",\"potentialAction\":[{\"@type\":\"SearchAction\",\"target\":{\"@type\":\"EntryPoint\",\"urlTemplate\":\"https:\/\/giochaducbinh.vn\/?s={search_term_string}\"},\"query-input\":\"required name=search_term_string\"}],\"inLanguage\":\"en-US\"}]}<\/script>\n<!-- \/ Yoast SEO Premium plugin. -->","yoast_head_json":{"title":"Nem chua c\u1ed1i - Gi\u00f2 Ch\u1ea3 \u0110\u1ee9c B\u00ecnh","robots":{"index":"index","follow":"follow","max-snippet":"max-snippet:-1","max-image-preview":"max-image-preview:large","max-video-preview":"max-video-preview:-1"},"canonical":"https:\/\/giochaducbinh.vn\/en\/product\/nem-chua-coi\/","og_locale":"en_US","og_type":"article","og_title":"Nem chua c\u1ed1i","og_description":"Nem chua c\u1ed1i \u0110\u1ee9c B\u00ecnh mang \u0111\u1eadm b\u1ea3n s\u1eafc \u1ea9m th\u1ef1c truy\u1ec1n th\u1ed1ng v\u1edbi s\u1ef1 k\u1ebft h\u1ee3p h\u00e0i h\u00f2a gi\u1eefa th\u1ecbt l\u1ee3n n\u1ea1c qu\u1ebft nhuy\u1ec5n d\u1ebbo m\u1ecbn v\u00e0 b\u00ec l\u1ee3n th\u00e1i ch\u1ec9 dai gi\u00f2n.","og_url":"https:\/\/giochaducbinh.vn\/en\/product\/nem-chua-coi\/","og_site_name":"Gi\u00f2 Ch\u1ea3 \u0110\u1ee9c B\u00ecnh","article_modified_time":"2026-04-15T09:52:20+00:00","og_image":[{"width":1536,"height":1920,"url":"https:\/\/giochaducbinh.vn\/wp-content\/uploads\/2026\/04\/Gio-cha-uoc-le27111.jpg","type":"image\/jpeg"}],"twitter_card":"summary_large_image","twitter_misc":{"Est. reading time":"1 minute"},"schema":{"@context":"https:\/\/schema.org","@graph":[{"@type":"WebPage","@id":"https:\/\/giochaducbinh.vn\/san-pham\/nem-chua-coi\/","url":"https:\/\/giochaducbinh.vn\/san-pham\/nem-chua-coi\/","name":"Nem chua c\u1ed1i - Gi\u00f2 Ch\u1ea3 \u0110\u1ee9c B\u00ecnh","isPartOf":{"@id":"https:\/\/giochaducbinh.vn\/#website"},"datePublished":"2026-04-06T02:33:36+00:00","dateModified":"2026-04-15T09:52:20+00:00","breadcrumb":{"@id":"https:\/\/giochaducbinh.vn\/san-pham\/nem-chua-coi\/#breadcrumb"},"inLanguage":"en-US","potentialAction":[{"@type":"ReadAction","target":["https:\/\/giochaducbinh.vn\/san-pham\/nem-chua-coi\/"]}]},{"@type":"BreadcrumbList","@id":"https:\/\/giochaducbinh.vn\/san-pham\/nem-chua-coi\/#breadcrumb","itemListElement":[{"@type":"ListItem","position":1,"name":"Home","item":"https:\/\/giochaducbinh.vn\/"},{"@type":"ListItem","position":2,"name":"S\u1ea3n ph\u1ea9m","item":"https:\/\/giochaducbinh.vn\/san-pham\/"},{"@type":"ListItem","position":3,"name":"Nem chua c\u1ed1i"}]},{"@type":"WebSite","@id":"https:\/\/giochaducbinh.vn\/#website","url":"https:\/\/giochaducbinh.vn\/","name":"Gi\u00f2 Ch\u1ea3 \u0110\u1ee9c B\u00ecnh","description":"B\u00ed quy\u1ebft gia truy\u1ec1n, h\u01b0\u01a1ng v\u1ecb \u0111\u1ed9c nh\u1ea5t","potentialAction":[{"@type":"SearchAction","target":{"@type":"EntryPoint","urlTemplate":"https:\/\/giochaducbinh.vn\/?s={search_term_string}"},"query-input":"required name=search_term_string"}],"inLanguage":"en-US"}]}},"_links":{"self":[{"href":"https:\/\/giochaducbinh.vn\/en\/wp-json\/wp\/v2\/product\/272","targetHints":{"allow":["GET"]}}],"collection":[{"href":"https:\/\/giochaducbinh.vn\/en\/wp-json\/wp\/v2\/product"}],"about":[{"href":"https:\/\/giochaducbinh.vn\/en\/wp-json\/wp\/v2\/types\/product"}],"wp:featuredmedia":[{"embeddable":true,"href":"https:\/\/giochaducbinh.vn\/en\/wp-json\/wp\/v2\/media\/273"}],"wp:attachment":[{"href":"https:\/\/giochaducbinh.vn\/en\/wp-json\/wp\/v2\/media?parent=272"}],"wp:term":[{"taxonomy":"product_brand","embeddable":true,"href":"https:\/\/giochaducbinh.vn\/en\/wp-json\/wp\/v2\/product_brand?post=272"},{"taxonomy":"product_cat","embeddable":true,"href":"https:\/\/giochaducbinh.vn\/en\/wp-json\/wp\/v2\/product_cat?post=272"},{"taxonomy":"product_tag","embeddable":true,"href":"https:\/\/giochaducbinh.vn\/en\/wp-json\/wp\/v2\/product_tag?post=272"}],"curies":[{"name":"wp","href":"https:\/\/api.w.org\/{rel}","templated":true}]}}