{"id":45,"date":"2026-03-18T03:20:27","date_gmt":"2026-03-18T03:20:27","guid":{"rendered":"https:\/\/dubi.123websitedev.com\/?post_type=product&#038;p=45"},"modified":"2026-03-28T02:50:13","modified_gmt":"2026-03-28T02:50:13","slug":"cha-com-tu-le","status":"publish","type":"product","link":"https:\/\/giochaducbinh.vn\/en\/product\/cha-com-tu-le\/","title":{"rendered":"Tu Le rice flake patties"},"content":{"rendered":"<p>Ch\u1ea3 c\u1ed1m l\u00e0 g\u00ec?<br \/>\nCh\u1ea3 c\u1ed1m l\u00e0 m\u1ed9t trong nh\u1eefng m\u00f3n \u0103n \u0111\u1eb7c tr\u01b0ng c\u1ee7a \u1ea9m th\u1ef1c H\u00e0 N\u1ed9i, n\u1ed5i ti\u1ebfng v\u1edbi h\u01b0\u01a1ng<br \/>\nth\u01a1m c\u1ee7a c\u1ed1m non k\u1ebft h\u1ee3p c\u00f9ng th\u1ecbt l\u1ee3n xay. Khi ch\u1ebf bi\u1ebfn, ch\u1ea3 c\u1ed1m th\u01b0\u1eddng \u0111\u01b0\u1ee3c chi\u00ean v\u00e0ng<br \/>\nt\u1ea1o n\u00ean l\u1edbp v\u1ecf h\u01a1i gi\u00f2n b\u00ean ngo\u00e0i, b\u00ean trong m\u1ec1m v\u00e0 th\u01a1m m\u00f9i l\u00faa n\u1ebfp.<br \/>\n\u0110\u00e2y l\u00e0 m\u00f3n \u0103n quen thu\u1ed9c trong nhi\u1ec1u m\u00f3n \u0111\u1eb7c s\u1ea3n c\u1ee7a H\u00e0 N\u1ed9i, \u0111\u1eb7c bi\u1ec7t l\u00e0 b\u00fan \u0111\u1eadu m\u1eafm<br \/>\nt\u00f4m. Trong nhi\u1ec1u qu\u00e1n b\u00fan \u0111\u1eadu, ch\u1ea3 c\u1ed1m g\u1ea7n nh\u01b0 l\u00e0 th\u00e0nh ph\u1ea7n kh\u00f4ng th\u1ec3 thi\u1ebfu.<br \/>\nKh\u00f4ng ch\u1ec9 l\u00e0 m\u00f3n \u0103n ph\u1ed5 bi\u1ebfn, ch\u1ea3 c\u1ed1m c\u00f2n mang \u0111\u1eadm d\u1ea5u \u1ea5n c\u1ee7a v\u0103n h\u00f3a \u1ea9m th\u1ef1c mi\u1ec1n B\u1eafc<br \/>\nv\u00e0 \u0111\u01b0\u1ee3c nhi\u1ec1u ng\u01b0\u1eddi xem l\u00e0 m\u1ed9t trong nh\u1eefng m\u00f3n ch\u1ea3 \u0111\u1eb7c tr\u01b0ng c\u1ee7a H\u00e0 N\u1ed9i.<\/p>\n<p>Ngu\u1ed3n g\u1ed1c c\u1ee7a ch\u1ea3 c\u1ed1m H\u00e0 N\u1ed9i<br \/>\nNh\u1eafc \u0111\u1ebfn ch\u1ea3 c\u1ed1m, nhi\u1ec1u ng\u01b0\u1eddi s\u1ebd ngh\u0129 ngay \u0111\u1ebfn H\u00e0 N\u1ed9i \u2013 n\u01a1i m\u00f3n \u0103n n\u00e0y \u0111\u00e3 tr\u1edf th\u00e0nh m\u1ed9t<br \/>\nph\u1ea7n c\u1ee7a v\u0103n h\u00f3a \u1ea9m th\u1ef1c ph\u1ed1 c\u1ed5.<br \/>\nCh\u1ea3 c\u1ed1m \u0111\u01b0\u1ee3c l\u00e0m t\u1eeb c\u1ed1m non \u2013 lo\u1ea1i c\u1ed1m \u0111\u01b0\u1ee3c ch\u1ebf bi\u1ebfn t\u1eeb l\u00faa n\u1ebfp non. C\u1ed1m mang h\u01b0\u01a1ng<br \/>\nth\u01a1m d\u1ecbu c\u1ee7a l\u00faa m\u1edbi v\u00e0 m\u00e0u xanh \u0111\u1eb7c tr\u01b0ng c\u1ee7a h\u1ea1t n\u1ebfp non.<br \/>\nTrong ngh\u1ec1 gi\u00f2 ch\u1ea3 truy\u1ec1n th\u1ed1ng, ch\u1ea3 c\u1ed1m th\u01b0\u1eddng \u0111\u01b0\u1ee3c l\u00e0m b\u1edfi nh\u1eefng ng\u01b0\u1eddi th\u1ee3 l\u00e0ng ngh\u1ec1<br \/>\n\u01af\u1edbc L\u1ec5, n\u01a1i n\u1ed5i ti\u1ebfng v\u1edbi ngh\u1ec1 l\u00e0m gi\u00f2 ch\u1ea3 l\u00e2u \u0111\u1eddi.<br \/>\nNh\u1eefng ng\u01b0\u1eddi th\u1ee3 n\u01a1i \u0111\u00e2y \u0111\u00e3 k\u1ebft h\u1ee3p k\u1ef9 thu\u1eadt l\u00e0m gi\u00f2 truy\u1ec1n th\u1ed1ng v\u1edbi c\u1ed1m non \u0111\u1ec3 t\u1ea1o n\u00ean<br \/>\nm\u00f3n ch\u1ea3 c\u1ed1m mang h\u01b0\u01a1ng v\u1ecb r\u1ea5t ri\u00eang c\u1ee7a H\u00e0 N\u1ed9i.<\/p>\n<p>C\u1ed1m T\u00fa L\u1ec7 \u2013 nguy\u00ean li\u1ec7u t\u1ea1o n\u00ean h\u01b0\u01a1ng v\u1ecb \u0111\u1eb7c tr\u01b0ng<br \/>\nM\u1ed9t trong nh\u1eefng y\u1ebfu t\u1ed1 quan tr\u1ecdng quy\u1ebft \u0111\u1ecbnh ch\u1ea5t l\u01b0\u1ee3ng c\u1ee7a ch\u1ea3 c\u1ed1m ch\u00ednh l\u00e0 c\u1ed1m.<br \/>\nTrong nhi\u1ec1u c\u01a1 s\u1edf l\u00e0m ch\u1ea3 c\u1ed1m truy\u1ec1n th\u1ed1ng, c\u1ed1m \u0111\u01b0\u1ee3c s\u1eed d\u1ee5ng th\u01b0\u1eddng l\u00e0 c\u1ed1m T\u00fa L\u1ec7 \u2013 lo\u1ea1i<br \/>\nc\u1ed1m n\u1ed5i ti\u1ebfng c\u1ee7a v\u00f9ng T\u00fa L\u1ec7.<br \/>\nC\u1ed1m T\u00fa L\u1ec7 c\u00f3 nh\u1eefng \u0111\u1eb7c \u0111i\u1ec3m:<br \/>\nh\u1ea1t c\u1ed1m m\u1ec1m<br \/>\nth\u01a1m m\u00f9i l\u00faa n\u1ebfp<br \/>\nm\u00e0u xanh t\u1ef1 nhi\u00ean<br \/>\nnhi\u1ec1u nh\u1ef1a c\u1ed1m<br \/>\nNh\u1eefng \u0111\u1eb7c \u0111i\u1ec3m n\u00e0y gi\u00fap ch\u1ea3 c\u1ed1m c\u00f3 h\u01b0\u01a1ng th\u01a1m \u0111\u1eb7c tr\u01b0ng m\u00e0 kh\u00f3 c\u00f3 lo\u1ea1i c\u1ed1m kh\u00e1c<br \/>\nthay th\u1ebf \u0111\u01b0\u1ee3c.<\/p>\n<p>V\u00ec sao ch\u1ea3 c\u1ed1m ngon kh\u00f4ng ph\u1ee5 thu\u1ed9c v\u00e0o m\u00f9a?<br \/>\nNhi\u1ec1u ng\u01b0\u1eddi cho r\u1eb1ng ch\u1ea3 c\u1ed1m ch\u1ec9 ngon v\u00e0o m\u00f9a c\u1ed1m. Tuy nhi\u00ean, \u0111\u1ed1i v\u1edbi nh\u1eefng c\u01a1 s\u1edf l\u00e0m<br \/>\ngi\u00f2 ch\u1ea3 truy\u1ec1n th\u1ed1ng, ch\u1ea3 c\u1ed1m ngon kh\u00f4ng ph\u1ee5 thu\u1ed9c v\u00e0o m\u00f9a trong n\u0103m.<br \/>\nNguy\u00ean nh\u00e2n l\u00e0 v\u00ec c\u1ed1m T\u00fa L\u1ec7 ch\u1ec9 c\u00f3 m\u1ed9t m\u00f9a trong n\u0103m. Nh\u1eefng ng\u01b0\u1eddi l\u00e0m ngh\u1ec1 th\u01b0\u1eddng:<br \/>\nch\u1ecdn \u0111\u00fang v\u1ee5 c\u1ed1m ngon nh\u1ea5t<br \/>\nt\u00edch tr\u1eef c\u1ed1m cho c\u1ea3 n\u0103m<br \/>\nNh\u1edd v\u1eady, ch\u1ea3 c\u1ed1m v\u1eabn gi\u1eef \u0111\u01b0\u1ee3c ch\u1ea5t l\u01b0\u1ee3ng \u1ed5n \u0111\u1ecbnh quanh n\u0103m.<\/p>","protected":false},"excerpt":{"rendered":"<p style=\"text-align: left;\">Ch\u1ea3 c\u1ed1m l\u00e0 m\u1ed9t trong nh\u1eefng m\u00f3n \u0103n \u0111\u1eb7c tr\u01b0ng c\u1ee7a \u1ea9m th\u1ef1c H\u00e0 N\u1ed9i, n\u1ed5i ti\u1ebfng v\u1edbi h\u01b0\u01a1ng th\u01a1m c\u1ee7a c\u1ed1m non k\u1ebft h\u1ee3p c\u00f9ng th\u1ecbt l\u1ee3n xay. Khi ch\u1ebf bi\u1ebfn, ch\u1ea3 c\u1ed1m th\u01b0\u1eddng \u0111\u01b0\u1ee3c chi\u00ean v\u00e0ng t\u1ea1o n\u00ean l\u1edbp v\u1ecf h\u01a1i gi\u00f2n b\u00ean ngo\u00e0i, b\u00ean trong m\u1ec1m v\u00e0 th\u01a1m m\u00f9i l\u00faa n\u1ebfp. \u0110\u00e2y l\u00e0 m\u00f3n \u0103n quen thu\u1ed9c trong nhi\u1ec1u m\u00f3n \u0111\u1eb7c s\u1ea3n c\u1ee7a H\u00e0 N\u1ed9i, \u0111\u1eb7c bi\u1ec7t l\u00e0 b\u00fan \u0111\u1eadu m\u1eafm t\u00f4m. Trong nhi\u1ec1u qu\u00e1n b\u00fan \u0111\u1eadu, ch\u1ea3 c\u1ed1m g\u1ea7n nh\u01b0 l\u00e0 th\u00e0nh ph\u1ea7n kh\u00f4ng th\u1ec3 thi\u1ebfu. Kh\u00f4ng ch\u1ec9 l\u00e0 m\u00f3n \u0103n ph\u1ed5 bi\u1ebfn, ch\u1ea3 c\u1ed1m c\u00f2n mang \u0111\u1eadm d\u1ea5u \u1ea5n c\u1ee7a v\u0103n h\u00f3a \u1ea9m th\u1ef1c mi\u1ec1n B\u1eafc<br \/>\nv\u00e0 \u0111\u01b0\u1ee3c nhi\u1ec1u ng\u01b0\u1eddi xem l\u00e0 m\u1ed9t trong nh\u1eefng m\u00f3n ch\u1ea3 \u0111\u1eb7c tr\u01b0ng c\u1ee7a H\u00e0 N\u1ed9i.<\/p>","protected":false},"featured_media":171,"template":"","meta":[],"product_brand":[],"product_cat":[18],"product_tag":[],"class_list":{"0":"post-45","1":"product","2":"type-product","3":"status-publish","4":"has-post-thumbnail","6":"product_cat-cha","8":"first","9":"instock","10":"sale","11":"featured","12":"shipping-taxable","13":"purchasable","14":"product-type-simple"},"yoast_head":"<!-- This site is optimized with the Yoast SEO Premium plugin v20.9 (Yoast SEO v20.9) - https:\/\/yoast.com\/wordpress\/plugins\/seo\/ -->\n<title>Ch\u1ea3 c\u1ed1m T\u00fa L\u1ec7 - Gi\u00f2 Ch\u1ea3 \u0110\u1ee9c B\u00ecnh<\/title>\n<meta name=\"robots\" content=\"index, follow, max-snippet:-1, max-image-preview:large, max-video-preview:-1\" \/>\n<link rel=\"canonical\" href=\"https:\/\/giochaducbinh.vn\/en\/product\/cha-com-tu-le\/\" \/>\n<meta property=\"og:locale\" content=\"en_US\" \/>\n<meta property=\"og:type\" content=\"article\" \/>\n<meta property=\"og:title\" content=\"Ch\u1ea3 c\u1ed1m T\u00fa L\u1ec7\" \/>\n<meta property=\"og:description\" content=\"Ch\u1ea3 c\u1ed1m l\u00e0 m\u1ed9t trong nh\u1eefng m\u00f3n \u0103n \u0111\u1eb7c tr\u01b0ng c\u1ee7a \u1ea9m th\u1ef1c H\u00e0 N\u1ed9i, n\u1ed5i ti\u1ebfng v\u1edbi h\u01b0\u01a1ng th\u01a1m c\u1ee7a c\u1ed1m non k\u1ebft h\u1ee3p c\u00f9ng th\u1ecbt l\u1ee3n xay. Khi ch\u1ebf bi\u1ebfn, ch\u1ea3 c\u1ed1m th\u01b0\u1eddng \u0111\u01b0\u1ee3c chi\u00ean v\u00e0ng t\u1ea1o n\u00ean l\u1edbp v\u1ecf h\u01a1i gi\u00f2n b\u00ean ngo\u00e0i, b\u00ean trong m\u1ec1m v\u00e0 th\u01a1m m\u00f9i l\u00faa n\u1ebfp. \u0110\u00e2y l\u00e0 m\u00f3n \u0103n quen thu\u1ed9c trong nhi\u1ec1u m\u00f3n \u0111\u1eb7c s\u1ea3n c\u1ee7a H\u00e0 N\u1ed9i, \u0111\u1eb7c bi\u1ec7t l\u00e0 b\u00fan \u0111\u1eadu m\u1eafm t\u00f4m. Trong nhi\u1ec1u qu\u00e1n b\u00fan \u0111\u1eadu, ch\u1ea3 c\u1ed1m g\u1ea7n nh\u01b0 l\u00e0 th\u00e0nh ph\u1ea7n kh\u00f4ng th\u1ec3 thi\u1ebfu. Kh\u00f4ng ch\u1ec9 l\u00e0 m\u00f3n \u0103n ph\u1ed5 bi\u1ebfn, ch\u1ea3 c\u1ed1m c\u00f2n mang \u0111\u1eadm d\u1ea5u \u1ea5n c\u1ee7a v\u0103n h\u00f3a \u1ea9m th\u1ef1c mi\u1ec1n B\u1eafc v\u00e0 \u0111\u01b0\u1ee3c nhi\u1ec1u ng\u01b0\u1eddi xem l\u00e0 m\u1ed9t trong nh\u1eefng m\u00f3n ch\u1ea3 \u0111\u1eb7c tr\u01b0ng c\u1ee7a H\u00e0 N\u1ed9i.\" \/>\n<meta property=\"og:url\" content=\"https:\/\/giochaducbinh.vn\/en\/product\/cha-com-tu-le\/\" \/>\n<meta property=\"og:site_name\" content=\"Gi\u00f2 Ch\u1ea3 \u0110\u1ee9c B\u00ecnh\" \/>\n<meta property=\"article:modified_time\" content=\"2026-03-28T02:50:13+00:00\" \/>\n<meta property=\"og:image\" content=\"https:\/\/giochaducbinh.vn\/wp-content\/uploads\/2026\/03\/Gio-cha-uoc-le27299-683x1024.png\" \/>\n\t<meta property=\"og:image:width\" content=\"683\" \/>\n\t<meta property=\"og:image:height\" content=\"1024\" \/>\n\t<meta property=\"og:image:type\" content=\"image\/png\" \/>\n<meta name=\"twitter:card\" content=\"summary_large_image\" \/>\n<meta name=\"twitter:label1\" content=\"Est. reading time\" \/>\n\t<meta name=\"twitter:data1\" content=\"3 minutes\" \/>\n<script type=\"application\/ld+json\" class=\"yoast-schema-graph\">{\"@context\":\"https:\/\/schema.org\",\"@graph\":[{\"@type\":\"WebPage\",\"@id\":\"https:\/\/giochaducbinh.vn\/san-pham\/cha-com-tu-le\/\",\"url\":\"https:\/\/giochaducbinh.vn\/san-pham\/cha-com-tu-le\/\",\"name\":\"Ch\u1ea3 c\u1ed1m T\u00fa L\u1ec7 - Gi\u00f2 Ch\u1ea3 \u0110\u1ee9c B\u00ecnh\",\"isPartOf\":{\"@id\":\"https:\/\/giochaducbinh.vn\/#website\"},\"datePublished\":\"2026-03-18T03:20:27+00:00\",\"dateModified\":\"2026-03-28T02:50:13+00:00\",\"breadcrumb\":{\"@id\":\"https:\/\/giochaducbinh.vn\/san-pham\/cha-com-tu-le\/#breadcrumb\"},\"inLanguage\":\"en-US\",\"potentialAction\":[{\"@type\":\"ReadAction\",\"target\":[\"https:\/\/giochaducbinh.vn\/san-pham\/cha-com-tu-le\/\"]}]},{\"@type\":\"BreadcrumbList\",\"@id\":\"https:\/\/giochaducbinh.vn\/san-pham\/cha-com-tu-le\/#breadcrumb\",\"itemListElement\":[{\"@type\":\"ListItem\",\"position\":1,\"name\":\"Home\",\"item\":\"https:\/\/giochaducbinh.vn\/\"},{\"@type\":\"ListItem\",\"position\":2,\"name\":\"S\u1ea3n ph\u1ea9m\",\"item\":\"https:\/\/giochaducbinh.vn\/san-pham\/\"},{\"@type\":\"ListItem\",\"position\":3,\"name\":\"Ch\u1ea3 c\u1ed1m T\u00fa L\u1ec7\"}]},{\"@type\":\"WebSite\",\"@id\":\"https:\/\/giochaducbinh.vn\/#website\",\"url\":\"https:\/\/giochaducbinh.vn\/\",\"name\":\"Gi\u00f2 Ch\u1ea3 \u0110\u1ee9c B\u00ecnh\",\"description\":\"B\u00ed quy\u1ebft gia truy\u1ec1n, h\u01b0\u01a1ng v\u1ecb \u0111\u1ed9c nh\u1ea5t\",\"potentialAction\":[{\"@type\":\"SearchAction\",\"target\":{\"@type\":\"EntryPoint\",\"urlTemplate\":\"https:\/\/giochaducbinh.vn\/?s={search_term_string}\"},\"query-input\":\"required name=search_term_string\"}],\"inLanguage\":\"en-US\"}]}<\/script>\n<!-- \/ Yoast SEO Premium plugin. -->","yoast_head_json":{"title":"Ch\u1ea3 c\u1ed1m T\u00fa L\u1ec7 - Gi\u00f2 Ch\u1ea3 \u0110\u1ee9c B\u00ecnh","robots":{"index":"index","follow":"follow","max-snippet":"max-snippet:-1","max-image-preview":"max-image-preview:large","max-video-preview":"max-video-preview:-1"},"canonical":"https:\/\/giochaducbinh.vn\/en\/product\/cha-com-tu-le\/","og_locale":"en_US","og_type":"article","og_title":"Ch\u1ea3 c\u1ed1m T\u00fa L\u1ec7","og_description":"Ch\u1ea3 c\u1ed1m l\u00e0 m\u1ed9t trong nh\u1eefng m\u00f3n \u0103n \u0111\u1eb7c tr\u01b0ng c\u1ee7a \u1ea9m th\u1ef1c H\u00e0 N\u1ed9i, n\u1ed5i ti\u1ebfng v\u1edbi h\u01b0\u01a1ng th\u01a1m c\u1ee7a c\u1ed1m non k\u1ebft h\u1ee3p c\u00f9ng th\u1ecbt l\u1ee3n xay. Khi ch\u1ebf bi\u1ebfn, ch\u1ea3 c\u1ed1m th\u01b0\u1eddng \u0111\u01b0\u1ee3c chi\u00ean v\u00e0ng t\u1ea1o n\u00ean l\u1edbp v\u1ecf h\u01a1i gi\u00f2n b\u00ean ngo\u00e0i, b\u00ean trong m\u1ec1m v\u00e0 th\u01a1m m\u00f9i l\u00faa n\u1ebfp. \u0110\u00e2y l\u00e0 m\u00f3n \u0103n quen thu\u1ed9c trong nhi\u1ec1u m\u00f3n \u0111\u1eb7c s\u1ea3n c\u1ee7a H\u00e0 N\u1ed9i, \u0111\u1eb7c bi\u1ec7t l\u00e0 b\u00fan \u0111\u1eadu m\u1eafm t\u00f4m. Trong nhi\u1ec1u qu\u00e1n b\u00fan \u0111\u1eadu, ch\u1ea3 c\u1ed1m g\u1ea7n nh\u01b0 l\u00e0 th\u00e0nh ph\u1ea7n kh\u00f4ng th\u1ec3 thi\u1ebfu. Kh\u00f4ng ch\u1ec9 l\u00e0 m\u00f3n \u0103n ph\u1ed5 bi\u1ebfn, ch\u1ea3 c\u1ed1m c\u00f2n mang \u0111\u1eadm d\u1ea5u \u1ea5n c\u1ee7a v\u0103n h\u00f3a \u1ea9m th\u1ef1c mi\u1ec1n B\u1eafc v\u00e0 \u0111\u01b0\u1ee3c nhi\u1ec1u ng\u01b0\u1eddi xem l\u00e0 m\u1ed9t trong nh\u1eefng m\u00f3n ch\u1ea3 \u0111\u1eb7c tr\u01b0ng c\u1ee7a H\u00e0 N\u1ed9i.","og_url":"https:\/\/giochaducbinh.vn\/en\/product\/cha-com-tu-le\/","og_site_name":"Gi\u00f2 Ch\u1ea3 \u0110\u1ee9c B\u00ecnh","article_modified_time":"2026-03-28T02:50:13+00:00","og_image":[{"width":683,"height":1024,"url":"https:\/\/giochaducbinh.vn\/wp-content\/uploads\/2026\/03\/Gio-cha-uoc-le27299-683x1024.png","type":"image\/png"}],"twitter_card":"summary_large_image","twitter_misc":{"Est. reading time":"3 minutes"},"schema":{"@context":"https:\/\/schema.org","@graph":[{"@type":"WebPage","@id":"https:\/\/giochaducbinh.vn\/san-pham\/cha-com-tu-le\/","url":"https:\/\/giochaducbinh.vn\/san-pham\/cha-com-tu-le\/","name":"Ch\u1ea3 c\u1ed1m T\u00fa L\u1ec7 - Gi\u00f2 Ch\u1ea3 \u0110\u1ee9c B\u00ecnh","isPartOf":{"@id":"https:\/\/giochaducbinh.vn\/#website"},"datePublished":"2026-03-18T03:20:27+00:00","dateModified":"2026-03-28T02:50:13+00:00","breadcrumb":{"@id":"https:\/\/giochaducbinh.vn\/san-pham\/cha-com-tu-le\/#breadcrumb"},"inLanguage":"en-US","potentialAction":[{"@type":"ReadAction","target":["https:\/\/giochaducbinh.vn\/san-pham\/cha-com-tu-le\/"]}]},{"@type":"BreadcrumbList","@id":"https:\/\/giochaducbinh.vn\/san-pham\/cha-com-tu-le\/#breadcrumb","itemListElement":[{"@type":"ListItem","position":1,"name":"Home","item":"https:\/\/giochaducbinh.vn\/"},{"@type":"ListItem","position":2,"name":"S\u1ea3n ph\u1ea9m","item":"https:\/\/giochaducbinh.vn\/san-pham\/"},{"@type":"ListItem","position":3,"name":"Ch\u1ea3 c\u1ed1m T\u00fa L\u1ec7"}]},{"@type":"WebSite","@id":"https:\/\/giochaducbinh.vn\/#website","url":"https:\/\/giochaducbinh.vn\/","name":"Gi\u00f2 Ch\u1ea3 \u0110\u1ee9c B\u00ecnh","description":"B\u00ed quy\u1ebft gia truy\u1ec1n, h\u01b0\u01a1ng v\u1ecb \u0111\u1ed9c nh\u1ea5t","potentialAction":[{"@type":"SearchAction","target":{"@type":"EntryPoint","urlTemplate":"https:\/\/giochaducbinh.vn\/?s={search_term_string}"},"query-input":"required name=search_term_string"}],"inLanguage":"en-US"}]}},"_links":{"self":[{"href":"https:\/\/giochaducbinh.vn\/en\/wp-json\/wp\/v2\/product\/45","targetHints":{"allow":["GET"]}}],"collection":[{"href":"https:\/\/giochaducbinh.vn\/en\/wp-json\/wp\/v2\/product"}],"about":[{"href":"https:\/\/giochaducbinh.vn\/en\/wp-json\/wp\/v2\/types\/product"}],"wp:featuredmedia":[{"embeddable":true,"href":"https:\/\/giochaducbinh.vn\/en\/wp-json\/wp\/v2\/media\/171"}],"wp:attachment":[{"href":"https:\/\/giochaducbinh.vn\/en\/wp-json\/wp\/v2\/media?parent=45"}],"wp:term":[{"taxonomy":"product_brand","embeddable":true,"href":"https:\/\/giochaducbinh.vn\/en\/wp-json\/wp\/v2\/product_brand?post=45"},{"taxonomy":"product_cat","embeddable":true,"href":"https:\/\/giochaducbinh.vn\/en\/wp-json\/wp\/v2\/product_cat?post=45"},{"taxonomy":"product_tag","embeddable":true,"href":"https:\/\/giochaducbinh.vn\/en\/wp-json\/wp\/v2\/product_tag?post=45"}],"curies":[{"name":"wp","href":"https:\/\/api.w.org\/{rel}","templated":true}]}}