{"id":75,"date":"2026-03-19T08:21:24","date_gmt":"2026-03-19T08:21:24","guid":{"rendered":"https:\/\/dubi.123websitedev.com\/?post_type=product&#038;p=75"},"modified":"2026-03-28T02:50:17","modified_gmt":"2026-03-28T02:50:17","slug":"cha-mo","status":"publish","type":"product","link":"https:\/\/giochaducbinh.vn\/en\/product\/cha-mo\/","title":{"rendered":"Pork sausage"},"content":{"rendered":"<p>Ch\u1ea3 m\u1ee1 l\u00e0 g\u00ec?<br \/>\nCh\u1ea3 m\u1ee1 l\u00e0 m\u1ed9t trong nh\u1eefng lo\u1ea1i ch\u1ea3 ph\u1ed5 bi\u1ebfn trong \u1ea9m th\u1ef1c Vi\u1ec7t Nam, \u0111\u1eb7c bi\u1ec7t t\u1ea1i mi\u1ec1n B\u1eafc.<br \/>\n\u0110\u00e2y l\u00e0 m\u00f3n ch\u1ea3 \u0111\u01b0\u1ee3c l\u00e0m t\u1eeb th\u1ecbt l\u1ee3n xay k\u1ebft h\u1ee3p v\u1edbi m\u1ed9t t\u1ef7 l\u1ec7 m\u1ee1 ph\u00f9 h\u1ee3p, t\u1ea1o n\u00ean h\u01b0\u01a1ng v\u1ecb<br \/>\nb\u00e9o nh\u1eb9, m\u1ec1m v\u00e0 th\u01a1m.<br \/>\nKh\u00f4ng gi\u1ed1ng c\u00e1c lo\u1ea1i ch\u1ea3 kh\u00e1c nh\u01b0 ch\u1ea3 qu\u1ebf hay ch\u1ea3 c\u1ed1m, ch\u1ea3 m\u1ee1 c\u00f3 k\u1ebft c\u1ea5u m\u1ec1m h\u01a1n v\u00e0 v\u1ecb<br \/>\nng\u1eady \u0111\u1eb7c tr\u01b0ng. Ch\u00ednh v\u00ec v\u1eady, ch\u1ea3 m\u1ee1 th\u01b0\u1eddng \u0111\u01b0\u1ee3c d\u00f9ng trong nhi\u1ec1u m\u00f3n \u0103n quen thu\u1ed9c c\u1ee7a<br \/>\nng\u01b0\u1eddi Vi\u1ec7t.<br \/>\nTrong \u0111\u1eddi s\u1ed1ng \u1ea9m th\u1ef1c h\u00e0ng ng\u00e0y, ch\u1ea3 m\u1ee1 th\u01b0\u1eddng xu\u1ea5t hi\u1ec7n trong c\u00e1c m\u00f3n nh\u01b0:<\/p>\n<ul>\n<li>b\u00e1nh m\u00ec ch\u1ea3<\/li>\n<li>x\u00f4i ch\u1ea3<\/li>\n<li>b\u00e1nh cu\u1ed1n<\/li>\n<li>b\u00fan<\/li>\n<\/ul>\n<p>Nh\u1edd h\u01b0\u01a1ng v\u1ecb d\u1ec5 \u0103n v\u00e0 ph\u00f9 h\u1ee3p v\u1edbi nhi\u1ec1u m\u00f3n, ch\u1ea3 m\u1ee1 tr\u1edf th\u00e0nh m\u1ed9t trong nh\u1eefng lo\u1ea1i ch\u1ea3<br \/>\n\u0111\u01b0\u1ee3c ti\u00eau th\u1ee5 nhi\u1ec1u nh\u1ea5t.<\/p>\n<p>Ngu\u1ed3n g\u1ed1c c\u1ee7a ch\u1ea3 m\u1ee1 trong ngh\u1ec1 gi\u00f2 ch\u1ea3<br \/>\nTrong ngh\u1ec1 gi\u00f2 ch\u1ea3 truy\u1ec1n th\u1ed1ng, ch\u1ea3 m\u1ee1 l\u00e0 m\u1ed9t trong nh\u1eefng lo\u1ea1i ch\u1ea3 c\u01a1 b\u1ea3n nh\u1ea5t. Nhi\u1ec1u<br \/>\nng\u01b0\u1eddi th\u1ee3 th\u01b0\u1eddng b\u1eaft \u0111\u1ea7u h\u1ecdc ngh\u1ec1 b\u1eb1ng vi\u1ec7c l\u00e0m ch\u1ea3 m\u1ee1 tr\u01b0\u1edbc khi l\u00e0m c\u00e1c lo\u1ea1i ch\u1ea3 ph\u1ee9c t\u1ea1p<br \/>\nh\u01a1n.<br \/>\nT\u1ea1i c\u00e1c l\u00e0ng ngh\u1ec1 gi\u00f2 ch\u1ea3 n\u1ed5i ti\u1ebfng nh\u01b0 \u01af\u1edbc L\u1ec5, ch\u1ea3 m\u1ee1 \u0111\u01b0\u1ee3c l\u00e0m theo k\u1ef9 thu\u1eadt truy\u1ec1n th\u1ed1ng<br \/>\nv\u1edbi nhi\u1ec1u c\u00f4ng \u0111o\u1ea1n \u0111\u00f2i h\u1ecfi s\u1ef1 c\u1ea9n th\u1eadn.<br \/>\nNh\u1eefng ng\u01b0\u1eddi th\u1ee3 l\u00e0ng ngh\u1ec1 \u0111\u00e3 t\u00edch l\u0169y kinh nghi\u1ec7m qua nhi\u1ec1u th\u1ebf h\u1ec7 trong vi\u1ec7c:<\/p>\n<ul>\n<li>\u00a0ch\u1ecdn th\u1ecbt<\/li>\n<li>xay gi\u00f2<\/li>\n<li>tr\u1ed9n m\u1ee1<\/li>\n<li>t\u1ea1o h\u00ecnh ch\u1ea3<\/li>\n<\/ul>\n<p>Nh\u1eefng k\u1ef9 thu\u1eadt n\u00e0y gi\u00fap t\u1ea1o n\u00ean nh\u1eefng mi\u1ebfng ch\u1ea3 m\u1ee1 c\u00f3 k\u1ebft c\u1ea5u m\u1ec1m, th\u01a1m v\u00e0 kh\u00f4ng b\u1ecb<br \/>\nng\u1ea5y.<\/p>\n<p>Nguy\u00ean li\u1ec7u l\u00e0m ch\u1ea3 m\u1ee1<br \/>\nM\u1ed9t mi\u1ebfng ch\u1ea3 m\u1ee1 ngon ph\u1ee5 thu\u1ed9c r\u1ea5t nhi\u1ec1u v\u00e0o ch\u1ea5t l\u01b0\u1ee3ng nguy\u00ean li\u1ec7u.<\/p>\n<p>Th\u1ecbt l\u1ee3n t\u01b0\u01a1i<br \/>\nNguy\u00ean li\u1ec7u ch\u00ednh c\u1ee7a ch\u1ea3 m\u1ee1 l\u00e0 th\u1ecbt l\u1ee3n t\u01b0\u01a1i \u0111\u01b0\u1ee3c xay nhuy\u1ec5n. Th\u1ecbt ph\u1ea3i c\u00f3 \u0111\u1ed9 d\u1ebbo \u0111\u1ec3 khi<br \/>\nxay t\u1ea1o \u0111\u01b0\u1ee3c k\u1ebft c\u1ea5u k\u1ebft d\u00ednh t\u1ed1t.<\/p>\n<p>M\u1ee1 l\u1ee3n<br \/>\nM\u1ee1 \u0111\u01b0\u1ee3c c\u1eaft th\u00e0nh h\u1ea1t nh\u1ecf v\u00e0 tr\u1ed9n v\u00e0o ph\u1ea7n th\u1ecbt xay.<br \/>\nT\u1ef7 l\u1ec7 m\u1ee1 ph\u1ea3i \u0111\u01b0\u1ee3c c\u00e2n \u0111\u1ed1i \u0111\u1ec3:<\/p>\n<ul>\n<li>\u00a0t\u1ea1o \u0111\u1ed9 ng\u1eady<\/li>\n<li>kh\u00f4ng l\u00e0m ch\u1ea3 b\u1ecb ng\u1ea5y<\/li>\n<\/ul>\n<p>\u0110\u00e2y l\u00e0 y\u1ebfu t\u1ed1 quan tr\u1ecdng t\u1ea1o n\u00ean \u0111\u1eb7c tr\u01b0ng c\u1ee7a ch\u1ea3 m\u1ee1.<\/p>\n<p>Gia v\u1ecb<br \/>\nGia v\u1ecb d\u00f9ng \u0111\u1ec3 l\u00e0m ch\u1ea3 m\u1ee1 th\u01b0\u1eddng g\u1ed3m:<\/p>\n<ul>\n<li>mu\u1ed1i<\/li>\n<li>n\u01b0\u1edbc m\u1eafm<\/li>\n<li>\u00a0ti\u00eau<\/li>\n<\/ul>\n<p>Nh\u1eefng gia v\u1ecb n\u00e0y gi\u00fap l\u00e0m n\u1ed5i b\u1eadt h\u01b0\u01a1ng v\u1ecb c\u1ee7a th\u1ecbt.<\/p>","protected":false},"excerpt":{"rendered":"<p>Ch\u1ea3 m\u1ee1 l\u00e0 g\u00ec? Ch\u1ea3 m\u1ee1 l\u00e0 m\u1ed9t trong nh\u1eefng lo\u1ea1i ch\u1ea3 ph\u1ed5 bi\u1ebfn trong \u1ea9m th\u1ef1c Vi\u1ec7t Nam, \u0111\u1eb7c bi\u1ec7t t\u1ea1i mi\u1ec1n B\u1eafc. \u0110\u00e2y l\u00e0 m\u00f3n ch\u1ea3 \u0111\u01b0\u1ee3c l\u00e0m t\u1eeb th\u1ecbt l\u1ee3n xay k\u1ebft h\u1ee3p v\u1edbi m\u1ed9t t\u1ef7 l\u1ec7 m\u1ee1 ph\u00f9 h\u1ee3p, t\u1ea1o n\u00ean h\u01b0\u01a1ng v\u1ecb b\u00e9o nh\u1eb9, m\u1ec1m v\u00e0 th\u01a1m. Kh\u00f4ng gi\u1ed1ng c\u00e1c [&hellip;]<\/p>","protected":false},"featured_media":166,"template":"","meta":[],"product_brand":[],"product_cat":[18],"product_tag":[],"class_list":{"0":"post-75","1":"product","2":"type-product","3":"status-publish","4":"has-post-thumbnail","6":"product_cat-cha","8":"first","9":"instock","10":"featured","11":"shipping-taxable","12":"purchasable","13":"product-type-simple"},"yoast_head":"<!-- This site is optimized with the Yoast SEO Premium plugin v20.9 (Yoast SEO v20.9) - https:\/\/yoast.com\/wordpress\/plugins\/seo\/ -->\n<title>Ch\u1ea3 m\u1ee1 - Gi\u00f2 Ch\u1ea3 \u0110\u1ee9c B\u00ecnh<\/title>\n<meta name=\"robots\" content=\"index, follow, max-snippet:-1, max-image-preview:large, max-video-preview:-1\" \/>\n<link rel=\"canonical\" href=\"https:\/\/giochaducbinh.vn\/en\/product\/cha-mo\/\" \/>\n<meta property=\"og:locale\" content=\"en_US\" \/>\n<meta property=\"og:type\" content=\"article\" \/>\n<meta property=\"og:title\" content=\"Ch\u1ea3 m\u1ee1\" \/>\n<meta property=\"og:description\" content=\"Ch\u1ea3 m\u1ee1 l\u00e0 g\u00ec? Ch\u1ea3 m\u1ee1 l\u00e0 m\u1ed9t trong nh\u1eefng lo\u1ea1i ch\u1ea3 ph\u1ed5 bi\u1ebfn trong \u1ea9m th\u1ef1c Vi\u1ec7t Nam, \u0111\u1eb7c bi\u1ec7t t\u1ea1i mi\u1ec1n B\u1eafc. \u0110\u00e2y l\u00e0 m\u00f3n ch\u1ea3 \u0111\u01b0\u1ee3c l\u00e0m t\u1eeb th\u1ecbt l\u1ee3n xay k\u1ebft h\u1ee3p v\u1edbi m\u1ed9t t\u1ef7 l\u1ec7 m\u1ee1 ph\u00f9 h\u1ee3p, t\u1ea1o n\u00ean h\u01b0\u01a1ng v\u1ecb b\u00e9o nh\u1eb9, m\u1ec1m v\u00e0 th\u01a1m. Kh\u00f4ng gi\u1ed1ng c\u00e1c [&hellip;]\" \/>\n<meta property=\"og:url\" content=\"https:\/\/giochaducbinh.vn\/en\/product\/cha-mo\/\" \/>\n<meta property=\"og:site_name\" content=\"Gi\u00f2 Ch\u1ea3 \u0110\u1ee9c B\u00ecnh\" \/>\n<meta property=\"article:modified_time\" content=\"2026-03-28T02:50:17+00:00\" \/>\n<meta property=\"og:image\" content=\"https:\/\/giochaducbinh.vn\/wp-content\/uploads\/2026\/03\/Gio-cha-uoc-le27292-683x1024.png\" \/>\n\t<meta property=\"og:image:width\" content=\"683\" \/>\n\t<meta property=\"og:image:height\" content=\"1024\" \/>\n\t<meta property=\"og:image:type\" content=\"image\/png\" \/>\n<meta name=\"twitter:card\" content=\"summary_large_image\" \/>\n<meta name=\"twitter:label1\" content=\"Est. reading time\" \/>\n\t<meta name=\"twitter:data1\" content=\"3 minutes\" \/>\n<script type=\"application\/ld+json\" class=\"yoast-schema-graph\">{\"@context\":\"https:\/\/schema.org\",\"@graph\":[{\"@type\":\"WebPage\",\"@id\":\"https:\/\/giochaducbinh.vn\/san-pham\/cha-mo\/\",\"url\":\"https:\/\/giochaducbinh.vn\/san-pham\/cha-mo\/\",\"name\":\"Ch\u1ea3 m\u1ee1 - Gi\u00f2 Ch\u1ea3 \u0110\u1ee9c B\u00ecnh\",\"isPartOf\":{\"@id\":\"https:\/\/giochaducbinh.vn\/#website\"},\"datePublished\":\"2026-03-19T08:21:24+00:00\",\"dateModified\":\"2026-03-28T02:50:17+00:00\",\"breadcrumb\":{\"@id\":\"https:\/\/giochaducbinh.vn\/san-pham\/cha-mo\/#breadcrumb\"},\"inLanguage\":\"en-US\",\"potentialAction\":[{\"@type\":\"ReadAction\",\"target\":[\"https:\/\/giochaducbinh.vn\/san-pham\/cha-mo\/\"]}]},{\"@type\":\"BreadcrumbList\",\"@id\":\"https:\/\/giochaducbinh.vn\/san-pham\/cha-mo\/#breadcrumb\",\"itemListElement\":[{\"@type\":\"ListItem\",\"position\":1,\"name\":\"Home\",\"item\":\"https:\/\/giochaducbinh.vn\/\"},{\"@type\":\"ListItem\",\"position\":2,\"name\":\"S\u1ea3n ph\u1ea9m\",\"item\":\"https:\/\/giochaducbinh.vn\/san-pham\/\"},{\"@type\":\"ListItem\",\"position\":3,\"name\":\"Ch\u1ea3 m\u1ee1\"}]},{\"@type\":\"WebSite\",\"@id\":\"https:\/\/giochaducbinh.vn\/#website\",\"url\":\"https:\/\/giochaducbinh.vn\/\",\"name\":\"Gi\u00f2 Ch\u1ea3 \u0110\u1ee9c B\u00ecnh\",\"description\":\"B\u00ed quy\u1ebft gia truy\u1ec1n, h\u01b0\u01a1ng v\u1ecb \u0111\u1ed9c nh\u1ea5t\",\"potentialAction\":[{\"@type\":\"SearchAction\",\"target\":{\"@type\":\"EntryPoint\",\"urlTemplate\":\"https:\/\/giochaducbinh.vn\/?s={search_term_string}\"},\"query-input\":\"required name=search_term_string\"}],\"inLanguage\":\"en-US\"}]}<\/script>\n<!-- \/ Yoast SEO Premium plugin. -->","yoast_head_json":{"title":"Ch\u1ea3 m\u1ee1 - Gi\u00f2 Ch\u1ea3 \u0110\u1ee9c B\u00ecnh","robots":{"index":"index","follow":"follow","max-snippet":"max-snippet:-1","max-image-preview":"max-image-preview:large","max-video-preview":"max-video-preview:-1"},"canonical":"https:\/\/giochaducbinh.vn\/en\/product\/cha-mo\/","og_locale":"en_US","og_type":"article","og_title":"Ch\u1ea3 m\u1ee1","og_description":"Ch\u1ea3 m\u1ee1 l\u00e0 g\u00ec? Ch\u1ea3 m\u1ee1 l\u00e0 m\u1ed9t trong nh\u1eefng lo\u1ea1i ch\u1ea3 ph\u1ed5 bi\u1ebfn trong \u1ea9m th\u1ef1c Vi\u1ec7t Nam, \u0111\u1eb7c bi\u1ec7t t\u1ea1i mi\u1ec1n B\u1eafc. \u0110\u00e2y l\u00e0 m\u00f3n ch\u1ea3 \u0111\u01b0\u1ee3c l\u00e0m t\u1eeb th\u1ecbt l\u1ee3n xay k\u1ebft h\u1ee3p v\u1edbi m\u1ed9t t\u1ef7 l\u1ec7 m\u1ee1 ph\u00f9 h\u1ee3p, t\u1ea1o n\u00ean h\u01b0\u01a1ng v\u1ecb b\u00e9o nh\u1eb9, m\u1ec1m v\u00e0 th\u01a1m. Kh\u00f4ng gi\u1ed1ng c\u00e1c [&hellip;]","og_url":"https:\/\/giochaducbinh.vn\/en\/product\/cha-mo\/","og_site_name":"Gi\u00f2 Ch\u1ea3 \u0110\u1ee9c B\u00ecnh","article_modified_time":"2026-03-28T02:50:17+00:00","og_image":[{"width":683,"height":1024,"url":"https:\/\/giochaducbinh.vn\/wp-content\/uploads\/2026\/03\/Gio-cha-uoc-le27292-683x1024.png","type":"image\/png"}],"twitter_card":"summary_large_image","twitter_misc":{"Est. reading time":"3 minutes"},"schema":{"@context":"https:\/\/schema.org","@graph":[{"@type":"WebPage","@id":"https:\/\/giochaducbinh.vn\/san-pham\/cha-mo\/","url":"https:\/\/giochaducbinh.vn\/san-pham\/cha-mo\/","name":"Ch\u1ea3 m\u1ee1 - Gi\u00f2 Ch\u1ea3 \u0110\u1ee9c B\u00ecnh","isPartOf":{"@id":"https:\/\/giochaducbinh.vn\/#website"},"datePublished":"2026-03-19T08:21:24+00:00","dateModified":"2026-03-28T02:50:17+00:00","breadcrumb":{"@id":"https:\/\/giochaducbinh.vn\/san-pham\/cha-mo\/#breadcrumb"},"inLanguage":"en-US","potentialAction":[{"@type":"ReadAction","target":["https:\/\/giochaducbinh.vn\/san-pham\/cha-mo\/"]}]},{"@type":"BreadcrumbList","@id":"https:\/\/giochaducbinh.vn\/san-pham\/cha-mo\/#breadcrumb","itemListElement":[{"@type":"ListItem","position":1,"name":"Home","item":"https:\/\/giochaducbinh.vn\/"},{"@type":"ListItem","position":2,"name":"S\u1ea3n ph\u1ea9m","item":"https:\/\/giochaducbinh.vn\/san-pham\/"},{"@type":"ListItem","position":3,"name":"Ch\u1ea3 m\u1ee1"}]},{"@type":"WebSite","@id":"https:\/\/giochaducbinh.vn\/#website","url":"https:\/\/giochaducbinh.vn\/","name":"Gi\u00f2 Ch\u1ea3 \u0110\u1ee9c B\u00ecnh","description":"B\u00ed quy\u1ebft gia truy\u1ec1n, h\u01b0\u01a1ng v\u1ecb \u0111\u1ed9c nh\u1ea5t","potentialAction":[{"@type":"SearchAction","target":{"@type":"EntryPoint","urlTemplate":"https:\/\/giochaducbinh.vn\/?s={search_term_string}"},"query-input":"required name=search_term_string"}],"inLanguage":"en-US"}]}},"_links":{"self":[{"href":"https:\/\/giochaducbinh.vn\/en\/wp-json\/wp\/v2\/product\/75","targetHints":{"allow":["GET"]}}],"collection":[{"href":"https:\/\/giochaducbinh.vn\/en\/wp-json\/wp\/v2\/product"}],"about":[{"href":"https:\/\/giochaducbinh.vn\/en\/wp-json\/wp\/v2\/types\/product"}],"wp:featuredmedia":[{"embeddable":true,"href":"https:\/\/giochaducbinh.vn\/en\/wp-json\/wp\/v2\/media\/166"}],"wp:attachment":[{"href":"https:\/\/giochaducbinh.vn\/en\/wp-json\/wp\/v2\/media?parent=75"}],"wp:term":[{"taxonomy":"product_brand","embeddable":true,"href":"https:\/\/giochaducbinh.vn\/en\/wp-json\/wp\/v2\/product_brand?post=75"},{"taxonomy":"product_cat","embeddable":true,"href":"https:\/\/giochaducbinh.vn\/en\/wp-json\/wp\/v2\/product_cat?post=75"},{"taxonomy":"product_tag","embeddable":true,"href":"https:\/\/giochaducbinh.vn\/en\/wp-json\/wp\/v2\/product_tag?post=75"}],"curies":[{"name":"wp","href":"https:\/\/api.w.org\/{rel}","templated":true}]}}