{"id":81,"date":"2026-03-19T08:22:06","date_gmt":"2026-03-19T08:22:06","guid":{"rendered":"https:\/\/dubi.123websitedev.com\/?post_type=product&#038;p=81"},"modified":"2026-03-28T02:49:52","modified_gmt":"2026-03-28T02:49:52","slug":"cha-que-nuong","status":"publish","type":"product","link":"https:\/\/giochaducbinh.vn\/en\/product\/cha-que-nuong\/","title":{"rendered":"Grilled cinnamon pork sausage"},"content":{"rendered":"<p>Ch\u1ea3 qu\u1ebf l\u00e0 g\u00ec?<br \/>\nCh\u1ea3 qu\u1ebf l\u00e0 m\u1ed9t trong nh\u1eefng m\u00f3n ch\u1ea3 \u0111\u1eb7c tr\u01b0ng c\u1ee7a \u1ea9m th\u1ef1c H\u00e0 N\u1ed9i, n\u1ed5i b\u1eadt v\u1edbi m\u00f9i th\u01a1m<br \/>\n\u0111\u1eb7c tr\u01b0ng c\u1ee7a qu\u1ebf v\u00e0 l\u1edbp ch\u1ea3 n\u01b0\u1edbng v\u00e0ng b\u00ean ngo\u00e0i. Kh\u00f4ng gi\u1ed1ng nhi\u1ec1u lo\u1ea1i ch\u1ea3 kh\u00e1c<br \/>\n\u0111\u01b0\u1ee3c h\u1ea5p ho\u1eb7c chi\u00ean, ch\u1ea3 qu\u1ebf \u0111\u01b0\u1ee3c n\u01b0\u1edbng trong l\u00f2 trong nhi\u1ec1u gi\u1edd, gi\u00fap t\u1ea1o n\u00ean l\u1edbp v\u1ecf h\u01a1i<br \/>\nx\u00e9m th\u01a1m v\u00e0 ph\u1ea7n th\u1ecbt b\u00ean trong m\u1ec1m, dai v\u00e0 ng\u1ecdt.<br \/>\nTrong c\u00e1c l\u00e0ng ngh\u1ec1 l\u00e0m gi\u00f2 ch\u1ea3 \u1edf mi\u1ec1n B\u1eafc, ch\u1ea3 qu\u1ebf \u0111\u01b0\u1ee3c xem l\u00e0 m\u1ed9t trong nh\u1eefng m\u00f3n ch\u1ea3<br \/>\nth\u1ec3 hi\u1ec7n r\u00f5 tay ngh\u1ec1 c\u1ee7a ng\u01b0\u1eddi th\u1ee3. T\u1eeb vi\u1ec7c ch\u1ecdn th\u1ecbt, xay gi\u00f2 cho \u0111\u1ebfn k\u1ef9 thu\u1eadt \u0111\u1eafp ch\u1ea3 v\u00e0<br \/>\nn\u01b0\u1edbng \u0111\u1ec1u \u0111\u00f2i h\u1ecfi kinh nghi\u1ec7m l\u00e2u n\u0103m.<br \/>\nCh\u00ednh v\u00ec v\u1eady, ch\u1ea3 qu\u1ebf t\u1eeb l\u00e2u \u0111\u00e3 tr\u1edf th\u00e0nh m\u1ed9t m\u00f3n \u0103n quen thu\u1ed9c trong nhi\u1ec1u gia \u0111\u00ecnh v\u00e0 l\u00e0<br \/>\nm\u1ed9t trong nh\u1eefng \u0111\u1eb7c s\u1ea3n n\u1ed5i ti\u1ebfng c\u1ee7a H\u00e0 N\u1ed9i.<\/p>\n<p>Ngu\u1ed3n g\u1ed1c c\u1ee7a ch\u1ea3 qu\u1ebf l\u00e0ng ngh\u1ec1 \u01af\u1edbc L\u1ec5<br \/>\nNh\u1eafc \u0111\u1ebfn ch\u1ea3 qu\u1ebf, nhi\u1ec1u ng\u01b0\u1eddi s\u1ebd ngh\u0129 ngay \u0111\u1ebfn l\u00e0ng ngh\u1ec1 \u01af\u1edbc L\u1ec5 \u2013 n\u01a1i \u0111\u01b0\u1ee3c xem l\u00e0 m\u1ed9t<br \/>\ntrong nh\u1eefng c\u00e1i n\u00f4i c\u1ee7a ngh\u1ec1 gi\u00f2 ch\u1ea3 t\u1ea1i mi\u1ec1n B\u1eafc.<br \/>\nTrong nhi\u1ec1u th\u1ebf h\u1ec7, ng\u01b0\u1eddi d\u00e2n l\u00e0ng ngh\u1ec1 \u0111\u00e3 truy\u1ec1n l\u1ea1i cho nhau k\u1ef9 thu\u1eadt l\u00e0m gi\u00f2 ch\u1ea3 th\u1ee7<br \/>\nc\u00f4ng, trong \u0111\u00f3 ch\u1ea3 qu\u1ebf l\u00e0 m\u1ed9t m\u00f3n ch\u1ea3 ti\u00eau bi\u1ec3u.<br \/>\nKh\u00f4ng ch\u1ec9 l\u00e0 m\u1ed9t m\u00f3n \u0103n, ch\u1ea3 qu\u1ebf c\u00f2n l\u00e0 m\u1ed9t ph\u1ea7n c\u1ee7a v\u0103n h\u00f3a \u1ea9m th\u1ef1c truy\u1ec1n th\u1ed1ng,<br \/>\nth\u01b0\u1eddng xu\u1ea5t hi\u1ec7n trong:<\/p>\n<ul>\n<li>b\u1eefa c\u01a1m gia \u0111\u00ecnh<\/li>\n<li>c\u00e1c m\u00f3n \u0103n \u0111\u01b0\u1eddng ph\u1ed1<\/li>\n<li>c\u00e1c m\u00e2m c\u1ed7 truy\u1ec1n th\u1ed1ng<\/li>\n<li>\u00a0nh\u1eefng m\u00f3n \u0103n \u0111\u1eb7c s\u1ea3n H\u00e0 N\u1ed9i<\/li>\n<\/ul>\n<p>T\u1ea1i l\u00e0ng ngh\u1ec1, ch\u1ea3 qu\u1ebf \u0111\u01b0\u1ee3c l\u00e0m theo ph\u01b0\u01a1ng ph\u00e1p truy\u1ec1n th\u1ed1ng v\u1edbi s\u1ef1 t\u1ec9 m\u1ec9 trong t\u1eebng c\u00f4ng<br \/>\n\u0111o\u1ea1n.<\/p>","protected":false},"excerpt":{"rendered":"<p>Ch\u1ea3 qu\u1ebf l\u00e0 g\u00ec? Ch\u1ea3 qu\u1ebf l\u00e0 m\u1ed9t trong nh\u1eefng m\u00f3n ch\u1ea3 \u0111\u1eb7c tr\u01b0ng c\u1ee7a \u1ea9m th\u1ef1c H\u00e0 N\u1ed9i, n\u1ed5i b\u1eadt v\u1edbi m\u00f9i th\u01a1m \u0111\u1eb7c tr\u01b0ng c\u1ee7a qu\u1ebf v\u00e0 l\u1edbp ch\u1ea3 n\u01b0\u1edbng v\u00e0ng b\u00ean ngo\u00e0i. Kh\u00f4ng gi\u1ed1ng nhi\u1ec1u lo\u1ea1i ch\u1ea3 kh\u00e1c \u0111\u01b0\u1ee3c h\u1ea5p ho\u1eb7c chi\u00ean, ch\u1ea3 qu\u1ebf \u0111\u01b0\u1ee3c n\u01b0\u1edbng trong l\u00f2 trong nhi\u1ec1u gi\u1edd, gi\u00fap [&hellip;]<\/p>","protected":false},"featured_media":181,"template":"","meta":[],"product_brand":[],"product_cat":[18],"product_tag":[],"class_list":{"0":"post-81","1":"product","2":"type-product","3":"status-publish","4":"has-post-thumbnail","6":"product_cat-cha","8":"first","9":"instock","10":"featured","11":"shipping-taxable","12":"purchasable","13":"product-type-simple"},"yoast_head":"<!-- This site is optimized with the Yoast SEO Premium plugin v20.9 (Yoast SEO v20.9) - https:\/\/yoast.com\/wordpress\/plugins\/seo\/ -->\n<title>Ch\u1ea3 qu\u1ebf n\u01b0\u1edbng - Gi\u00f2 Ch\u1ea3 \u0110\u1ee9c B\u00ecnh<\/title>\n<meta name=\"robots\" content=\"index, follow, max-snippet:-1, max-image-preview:large, max-video-preview:-1\" \/>\n<link rel=\"canonical\" href=\"https:\/\/giochaducbinh.vn\/en\/product\/cha-que-nuong\/\" \/>\n<meta property=\"og:locale\" content=\"en_US\" \/>\n<meta property=\"og:type\" content=\"article\" \/>\n<meta property=\"og:title\" content=\"Ch\u1ea3 qu\u1ebf n\u01b0\u1edbng\" \/>\n<meta property=\"og:description\" content=\"Ch\u1ea3 qu\u1ebf l\u00e0 g\u00ec? Ch\u1ea3 qu\u1ebf l\u00e0 m\u1ed9t trong nh\u1eefng m\u00f3n ch\u1ea3 \u0111\u1eb7c tr\u01b0ng c\u1ee7a \u1ea9m th\u1ef1c H\u00e0 N\u1ed9i, n\u1ed5i b\u1eadt v\u1edbi m\u00f9i th\u01a1m \u0111\u1eb7c tr\u01b0ng c\u1ee7a qu\u1ebf v\u00e0 l\u1edbp ch\u1ea3 n\u01b0\u1edbng v\u00e0ng b\u00ean ngo\u00e0i. Kh\u00f4ng gi\u1ed1ng nhi\u1ec1u lo\u1ea1i ch\u1ea3 kh\u00e1c \u0111\u01b0\u1ee3c h\u1ea5p ho\u1eb7c chi\u00ean, ch\u1ea3 qu\u1ebf \u0111\u01b0\u1ee3c n\u01b0\u1edbng trong l\u00f2 trong nhi\u1ec1u gi\u1edd, gi\u00fap [&hellip;]\" \/>\n<meta property=\"og:url\" content=\"https:\/\/giochaducbinh.vn\/en\/product\/cha-que-nuong\/\" \/>\n<meta property=\"og:site_name\" content=\"Gi\u00f2 Ch\u1ea3 \u0110\u1ee9c B\u00ecnh\" \/>\n<meta property=\"article:modified_time\" content=\"2026-03-28T02:49:52+00:00\" \/>\n<meta property=\"og:image\" content=\"https:\/\/giochaducbinh.vn\/wp-content\/uploads\/2026\/03\/Gio-cha-uoc-le27226-1024x1024.png\" \/>\n\t<meta property=\"og:image:width\" content=\"1024\" \/>\n\t<meta property=\"og:image:height\" content=\"1024\" \/>\n\t<meta property=\"og:image:type\" content=\"image\/png\" \/>\n<meta name=\"twitter:card\" content=\"summary_large_image\" \/>\n<meta name=\"twitter:label1\" content=\"Est. reading time\" \/>\n\t<meta name=\"twitter:data1\" content=\"2 minutes\" \/>\n<script type=\"application\/ld+json\" class=\"yoast-schema-graph\">{\"@context\":\"https:\/\/schema.org\",\"@graph\":[{\"@type\":\"WebPage\",\"@id\":\"https:\/\/giochaducbinh.vn\/san-pham\/cha-que-nuong\/\",\"url\":\"https:\/\/giochaducbinh.vn\/san-pham\/cha-que-nuong\/\",\"name\":\"Ch\u1ea3 qu\u1ebf n\u01b0\u1edbng - Gi\u00f2 Ch\u1ea3 \u0110\u1ee9c B\u00ecnh\",\"isPartOf\":{\"@id\":\"https:\/\/giochaducbinh.vn\/#website\"},\"datePublished\":\"2026-03-19T08:22:06+00:00\",\"dateModified\":\"2026-03-28T02:49:52+00:00\",\"breadcrumb\":{\"@id\":\"https:\/\/giochaducbinh.vn\/san-pham\/cha-que-nuong\/#breadcrumb\"},\"inLanguage\":\"en-US\",\"potentialAction\":[{\"@type\":\"ReadAction\",\"target\":[\"https:\/\/giochaducbinh.vn\/san-pham\/cha-que-nuong\/\"]}]},{\"@type\":\"BreadcrumbList\",\"@id\":\"https:\/\/giochaducbinh.vn\/san-pham\/cha-que-nuong\/#breadcrumb\",\"itemListElement\":[{\"@type\":\"ListItem\",\"position\":1,\"name\":\"Home\",\"item\":\"https:\/\/giochaducbinh.vn\/\"},{\"@type\":\"ListItem\",\"position\":2,\"name\":\"S\u1ea3n ph\u1ea9m\",\"item\":\"https:\/\/giochaducbinh.vn\/san-pham\/\"},{\"@type\":\"ListItem\",\"position\":3,\"name\":\"Ch\u1ea3 qu\u1ebf n\u01b0\u1edbng\"}]},{\"@type\":\"WebSite\",\"@id\":\"https:\/\/giochaducbinh.vn\/#website\",\"url\":\"https:\/\/giochaducbinh.vn\/\",\"name\":\"Gi\u00f2 Ch\u1ea3 \u0110\u1ee9c B\u00ecnh\",\"description\":\"B\u00ed quy\u1ebft gia truy\u1ec1n, h\u01b0\u01a1ng v\u1ecb \u0111\u1ed9c nh\u1ea5t\",\"potentialAction\":[{\"@type\":\"SearchAction\",\"target\":{\"@type\":\"EntryPoint\",\"urlTemplate\":\"https:\/\/giochaducbinh.vn\/?s={search_term_string}\"},\"query-input\":\"required name=search_term_string\"}],\"inLanguage\":\"en-US\"}]}<\/script>\n<!-- \/ Yoast SEO Premium plugin. -->","yoast_head_json":{"title":"Ch\u1ea3 qu\u1ebf n\u01b0\u1edbng - Gi\u00f2 Ch\u1ea3 \u0110\u1ee9c B\u00ecnh","robots":{"index":"index","follow":"follow","max-snippet":"max-snippet:-1","max-image-preview":"max-image-preview:large","max-video-preview":"max-video-preview:-1"},"canonical":"https:\/\/giochaducbinh.vn\/en\/product\/cha-que-nuong\/","og_locale":"en_US","og_type":"article","og_title":"Ch\u1ea3 qu\u1ebf n\u01b0\u1edbng","og_description":"Ch\u1ea3 qu\u1ebf l\u00e0 g\u00ec? Ch\u1ea3 qu\u1ebf l\u00e0 m\u1ed9t trong nh\u1eefng m\u00f3n ch\u1ea3 \u0111\u1eb7c tr\u01b0ng c\u1ee7a \u1ea9m th\u1ef1c H\u00e0 N\u1ed9i, n\u1ed5i b\u1eadt v\u1edbi m\u00f9i th\u01a1m \u0111\u1eb7c tr\u01b0ng c\u1ee7a qu\u1ebf v\u00e0 l\u1edbp ch\u1ea3 n\u01b0\u1edbng v\u00e0ng b\u00ean ngo\u00e0i. Kh\u00f4ng gi\u1ed1ng nhi\u1ec1u lo\u1ea1i ch\u1ea3 kh\u00e1c \u0111\u01b0\u1ee3c h\u1ea5p ho\u1eb7c chi\u00ean, ch\u1ea3 qu\u1ebf \u0111\u01b0\u1ee3c n\u01b0\u1edbng trong l\u00f2 trong nhi\u1ec1u gi\u1edd, gi\u00fap [&hellip;]","og_url":"https:\/\/giochaducbinh.vn\/en\/product\/cha-que-nuong\/","og_site_name":"Gi\u00f2 Ch\u1ea3 \u0110\u1ee9c B\u00ecnh","article_modified_time":"2026-03-28T02:49:52+00:00","og_image":[{"width":1024,"height":1024,"url":"https:\/\/giochaducbinh.vn\/wp-content\/uploads\/2026\/03\/Gio-cha-uoc-le27226-1024x1024.png","type":"image\/png"}],"twitter_card":"summary_large_image","twitter_misc":{"Est. reading time":"2 minutes"},"schema":{"@context":"https:\/\/schema.org","@graph":[{"@type":"WebPage","@id":"https:\/\/giochaducbinh.vn\/san-pham\/cha-que-nuong\/","url":"https:\/\/giochaducbinh.vn\/san-pham\/cha-que-nuong\/","name":"Ch\u1ea3 qu\u1ebf n\u01b0\u1edbng - Gi\u00f2 Ch\u1ea3 \u0110\u1ee9c B\u00ecnh","isPartOf":{"@id":"https:\/\/giochaducbinh.vn\/#website"},"datePublished":"2026-03-19T08:22:06+00:00","dateModified":"2026-03-28T02:49:52+00:00","breadcrumb":{"@id":"https:\/\/giochaducbinh.vn\/san-pham\/cha-que-nuong\/#breadcrumb"},"inLanguage":"en-US","potentialAction":[{"@type":"ReadAction","target":["https:\/\/giochaducbinh.vn\/san-pham\/cha-que-nuong\/"]}]},{"@type":"BreadcrumbList","@id":"https:\/\/giochaducbinh.vn\/san-pham\/cha-que-nuong\/#breadcrumb","itemListElement":[{"@type":"ListItem","position":1,"name":"Home","item":"https:\/\/giochaducbinh.vn\/"},{"@type":"ListItem","position":2,"name":"S\u1ea3n ph\u1ea9m","item":"https:\/\/giochaducbinh.vn\/san-pham\/"},{"@type":"ListItem","position":3,"name":"Ch\u1ea3 qu\u1ebf n\u01b0\u1edbng"}]},{"@type":"WebSite","@id":"https:\/\/giochaducbinh.vn\/#website","url":"https:\/\/giochaducbinh.vn\/","name":"Gi\u00f2 Ch\u1ea3 \u0110\u1ee9c B\u00ecnh","description":"B\u00ed quy\u1ebft gia truy\u1ec1n, h\u01b0\u01a1ng v\u1ecb \u0111\u1ed9c nh\u1ea5t","potentialAction":[{"@type":"SearchAction","target":{"@type":"EntryPoint","urlTemplate":"https:\/\/giochaducbinh.vn\/?s={search_term_string}"},"query-input":"required name=search_term_string"}],"inLanguage":"en-US"}]}},"_links":{"self":[{"href":"https:\/\/giochaducbinh.vn\/en\/wp-json\/wp\/v2\/product\/81","targetHints":{"allow":["GET"]}}],"collection":[{"href":"https:\/\/giochaducbinh.vn\/en\/wp-json\/wp\/v2\/product"}],"about":[{"href":"https:\/\/giochaducbinh.vn\/en\/wp-json\/wp\/v2\/types\/product"}],"wp:featuredmedia":[{"embeddable":true,"href":"https:\/\/giochaducbinh.vn\/en\/wp-json\/wp\/v2\/media\/181"}],"wp:attachment":[{"href":"https:\/\/giochaducbinh.vn\/en\/wp-json\/wp\/v2\/media?parent=81"}],"wp:term":[{"taxonomy":"product_brand","embeddable":true,"href":"https:\/\/giochaducbinh.vn\/en\/wp-json\/wp\/v2\/product_brand?post=81"},{"taxonomy":"product_cat","embeddable":true,"href":"https:\/\/giochaducbinh.vn\/en\/wp-json\/wp\/v2\/product_cat?post=81"},{"taxonomy":"product_tag","embeddable":true,"href":"https:\/\/giochaducbinh.vn\/en\/wp-json\/wp\/v2\/product_tag?post=81"}],"curies":[{"name":"wp","href":"https:\/\/api.w.org\/{rel}","templated":true}]}}