{"id":82,"date":"2026-03-19T08:23:17","date_gmt":"2026-03-19T08:23:17","guid":{"rendered":"https:\/\/dubi.123websitedev.com\/?post_type=product&#038;p=82"},"modified":"2026-03-28T02:49:48","modified_gmt":"2026-03-28T02:49:48","slug":"gio-lua-truyen-thong","status":"publish","type":"product","link":"https:\/\/giochaducbinh.vn\/en\/product\/gio-lua-truyen-thong\/","title":{"rendered":"Traditional Vietnamese pork sausage"},"content":{"rendered":"<p>Gi\u00f2 l\u1ee5a l\u00e0 g\u00ec?<br \/>\nGi\u00f2 l\u1ee5a l\u00e0 m\u1ed9t trong nh\u1eefng m\u00f3n \u0103n quen thu\u1ed9c nh\u1ea5t trong \u1ea9m th\u1ef1c Vi\u1ec7t Nam, \u0111\u1eb7c bi\u1ec7t ph\u1ed5<br \/>\nbi\u1ebfn t\u1ea1i mi\u1ec1n B\u1eafc. \u0110\u00e2y l\u00e0 lo\u1ea1i gi\u00f2 \u0111\u01b0\u1ee3c l\u00e0m t\u1eeb th\u1ecbt l\u1ee3n xay nhuy\u1ec5n, tr\u1ed9n v\u1edbi gia v\u1ecb truy\u1ec1n<br \/>\nth\u1ed1ng r\u1ed3i g\u00f3i b\u1eb1ng l\u00e1 chu\u1ed1i v\u00e0 h\u1ea5p ch\u00edn.<br \/>\n\u0110i\u1ec3m \u0111\u1eb7c tr\u01b0ng c\u1ee7a gi\u00f2 l\u1ee5a ngon n\u1eb1m \u1edf \u0111\u1ed9 dai t\u1ef1 nhi\u00ean, v\u1ecb ng\u1ecdt c\u1ee7a th\u1ecbt v\u00e0 h\u01b0\u01a1ng th\u01a1m<br \/>\nc\u1ee7a l\u00e1 chu\u1ed1i. Khi c\u1eaft ra, gi\u00f2 c\u00f3 b\u1ec1 m\u1eb7t m\u1ecbn, m\u00e0u h\u1ed3ng nh\u1ea1t v\u00e0 nhi\u1ec1u l\u1ed7 nh\u1ecf li ti \u2013 d\u1ea5u hi\u1ec7u<br \/>\nc\u1ee7a gi\u00f2 \u0111\u01b0\u1ee3c xay \u0111\u00fang k\u1ef9 thu\u1eadt.<br \/>\nTrong nhi\u1ec1u gia \u0111\u00ecnh Vi\u1ec7t, gi\u00f2 l\u1ee5a l\u00e0 m\u00f3n \u0103n quen thu\u1ed9c xu\u1ea5t hi\u1ec7n trong:<\/p>\n<ul>\n<li>\u00a0b\u1eefa c\u01a1m h\u00e0ng ng\u00e0y<\/li>\n<li>\u00a0m\u00e2m c\u1ed7 truy\u1ec1n th\u1ed1ng<\/li>\n<li>\u00a0c\u00e1c d\u1ecbp l\u1ec5 t\u1ebft<\/li>\n<li>\u00a0c\u00e1c m\u00f3n \u0103n \u0111\u01b0\u1eddng ph\u1ed1<\/li>\n<\/ul>\n<p>Ngu\u1ed3n g\u1ed1c c\u1ee7a gi\u00f2 l\u1ee5a truy\u1ec1n th\u1ed1ng<br \/>\n\u1ede mi\u1ec1n B\u1eafc Vi\u1ec7t Nam, nh\u1eafc \u0111\u1ebfn gi\u00f2 l\u1ee5a ng\u01b0\u1eddi ta th\u01b0\u1eddng ngh\u0129 ngay \u0111\u1ebfn l\u00e0ng ngh\u1ec1 \u01af\u1edbc L\u1ec5 \u2013<br \/>\nn\u01a1i n\u1ed5i ti\u1ebfng v\u1edbi ngh\u1ec1 l\u00e0m gi\u00f2 ch\u1ea3 l\u00e2u \u0111\u1eddi.<br \/>\nT\u1ea1i \u0111\u00e2y, ngh\u1ec1 l\u00e0m gi\u00f2 ch\u1ea3 \u0111\u00e3 \u0111\u01b0\u1ee3c truy\u1ec1n l\u1ea1i qua nhi\u1ec1u th\u1ebf h\u1ec7. Nh\u1eefng ng\u01b0\u1eddi th\u1ee3 l\u00e0ng ngh\u1ec1 \u0111\u00e3<br \/>\nt\u00edch l\u0169y kinh nghi\u1ec7m trong vi\u1ec7c:<\/p>\n<ul>\n<li>ch\u1ecdn th\u1ecbt<\/li>\n<li>\u00a0xay gi\u00f2<\/li>\n<li>g\u00f3i gi\u00f2<\/li>\n<li>h\u1ea5p gi\u00f2<\/li>\n<\/ul>\n<p>Nh\u1eefng k\u1ef9 thu\u1eadt n\u00e0y gi\u00fap t\u1ea1o n\u00ean h\u01b0\u01a1ng v\u1ecb \u0111\u1eb7c tr\u01b0ng c\u1ee7a gi\u00f2 l\u1ee5a truy\u1ec1n th\u1ed1ng.<\/p>\n<p>Nguy\u00ean li\u1ec7u l\u00e0m gi\u00f2 l\u1ee5a<br \/>\nM\u1ed9t c\u00e2y gi\u00f2 l\u1ee5a ngon b\u1eaft \u0111\u1ea7u t\u1eeb vi\u1ec7c l\u1ef1a ch\u1ecdn nguy\u00ean li\u1ec7u.<br \/>\nTh\u1ecbt l\u1ee3n t\u01b0\u01a1i<br \/>\nTh\u1ecbt l\u1ee3n \u0111\u01b0\u1ee3c ch\u1ecdn ph\u1ea3i l\u00e0 th\u1ecbt t\u01b0\u01a1i m\u1edbi \u0111\u1ec3 \u0111\u1ea3m b\u1ea3o \u0111\u1ed9 k\u1ebft d\u00ednh khi xay. \u0110\u00e2y l\u00e0 y\u1ebfu t\u1ed1 quan<br \/>\ntr\u1ecdng gi\u00fap gi\u00f2 c\u00f3 \u0111\u1ed9 dai t\u1ef1 nhi\u00ean.<br \/>\nGia v\u1ecb<\/p>\n<p>Gia v\u1ecb d\u00f9ng \u0111\u1ec3 l\u00e0m gi\u00f2 th\u01b0\u1eddng g\u1ed3m:<\/p>\n<ul>\n<li>\u00a0mu\u1ed1i<\/li>\n<li>n\u01b0\u1edbc m\u1eafm<\/li>\n<li>m\u1ed9t s\u1ed1 gia v\u1ecb kh\u00e1c<\/li>\n<\/ul>\n<p>C\u00e1c gia v\u1ecb n\u00e0y \u0111\u01b0\u1ee3c s\u1eed d\u1ee5ng v\u1edbi t\u1ef7 l\u1ec7 ph\u00f9 h\u1ee3p \u0111\u1ec3 gi\u1eef \u0111\u01b0\u1ee3c h\u01b0\u01a1ng v\u1ecb c\u1ee7a th\u1ecbt.<\/p>","protected":false},"excerpt":{"rendered":"<p>Gi\u00f2 l\u1ee5a l\u00e0 g\u00ec? Gi\u00f2 l\u1ee5a l\u00e0 m\u1ed9t trong nh\u1eefng m\u00f3n \u0103n quen thu\u1ed9c nh\u1ea5t trong \u1ea9m th\u1ef1c Vi\u1ec7t Nam, \u0111\u1eb7c bi\u1ec7t ph\u1ed5 bi\u1ebfn t\u1ea1i mi\u1ec1n B\u1eafc. \u0110\u00e2y l\u00e0 lo\u1ea1i gi\u00f2 \u0111\u01b0\u1ee3c l\u00e0m t\u1eeb th\u1ecbt l\u1ee3n xay nhuy\u1ec5n, tr\u1ed9n v\u1edbi gia v\u1ecb truy\u1ec1n th\u1ed1ng r\u1ed3i g\u00f3i b\u1eb1ng l\u00e1 chu\u1ed1i v\u00e0 h\u1ea5p ch\u00edn. \u0110i\u1ec3m \u0111\u1eb7c tr\u01b0ng [&hellip;]<\/p>","protected":false},"featured_media":174,"template":"","meta":[],"product_brand":[],"product_cat":[18],"product_tag":[],"class_list":{"0":"post-82","1":"product","2":"type-product","3":"status-publish","4":"has-post-thumbnail","6":"product_cat-cha","8":"first","9":"instock","10":"featured","11":"shipping-taxable","12":"purchasable","13":"product-type-simple"},"yoast_head":"<!-- This site is optimized with the Yoast SEO Premium plugin v20.9 (Yoast SEO v20.9) - https:\/\/yoast.com\/wordpress\/plugins\/seo\/ -->\n<title>Gi\u00f2 l\u1ee5a truy\u1ec1n th\u1ed1ng H\u00e0 N\u1ed9i - Th\u01a1m ngon, chu\u1ea9n v\u1ecb \u01af\u1edbc L\u1ec5<\/title>\n<meta name=\"description\" content=\"Gi\u00f2 l\u1ee5a truy\u1ec1n th\u1ed1ng H\u00e0 N\u1ed9i \u0111\u01b0\u1ee3c l\u00e0m t\u1eeb th\u1ecbt l\u1ee3n t\u01b0\u01a1i, g\u00f3i l\u00e1 chu\u1ed1i th\u01a1m l\u1eebng, \u0111\u1ed9 dai t\u1ef1 nhi\u00ean. \u0110\u1eb7t mua ngay gi\u00f2 ch\u1ea3 \u0110\u1ee9c B\u00ecnh s\u1ea1ch, ngon, kh\u00f4ng h\u00e0n th\u1ea1ch!\" \/>\n<meta name=\"robots\" content=\"index, follow, max-snippet:-1, max-image-preview:large, max-video-preview:-1\" \/>\n<link rel=\"canonical\" href=\"https:\/\/giochaducbinh.vn\/en\/product\/gio-lua-truyen-thong\/\" \/>\n<meta property=\"og:locale\" content=\"en_US\" \/>\n<meta property=\"og:type\" content=\"article\" \/>\n<meta property=\"og:title\" content=\"Gi\u00f2 l\u1ee5a truy\u1ec1n th\u1ed1ng H\u00e0 N\u1ed9i - Th\u01a1m ngon, chu\u1ea9n v\u1ecb \u01af\u1edbc L\u1ec5\" \/>\n<meta property=\"og:description\" content=\"Gi\u00f2 l\u1ee5a truy\u1ec1n th\u1ed1ng H\u00e0 N\u1ed9i \u0111\u01b0\u1ee3c l\u00e0m t\u1eeb th\u1ecbt l\u1ee3n t\u01b0\u01a1i, g\u00f3i l\u00e1 chu\u1ed1i th\u01a1m l\u1eebng, \u0111\u1ed9 dai t\u1ef1 nhi\u00ean. \u0110\u1eb7t mua ngay gi\u00f2 ch\u1ea3 \u0110\u1ee9c B\u00ecnh s\u1ea1ch, ngon, kh\u00f4ng h\u00e0n th\u1ea1ch!\" \/>\n<meta property=\"og:url\" content=\"https:\/\/giochaducbinh.vn\/en\/product\/gio-lua-truyen-thong\/\" \/>\n<meta property=\"og:site_name\" content=\"Gi\u00f2 Ch\u1ea3 \u0110\u1ee9c B\u00ecnh\" \/>\n<meta property=\"article:modified_time\" content=\"2026-03-28T02:49:48+00:00\" \/>\n<meta property=\"og:image\" content=\"https:\/\/giochaducbinh.vn\/wp-content\/uploads\/2026\/03\/Gio-cha-uoc-le27273-1024x1024.png\" \/>\n\t<meta property=\"og:image:width\" content=\"1024\" \/>\n\t<meta property=\"og:image:height\" content=\"1024\" \/>\n\t<meta property=\"og:image:type\" content=\"image\/png\" \/>\n<meta name=\"twitter:card\" content=\"summary_large_image\" \/>\n<meta name=\"twitter:title\" content=\"Gi\u00f2 l\u1ee5a truy\u1ec1n th\u1ed1ng H\u00e0 N\u1ed9i - Th\u01a1m ngon, chu\u1ea9n v\u1ecb \u01af\u1edbc L\u1ec5\" \/>\n<meta name=\"twitter:description\" content=\"Gi\u00f2 l\u1ee5a truy\u1ec1n th\u1ed1ng H\u00e0 N\u1ed9i \u0111\u01b0\u1ee3c l\u00e0m t\u1eeb th\u1ecbt l\u1ee3n t\u01b0\u01a1i, g\u00f3i l\u00e1 chu\u1ed1i th\u01a1m l\u1eebng, \u0111\u1ed9 dai t\u1ef1 nhi\u00ean. \u0110\u1eb7t mua ngay gi\u00f2 ch\u1ea3 \u0110\u1ee9c B\u00ecnh s\u1ea1ch, ngon, kh\u00f4ng h\u00e0n th\u1ea1ch!\" \/>\n<meta name=\"twitter:label1\" content=\"Est. reading time\" \/>\n\t<meta name=\"twitter:data1\" content=\"2 minutes\" \/>\n<script type=\"application\/ld+json\" class=\"yoast-schema-graph\">{\"@context\":\"https:\/\/schema.org\",\"@graph\":[{\"@type\":\"WebPage\",\"@id\":\"https:\/\/giochaducbinh.vn\/san-pham\/gio-lua-truyen-thong\/\",\"url\":\"https:\/\/giochaducbinh.vn\/san-pham\/gio-lua-truyen-thong\/\",\"name\":\"Gi\u00f2 l\u1ee5a truy\u1ec1n th\u1ed1ng H\u00e0 N\u1ed9i - Th\u01a1m ngon, chu\u1ea9n v\u1ecb \u01af\u1edbc L\u1ec5\",\"isPartOf\":{\"@id\":\"https:\/\/giochaducbinh.vn\/#website\"},\"datePublished\":\"2026-03-19T08:23:17+00:00\",\"dateModified\":\"2026-03-28T02:49:48+00:00\",\"description\":\"Gi\u00f2 l\u1ee5a truy\u1ec1n th\u1ed1ng H\u00e0 N\u1ed9i \u0111\u01b0\u1ee3c l\u00e0m t\u1eeb th\u1ecbt l\u1ee3n t\u01b0\u01a1i, g\u00f3i l\u00e1 chu\u1ed1i th\u01a1m l\u1eebng, \u0111\u1ed9 dai t\u1ef1 nhi\u00ean. \u0110\u1eb7t mua ngay gi\u00f2 ch\u1ea3 \u0110\u1ee9c B\u00ecnh s\u1ea1ch, ngon, kh\u00f4ng h\u00e0n th\u1ea1ch!\",\"breadcrumb\":{\"@id\":\"https:\/\/giochaducbinh.vn\/san-pham\/gio-lua-truyen-thong\/#breadcrumb\"},\"inLanguage\":\"en-US\",\"potentialAction\":[{\"@type\":\"ReadAction\",\"target\":[\"https:\/\/giochaducbinh.vn\/san-pham\/gio-lua-truyen-thong\/\"]}]},{\"@type\":\"BreadcrumbList\",\"@id\":\"https:\/\/giochaducbinh.vn\/san-pham\/gio-lua-truyen-thong\/#breadcrumb\",\"itemListElement\":[{\"@type\":\"ListItem\",\"position\":1,\"name\":\"Home\",\"item\":\"https:\/\/giochaducbinh.vn\/\"},{\"@type\":\"ListItem\",\"position\":2,\"name\":\"S\u1ea3n ph\u1ea9m\",\"item\":\"https:\/\/giochaducbinh.vn\/san-pham\/\"},{\"@type\":\"ListItem\",\"position\":3,\"name\":\"Gi\u00f2 l\u1ee5a truy\u1ec1n th\u1ed1ng\"}]},{\"@type\":\"WebSite\",\"@id\":\"https:\/\/giochaducbinh.vn\/#website\",\"url\":\"https:\/\/giochaducbinh.vn\/\",\"name\":\"Gi\u00f2 Ch\u1ea3 \u0110\u1ee9c B\u00ecnh\",\"description\":\"B\u00ed quy\u1ebft gia truy\u1ec1n, h\u01b0\u01a1ng v\u1ecb \u0111\u1ed9c nh\u1ea5t\",\"potentialAction\":[{\"@type\":\"SearchAction\",\"target\":{\"@type\":\"EntryPoint\",\"urlTemplate\":\"https:\/\/giochaducbinh.vn\/?s={search_term_string}\"},\"query-input\":\"required name=search_term_string\"}],\"inLanguage\":\"en-US\"}]}<\/script>\n<!-- \/ Yoast SEO Premium plugin. -->","yoast_head_json":{"title":"Gi\u00f2 l\u1ee5a truy\u1ec1n th\u1ed1ng H\u00e0 N\u1ed9i - Th\u01a1m ngon, chu\u1ea9n v\u1ecb \u01af\u1edbc L\u1ec5","description":"Gi\u00f2 l\u1ee5a truy\u1ec1n th\u1ed1ng H\u00e0 N\u1ed9i \u0111\u01b0\u1ee3c l\u00e0m t\u1eeb th\u1ecbt l\u1ee3n t\u01b0\u01a1i, g\u00f3i l\u00e1 chu\u1ed1i th\u01a1m l\u1eebng, \u0111\u1ed9 dai t\u1ef1 nhi\u00ean. \u0110\u1eb7t mua ngay gi\u00f2 ch\u1ea3 \u0110\u1ee9c B\u00ecnh s\u1ea1ch, ngon, kh\u00f4ng h\u00e0n th\u1ea1ch!","robots":{"index":"index","follow":"follow","max-snippet":"max-snippet:-1","max-image-preview":"max-image-preview:large","max-video-preview":"max-video-preview:-1"},"canonical":"https:\/\/giochaducbinh.vn\/en\/product\/gio-lua-truyen-thong\/","og_locale":"en_US","og_type":"article","og_title":"Gi\u00f2 l\u1ee5a truy\u1ec1n th\u1ed1ng H\u00e0 N\u1ed9i - Th\u01a1m ngon, chu\u1ea9n v\u1ecb \u01af\u1edbc L\u1ec5","og_description":"Gi\u00f2 l\u1ee5a truy\u1ec1n th\u1ed1ng H\u00e0 N\u1ed9i \u0111\u01b0\u1ee3c l\u00e0m t\u1eeb th\u1ecbt l\u1ee3n t\u01b0\u01a1i, g\u00f3i l\u00e1 chu\u1ed1i th\u01a1m l\u1eebng, \u0111\u1ed9 dai t\u1ef1 nhi\u00ean. \u0110\u1eb7t mua ngay gi\u00f2 ch\u1ea3 \u0110\u1ee9c B\u00ecnh s\u1ea1ch, ngon, kh\u00f4ng h\u00e0n th\u1ea1ch!","og_url":"https:\/\/giochaducbinh.vn\/en\/product\/gio-lua-truyen-thong\/","og_site_name":"Gi\u00f2 Ch\u1ea3 \u0110\u1ee9c B\u00ecnh","article_modified_time":"2026-03-28T02:49:48+00:00","og_image":[{"width":1024,"height":1024,"url":"https:\/\/giochaducbinh.vn\/wp-content\/uploads\/2026\/03\/Gio-cha-uoc-le27273-1024x1024.png","type":"image\/png"}],"twitter_card":"summary_large_image","twitter_title":"Gi\u00f2 l\u1ee5a truy\u1ec1n th\u1ed1ng H\u00e0 N\u1ed9i - Th\u01a1m ngon, chu\u1ea9n v\u1ecb \u01af\u1edbc L\u1ec5","twitter_description":"Gi\u00f2 l\u1ee5a truy\u1ec1n th\u1ed1ng H\u00e0 N\u1ed9i \u0111\u01b0\u1ee3c l\u00e0m t\u1eeb th\u1ecbt l\u1ee3n t\u01b0\u01a1i, g\u00f3i l\u00e1 chu\u1ed1i th\u01a1m l\u1eebng, \u0111\u1ed9 dai t\u1ef1 nhi\u00ean. \u0110\u1eb7t mua ngay gi\u00f2 ch\u1ea3 \u0110\u1ee9c B\u00ecnh s\u1ea1ch, ngon, kh\u00f4ng h\u00e0n th\u1ea1ch!","twitter_misc":{"Est. reading time":"2 minutes"},"schema":{"@context":"https:\/\/schema.org","@graph":[{"@type":"WebPage","@id":"https:\/\/giochaducbinh.vn\/san-pham\/gio-lua-truyen-thong\/","url":"https:\/\/giochaducbinh.vn\/san-pham\/gio-lua-truyen-thong\/","name":"Gi\u00f2 l\u1ee5a truy\u1ec1n th\u1ed1ng H\u00e0 N\u1ed9i - Th\u01a1m ngon, chu\u1ea9n v\u1ecb \u01af\u1edbc L\u1ec5","isPartOf":{"@id":"https:\/\/giochaducbinh.vn\/#website"},"datePublished":"2026-03-19T08:23:17+00:00","dateModified":"2026-03-28T02:49:48+00:00","description":"Gi\u00f2 l\u1ee5a truy\u1ec1n th\u1ed1ng H\u00e0 N\u1ed9i \u0111\u01b0\u1ee3c l\u00e0m t\u1eeb th\u1ecbt l\u1ee3n t\u01b0\u01a1i, g\u00f3i l\u00e1 chu\u1ed1i th\u01a1m l\u1eebng, \u0111\u1ed9 dai t\u1ef1 nhi\u00ean. \u0110\u1eb7t mua ngay gi\u00f2 ch\u1ea3 \u0110\u1ee9c B\u00ecnh s\u1ea1ch, ngon, kh\u00f4ng h\u00e0n th\u1ea1ch!","breadcrumb":{"@id":"https:\/\/giochaducbinh.vn\/san-pham\/gio-lua-truyen-thong\/#breadcrumb"},"inLanguage":"en-US","potentialAction":[{"@type":"ReadAction","target":["https:\/\/giochaducbinh.vn\/san-pham\/gio-lua-truyen-thong\/"]}]},{"@type":"BreadcrumbList","@id":"https:\/\/giochaducbinh.vn\/san-pham\/gio-lua-truyen-thong\/#breadcrumb","itemListElement":[{"@type":"ListItem","position":1,"name":"Home","item":"https:\/\/giochaducbinh.vn\/"},{"@type":"ListItem","position":2,"name":"S\u1ea3n ph\u1ea9m","item":"https:\/\/giochaducbinh.vn\/san-pham\/"},{"@type":"ListItem","position":3,"name":"Gi\u00f2 l\u1ee5a truy\u1ec1n th\u1ed1ng"}]},{"@type":"WebSite","@id":"https:\/\/giochaducbinh.vn\/#website","url":"https:\/\/giochaducbinh.vn\/","name":"Gi\u00f2 Ch\u1ea3 \u0110\u1ee9c B\u00ecnh","description":"B\u00ed quy\u1ebft gia truy\u1ec1n, h\u01b0\u01a1ng v\u1ecb \u0111\u1ed9c nh\u1ea5t","potentialAction":[{"@type":"SearchAction","target":{"@type":"EntryPoint","urlTemplate":"https:\/\/giochaducbinh.vn\/?s={search_term_string}"},"query-input":"required name=search_term_string"}],"inLanguage":"en-US"}]}},"_links":{"self":[{"href":"https:\/\/giochaducbinh.vn\/en\/wp-json\/wp\/v2\/product\/82","targetHints":{"allow":["GET"]}}],"collection":[{"href":"https:\/\/giochaducbinh.vn\/en\/wp-json\/wp\/v2\/product"}],"about":[{"href":"https:\/\/giochaducbinh.vn\/en\/wp-json\/wp\/v2\/types\/product"}],"wp:featuredmedia":[{"embeddable":true,"href":"https:\/\/giochaducbinh.vn\/en\/wp-json\/wp\/v2\/media\/174"}],"wp:attachment":[{"href":"https:\/\/giochaducbinh.vn\/en\/wp-json\/wp\/v2\/media?parent=82"}],"wp:term":[{"taxonomy":"product_brand","embeddable":true,"href":"https:\/\/giochaducbinh.vn\/en\/wp-json\/wp\/v2\/product_brand?post=82"},{"taxonomy":"product_cat","embeddable":true,"href":"https:\/\/giochaducbinh.vn\/en\/wp-json\/wp\/v2\/product_cat?post=82"},{"taxonomy":"product_tag","embeddable":true,"href":"https:\/\/giochaducbinh.vn\/en\/wp-json\/wp\/v2\/product_tag?post=82"}],"curies":[{"name":"wp","href":"https:\/\/api.w.org\/{rel}","templated":true}]}}